{"id":9621,"date":"2023-11-16T14:17:20","date_gmt":"2023-11-16T13:17:20","guid":{"rendered":"http:\/\/klubmamgdynia.pl\/?post_type=product&#038;p=9621"},"modified":"2026-04-16T00:04:23","modified_gmt":"2026-04-15T22:04:23","slug":"collecta-zwierzeta-domowe-byk-watusi-88648","status":"publish","type":"product","link":"http:\/\/klubmamgdynia.pl\/index.php\/produkt\/collecta-zwierzeta-domowe-byk-watusi-88648\/","title":{"rendered":"Collecta Zwierz\u0119ta domowe Byk Watusi (88648)"},"content":{"rendered":"<p>J\u0119zyk angielskiWydawnictwo CollectaRok wydania 2020Oprawa Pude\u0142ko kartonoweFormat 15.0&#215;16.0cmCi\u0119\u017car 0.21 kgTyp publikacji Zabawki<\/p>\n<h2>Collecta Zwierz\u0119ta domowe Byk Watusi (88648) Collecta<\/h2>\n<p>zak\u0142adka do ksi\u0105\u017cki szablon, walentynka kolorowanka, nela imi\u0119, lektura asiunia &#8211; test, podchwytliwe zagadki dla dzieci, warszawa atrakcje dla m\u0142odzie\u017cy, zabawka na roczek, prezenty roczek, zagadki matematyczne, wielkanocne zagadki, ferie zimowe 2022 warszawa, papuga kolorowanka, ma\u0142y ksi\u0105\u017ce test, imi\u0119 pola, zagadki, bardzo trudne zagadki, r\u00f3\u017cne zagadki, karty pracy po ukrai\u0144sku, rodzina sentencja<\/p>\n<p>yyyyy<\/p>\n<p>&nbsp;<\/p>\n","protected":false},"excerpt":{"rendered":"<p>J\u0119zyk angielskiWydawnictwo CollectaRok wydania 2020Oprawa Pude\u0142ko kartonoweFormat 15.0&#215;16.0cmCi\u0119\u017car 0.21 kgTyp publikacji Zabawki Collecta Zwierz\u0119ta domowe Byk Watusi (88648) Collecta zak\u0142adka do ksi\u0105\u017cki szablon, walentynka kolorowanka, nela imi\u0119, lektura asiunia &#8211; test, podchwytliwe zagadki dla dzieci, warszawa atrakcje dla m\u0142odzie\u017cy, zabawka na roczek, prezenty roczek, zagadki matematyczne, wielkanocne zagadki, ferie zimowe 2022 warszawa, papuga kolorowanka, ma\u0142y [&hellip;]<\/p>\n","protected":false},"featured_media":9622,"comment_status":"closed","ping_status":"open","template":"","meta":[],"product_cat":[490,95],"product_tag":[680,763,580,853,749,589],"class_list":["post-9621","product","type-product","status-publish","has-post-thumbnail","hentry","product_cat-collecta","product_cat-figurki-makiety-i-zestawy","product_tag-cytaty-z-malego-ksiecia","product_tag-fabian","product_tag-janusz","product_tag-kolorowanki-do-druku-dla-doroslych","product_tag-najlepsze-zarty-na-prima-aprilis","product_tag-prezent-dla-rocznego-dziecka"],"_links":{"self":[{"href":"http:\/\/klubmamgdynia.pl\/index.php\/wp-json\/wp\/v2\/product\/9621","targetHints":{"allow":["GET"]}}],"collection":[{"href":"http:\/\/klubmamgdynia.pl\/index.php\/wp-json\/wp\/v2\/product"}],"about":[{"href":"http:\/\/klubmamgdynia.pl\/index.php\/wp-json\/wp\/v2\/types\/product"}],"replies":[{"embeddable":true,"href":"http:\/\/klubmamgdynia.pl\/index.php\/wp-json\/wp\/v2\/comments?post=9621"}],"wp:featuredmedia":[{"embeddable":true,"href":"http:\/\/klubmamgdynia.pl\/index.php\/wp-json\/wp\/v2\/media\/9622"}],"wp:attachment":[{"href":"http:\/\/klubmamgdynia.pl\/index.php\/wp-json\/wp\/v2\/media?parent=9621"}],"wp:term":[{"taxonomy":"product_cat","embeddable":true,"href":"http:\/\/klubmamgdynia.pl\/index.php\/wp-json\/wp\/v2\/product_cat?post=9621"},{"taxonomy":"product_tag","embeddable":true,"href":"http:\/\/klubmamgdynia.pl\/index.php\/wp-json\/wp\/v2\/product_tag?post=9621"}],"curies":[{"name":"wp","href":"https:\/\/api.w.org\/{rel}","templated":true}]}}