{"id":9623,"date":"2022-12-11T20:16:15","date_gmt":"2022-12-11T19:16:15","guid":{"rendered":"http:\/\/klubmamgdynia.pl\/?post_type=product&#038;p=9623"},"modified":"2026-04-24T13:18:00","modified_gmt":"2026-04-24T11:18:00","slug":"playmobil-9081-city-life-bankomat","status":"publish","type":"product","link":"http:\/\/klubmamgdynia.pl\/index.php\/produkt\/playmobil-9081-city-life-bankomat\/","title":{"rendered":"Playmobil 9081 City Life Bankomat"},"content":{"rendered":"<p>Bankomat 9081. W miniaturowym \u015bwiecie Playmobil powsta\u0142o wspania\u0142e miejsce handlowe. Skierowana g\u0142\u00f3wnie do dziewczynek seria, pozwala na wspania\u0142\u0105 zabaw\u0119 w sklep, zakupowe szale\u0144stwo, a tak\u017ce przebieranie figurek Playmobil! Bankomat to niezb\u0119dny punkt w pasa\u017cu handlowym. Zestaw stanowi doskona\u0142e uzupe\u0142nienie serii.Cechy i zawarto\u015b\u0107 zestawu:bankomatplastikowe banknotykarta, kt\u00f3ra po w\u0142o\u017ceniu do bankomatu aktywuje funkcj\u0119 wyp\u0142aty2 figurki Playmobil, z mo\u017cliwo\u015bci\u0105 przebieraniatorebkaklucz do otwierania bankomatu i wype\u0142niania pieni\u0119dzmipiesek na smyczyParametryPrzedzia\u0142 wiekowyOd 5 do 12 latDziewczynkaTakCh\u0142opiecTakWymiary opakowania14 x 14 x 4 cmWaga (kg)0.1Playmobil to bogata paleta zestaw\u00f3w, nawi\u0105zuj\u0105cych w swej tematyce do otaczaj\u0105cej dzieci rzeczywisto\u015bci, a tak\u017ce do historii znanych z bajek i \u015bwiata fantazji. Serie Playmobil pozwalaj\u0105 dzieciom stworzy\u0107 w\u0142asne, miniaturowe &#8222;kr\u00f3lestwo&#8221;, odgrywa\u0107 scenki i wchodzi\u0107 w role poszczeg\u00f3lnych postaci. Te cechy zabawek Playmobil sprawiaj\u0105, \u017ce wp\u0142ywaj\u0105 one na rozw\u00f3j kreatywno\u015bci, fantazji i wra\u017cliwo\u015bci u dzieci, a tak\u017ce zach\u0119caj\u0105 do poznawania \u015bwiata. R\u00f3\u017cnorodna tematyka: zoo, lecznica, farma, stadnina, wakacje, szko\u0142a, las, Afryka, piraci &#8211; sprawia, \u017ce ka\u017cde dziecko znajdzie tu co\u015b dla siebie. Najwy\u017csza jako\u015b\u0107 produkt\u00f3w, zaawansowana technologia i linia produkcyjna wy\u0142\u0105cznie na terenie Europy, a tak\u017ce pi\u0119kna, \u017cywa kolorystyka to kolejne, istotne cechy zabawek Playmobil, dzi\u0119ki kt\u00f3rym zyska\u0142y one zaufanie rodzic\u00f3w na ca\u0142ym \u015bwiecie, a dzieciom dostarczaj\u0105 wiele godzin fantastycznej zabawy.<\/p>\n<h2>Playmobil 9081 City Life Bankomat Playmobil<\/h2>\n<p>samolot kolorowanka, super zings do druku, sa\u0142atki dla dzieci, quiz o miko\u0142ajku, karty pracy dla dzieci z ukrainy, kolorowanki do druku zwierz\u0119ta, kundel bury tekst, bursztynek<\/p>\n<p>yyyyy<\/p>\n<p>&nbsp;<\/p>\n","protected":false},"excerpt":{"rendered":"<p>Bankomat 9081. W miniaturowym \u015bwiecie Playmobil powsta\u0142o wspania\u0142e miejsce handlowe. Skierowana g\u0142\u00f3wnie do dziewczynek seria, pozwala na wspania\u0142\u0105 zabaw\u0119 w sklep, zakupowe szale\u0144stwo, a tak\u017ce przebieranie figurek Playmobil! Bankomat to niezb\u0119dny punkt w pasa\u017cu handlowym. Zestaw stanowi doskona\u0142e uzupe\u0142nienie serii.Cechy i zawarto\u015b\u0107 zestawu:bankomatplastikowe banknotykarta, kt\u00f3ra po w\u0142o\u017ceniu do bankomatu aktywuje funkcj\u0119 wyp\u0142aty2 figurki Playmobil, z [&hellip;]<\/p>\n","protected":false},"featured_media":9624,"comment_status":"closed","ping_status":"open","template":"","meta":[],"product_cat":[113,466],"product_tag":[871,660,789,652,607],"class_list":["post-9623","product","type-product","status-publish","has-post-thumbnail","hentry","product_cat-klocki","product_cat-playmobil","product_tag-bajka-o-smoku-wawelskim","product_tag-bianka","product_tag-kaczuszka","product_tag-otto","product_tag-zarty-na-prima-aprilis-dla-rodzicow"],"_links":{"self":[{"href":"http:\/\/klubmamgdynia.pl\/index.php\/wp-json\/wp\/v2\/product\/9623","targetHints":{"allow":["GET"]}}],"collection":[{"href":"http:\/\/klubmamgdynia.pl\/index.php\/wp-json\/wp\/v2\/product"}],"about":[{"href":"http:\/\/klubmamgdynia.pl\/index.php\/wp-json\/wp\/v2\/types\/product"}],"replies":[{"embeddable":true,"href":"http:\/\/klubmamgdynia.pl\/index.php\/wp-json\/wp\/v2\/comments?post=9623"}],"wp:featuredmedia":[{"embeddable":true,"href":"http:\/\/klubmamgdynia.pl\/index.php\/wp-json\/wp\/v2\/media\/9624"}],"wp:attachment":[{"href":"http:\/\/klubmamgdynia.pl\/index.php\/wp-json\/wp\/v2\/media?parent=9623"}],"wp:term":[{"taxonomy":"product_cat","embeddable":true,"href":"http:\/\/klubmamgdynia.pl\/index.php\/wp-json\/wp\/v2\/product_cat?post=9623"},{"taxonomy":"product_tag","embeddable":true,"href":"http:\/\/klubmamgdynia.pl\/index.php\/wp-json\/wp\/v2\/product_tag?post=9623"}],"curies":[{"name":"wp","href":"https:\/\/api.w.org\/{rel}","templated":true}]}}