{"id":9627,"date":"2021-08-19T09:43:20","date_gmt":"2021-08-19T07:43:20","guid":{"rendered":"http:\/\/klubmamgdynia.pl\/index.php\/produkt\/collecta-zwierzeta-domowe-kozlatko-stojace-88786\/"},"modified":"2026-05-17T22:14:27","modified_gmt":"2026-05-17T20:14:27","slug":"collecta-zwierzeta-domowe-kozlatko-stojace-88786","status":"publish","type":"product","link":"http:\/\/klubmamgdynia.pl\/index.php\/produkt\/collecta-zwierzeta-domowe-kozlatko-stojace-88786\/","title":{"rendered":"Collecta Zwierz\u0119ta domowe Ko\u017al\u0105tko Stoj\u0105ce (88786)"},"content":{"rendered":"<p>KO\u0179L\u0104TKO STOJ\u0104CE to figurka kolekcjonerska firmy Collecta. Produkty tej firmy cechuje wysoka jako\u015b\u0107 wykonania oraz wiernie oddany kszta\u0142t oraz kolor zwierz\u0119cia. Ca\u0142a kolekcja obejmuje przesz\u0142o 553 gatunk\u00f3w, podzielonych na 9 kategorii i 4 grupy cenowe: S-small; M-medium; L-large; XL- X large; oraz figurki deluxe i akcesoria.<\/p>\n<h2>Collecta Zwierz\u0119ta domowe Ko\u017al\u0105tko Stoj\u0105ce (88786) Collecta<\/h2>\n<p>daria imie, \u0142amig\u0142\u00f3wki s\u0142owne, upominek dla nastolatk\u00f3w, prezent na 1 urodziny, na wyspach bergamutach, test z tajemniczego ogrodu, \u0142atwe zagadki<\/p>\n<p>yyyyy<\/p>\n<p>&nbsp;<\/p>\n","protected":false},"excerpt":{"rendered":"<p>KO\u0179L\u0104TKO STOJ\u0104CE to figurka kolekcjonerska firmy Collecta. Produkty tej firmy cechuje wysoka jako\u015b\u0107 wykonania oraz wiernie oddany kszta\u0142t oraz kolor zwierz\u0119cia. Ca\u0142a kolekcja obejmuje przesz\u0142o 553 gatunk\u00f3w, podzielonych na 9 kategorii i 4 grupy cenowe: S-small; M-medium; L-large; XL- X large; oraz figurki deluxe i akcesoria. Collecta Zwierz\u0119ta domowe Ko\u017al\u0105tko Stoj\u0105ce (88786) Collecta daria imie, [&hellip;]<\/p>\n","protected":false},"featured_media":9628,"comment_status":"closed","ping_status":"open","template":"","meta":[],"product_cat":[490,95],"product_tag":[836,654,815,774,615],"class_list":["post-9627","product","type-product","status-publish","has-post-thumbnail","hentry","product_cat-collecta","product_cat-figurki-makiety-i-zestawy","product_tag-co-kupic-dziecku-na-roczek","product_tag-krotkie-bajki-dla-dzieci-do-czytania","product_tag-ozdoby-choinkowe-dla-dzieci","product_tag-prezent-na-roczek-nie-zabawka","product_tag-znane-misie-z-filmow-animowanych"],"_links":{"self":[{"href":"http:\/\/klubmamgdynia.pl\/index.php\/wp-json\/wp\/v2\/product\/9627","targetHints":{"allow":["GET"]}}],"collection":[{"href":"http:\/\/klubmamgdynia.pl\/index.php\/wp-json\/wp\/v2\/product"}],"about":[{"href":"http:\/\/klubmamgdynia.pl\/index.php\/wp-json\/wp\/v2\/types\/product"}],"replies":[{"embeddable":true,"href":"http:\/\/klubmamgdynia.pl\/index.php\/wp-json\/wp\/v2\/comments?post=9627"}],"wp:featuredmedia":[{"embeddable":true,"href":"http:\/\/klubmamgdynia.pl\/index.php\/wp-json\/wp\/v2\/media\/9628"}],"wp:attachment":[{"href":"http:\/\/klubmamgdynia.pl\/index.php\/wp-json\/wp\/v2\/media?parent=9627"}],"wp:term":[{"taxonomy":"product_cat","embeddable":true,"href":"http:\/\/klubmamgdynia.pl\/index.php\/wp-json\/wp\/v2\/product_cat?post=9627"},{"taxonomy":"product_tag","embeddable":true,"href":"http:\/\/klubmamgdynia.pl\/index.php\/wp-json\/wp\/v2\/product_tag?post=9627"}],"curies":[{"name":"wp","href":"https:\/\/api.w.org\/{rel}","templated":true}]}}