{"id":9629,"date":"2012-05-11T03:05:37","date_gmt":"2012-05-11T01:05:37","guid":{"rendered":"http:\/\/klubmamgdynia.pl\/index.php\/produkt\/hipp-mleko-nastepne-2-bio-combiotik-2x550g\/"},"modified":"2026-04-06T19:28:52","modified_gmt":"2026-04-06T17:28:52","slug":"hipp-mleko-nastepne-2-bio-combiotik-2x550g","status":"publish","type":"product","link":"http:\/\/klubmamgdynia.pl\/index.php\/produkt\/hipp-mleko-nastepne-2-bio-combiotik-2x550g\/","title":{"rendered":"Hipp Mleko Nast\u0119pne 2 Bio Combiotik 2X550G"},"content":{"rendered":"<p>Mleko HiPP 2 COMBIOTIK 2x 550 g Nowa receptura Inspirowane natur\u0105 HiPP 2 BIO Combiotik z unikalnym po\u0142\u0105czeniem \u2013 Praebiotik \u2013 Probiotik Naturalne kultury bakterii kwasu mlekowego \u2013 pierwotnie pochodz\u0105ce z kobiecego mleka. Mleko mamy zawiera naturalne kultury bakterii \u2013 ich rodzaj jest indywidualn\u0105 cech\u0105 ka\u017cdej kobiety. \u2013 Wy\u0142\u0105cznie laktoza witaminy A, C i D \u2013 wspieraj\u0105 uk\u0142ad odporno\u015bciowy omega-3 (DHA, ALA)** \u2013 dla rozwoju wzroku, m\u00f3zgu i kom\u00f3rek nerwowych niezb\u0119dne \u017celazo \u2013 \u017celazo jest wa\u017cne dla rozwoju intelektualnego **Kwas alfa-linolenowy (ALA) z grupy Omega-3 jest wa\u017cny dla rozwoju m\u00f3zgu i kom\u00f3rek nerwowych. **Kwas dokozaheksaenowy (DHA) z grupy Omega-3 jest wa\u017cny dla prawid\u0142owego rozwoju wzroku niemowl\u0105t. Korzystne dzia\u0142anie wyst\u0119puje w przypadku spo\u017cywania 100 mg DHA dziennie. Mleko HiPP 2 BIO Combiotik, zgodnie z przepisami prawa reguluj\u0105cymi sk\u0142ad mleka dla niemowl\u0105t, zawiera witaminy A, C i D, \u017celazo oraz kwas dokozaheksaenowy (DHA) i kwas alfa-linolenowy (ALA). Gdy przejdziesz na mleko HiPP 2 BIO Combiotik z innego mleka pocz\u0105tkowego lub nast\u0119pnego, stolce Twojego dziecka mog\u0105 sta\u0107 si\u0119 lu\u017aniejsze (podobne do stolc\u00f3w niemowl\u0105t karmionych piersi\u0105) \u2013 wynika to z zawarto\u015bci galaktooligosacharyd\u00f3w (GOS). Zastosowanie Mleko nast\u0119pne HiPP 2 BIO Combiotik jest dopasowane do szczeg\u00f3lnych potrzeb \u017cywieniowych niemowl\u0105t po 6. miesi\u0105cu \u017cycia, kt\u00f3re z r\u00f3\u017cnych powod\u00f3w nie mog\u0105 by\u0107 karmione piersi\u0105. Mleko HiPP 2 BIO Combiotik jest odpowiednie po zako\u0144czeniu karmienia piersi\u0105 lub ka\u017cdym mlekiem pocz\u0105tkowym. Produkcja ekologiczna i najwy\u017csza jako\u015b\u0107 HiPP Przy wyborze naszych surowc\u00f3w wykraczamy ponad wymagania prawne okre\u015blone dla mleka dla niemowl\u0105t. Z pe\u0142nym przekonaniem korzystamy z rygorystycznie kontrolowanych sk\u0142adnik\u00f3w pochodz\u0105cych z rolnictwa ekologicznego. Dzi\u0119ki szczeg\u00f3\u0142owym kontrolom jako\u015bci na ka\u017cdym etapie powstawania mleka \u2013 pocz\u0105wszy od surowc\u00f3w a\u017c do produktu ko\u0144cowego \u2013 gwarantujemy Tobie i Twojemu dziecku najwy\u017cszy mo\u017cliwy poziom bezpiecze\u0144stwa. Produkt z certyfikatem ekologicznym \u2013 zgodnie z prawem UE. Znak HiPP BIO to gwarancja ponad 260 kontroli ka\u017cdego produktu oraz 60 lat do\u015bwiadczenia w rolnictwie ekologicznym. O marce HiPP Nr 1 na \u015bwiecie w kategorii Ekologiczna \u017cywno\u015b\u0107 dla dzieci HiPP BIO na pierwsz\u0105 \u0142y\u017ceczk\u0119 Rozszerzanie diety zacznij od ekologicznych warzyw i owoc\u00f3w HiPP BIO<\/p>\n<h2>Hipp Mleko Nast\u0119pne 2 Bio Combiotik 2X550G Hipp<\/h2>\n<p>kolorowanki \u015bwi\u0105teczne do wydruku, kolorowanka elsa, prezent na roczek od babci, prezent dla nastoletniego ch\u0142opca, kolorowanki dla ch\u0142opc\u00f3w do druku, literki do nauki pisania do druku, kolorowanki konie do druku, znaczenie imiona alan, test z lektury magiczne drzewo czerwone krzes\u0142o, karty pracy obrazki do wyklejania plastelin\u0105, transformers kolorowanka, quiz konie, pytania zagadki, kolorowanki konie do druku, zadania logiczne dla dzieci, zabawy ruchowe dla dzieci, dobre zagadki logiczne, lol surprise kolorowanka, kolorowanki konie z je\u017ad\u017acem<\/p>\n<p>yyyyy<\/p>\n<p>&nbsp;<\/p>\n","protected":false},"excerpt":{"rendered":"<p>Mleko HiPP 2 COMBIOTIK 2x 550 g Nowa receptura Inspirowane natur\u0105 HiPP 2 BIO Combiotik z unikalnym po\u0142\u0105czeniem \u2013 Praebiotik \u2013 Probiotik Naturalne kultury bakterii kwasu mlekowego \u2013 pierwotnie pochodz\u0105ce z kobiecego mleka. Mleko mamy zawiera naturalne kultury bakterii \u2013 ich rodzaj jest indywidualn\u0105 cech\u0105 ka\u017cdej kobiety. \u2013 Wy\u0142\u0105cznie laktoza witaminy A, C i D [&hellip;]<\/p>\n","protected":false},"featured_media":9630,"comment_status":"closed","ping_status":"open","template":"","meta":[],"product_cat":[66,19],"product_tag":[838,745,756],"class_list":["post-9629","product","type-product","status-publish","has-post-thumbnail","hentry","product_cat-hipp","product_cat-mleka-nastepne","product_tag-bajki-dla-dzieci-na-dobranoc","product_tag-prezent-dla-15-latki","product_tag-zaproszenie-na-urodziny-do-druku"],"_links":{"self":[{"href":"http:\/\/klubmamgdynia.pl\/index.php\/wp-json\/wp\/v2\/product\/9629","targetHints":{"allow":["GET"]}}],"collection":[{"href":"http:\/\/klubmamgdynia.pl\/index.php\/wp-json\/wp\/v2\/product"}],"about":[{"href":"http:\/\/klubmamgdynia.pl\/index.php\/wp-json\/wp\/v2\/types\/product"}],"replies":[{"embeddable":true,"href":"http:\/\/klubmamgdynia.pl\/index.php\/wp-json\/wp\/v2\/comments?post=9629"}],"wp:featuredmedia":[{"embeddable":true,"href":"http:\/\/klubmamgdynia.pl\/index.php\/wp-json\/wp\/v2\/media\/9630"}],"wp:attachment":[{"href":"http:\/\/klubmamgdynia.pl\/index.php\/wp-json\/wp\/v2\/media?parent=9629"}],"wp:term":[{"taxonomy":"product_cat","embeddable":true,"href":"http:\/\/klubmamgdynia.pl\/index.php\/wp-json\/wp\/v2\/product_cat?post=9629"},{"taxonomy":"product_tag","embeddable":true,"href":"http:\/\/klubmamgdynia.pl\/index.php\/wp-json\/wp\/v2\/product_tag?post=9629"}],"curies":[{"name":"wp","href":"https:\/\/api.w.org\/{rel}","templated":true}]}}