{"id":9633,"date":"2017-08-29T18:00:59","date_gmt":"2017-08-29T16:00:59","guid":{"rendered":"http:\/\/klubmamgdynia.pl\/index.php\/produkt\/piko-g-lokomotywa-parowa-37212\/"},"modified":"2026-04-06T04:55:01","modified_gmt":"2026-04-06T02:55:01","slug":"piko-g-lokomotywa-parowa-37212","status":"publish","type":"product","link":"http:\/\/klubmamgdynia.pl\/index.php\/produkt\/piko-g-lokomotywa-parowa-37212\/","title":{"rendered":"Piko G Lokomotywa Parowa 37212"},"content":{"rendered":"<p>G Lokomotywa parowa BR 64 \u00d6BBWariant nadruku BR 64 w dekorze \u00d6BB w Erze III.Uwaga! Opis tego produktu zosta\u0142 przet\u0142umaczony automatycznie. Je\u015bli mo\u017cemy poprawi\u0107 go dzi\u0119ki Tobie, prosimy o kontakt.Wyposa\u017cenie: Dopasowany do cyfrowego dekodera i Sound \u00b7 7-biegunowy silnik B\u00fchlera \u00b7 Nap\u0119d na 3 osie nap\u0119dowe \u00b7 Generator pary \u00b7 Zmiana \u015bwiat\u0142a.Dane techniczne: Klasa wiekowa: Od 15 lat \u00b7 Rodzaj modelu kolejowego: Lokomotywa parowa \u00b7 Rozstaw osi: 479 mm \u00b7 Skala modelarska: G \u00b7 System zasilania: Interfejs Analog DC<\/p>\n<h2>Piko G Lokomotywa Parowa 37212 <\/h2>\n<p>kolorowanka ksi\u0119\u017cniczka, iwo imie, lol surprise kolorowanka, fajne zagadki, my little pony kolorowanki, fajne rzeczy dla nastolatk\u00f3w, zabawy miko\u0142ajkowe dla dzieci, zagadki s\u0142owne, wzruszajace cytaty o rodzinie, stare piosenki, niespotykane imiona \u017ce\u0144skie, prezent dla 7 latka ch\u0142opca, sentencje o dzieciach, quiz bo\u017ce narodzenie, zagadki logiczne dla dzieci, szkic jak narysowa\u0107 kota, test szatan z si\u00f3dmej klasy, narodziny dziecka cytat, kolorowanka \u015bwinka peppa, piosenka dla taty przedszkole, everest psi patrol<\/p>\n<p>yyyyy<\/p>\n<p>&nbsp;<\/p>\n","protected":false},"excerpt":{"rendered":"<p>G Lokomotywa parowa BR 64 \u00d6BBWariant nadruku BR 64 w dekorze \u00d6BB w Erze III.Uwaga! Opis tego produktu zosta\u0142 przet\u0142umaczony automatycznie. Je\u015bli mo\u017cemy poprawi\u0107 go dzi\u0119ki Tobie, prosimy o kontakt.Wyposa\u017cenie: Dopasowany do cyfrowego dekodera i Sound \u00b7 7-biegunowy silnik B\u00fchlera \u00b7 Nap\u0119d na 3 osie nap\u0119dowe \u00b7 Generator pary \u00b7 Zmiana \u015bwiat\u0142a.Dane techniczne: Klasa wiekowa: [&hellip;]<\/p>\n","protected":false},"featured_media":9634,"comment_status":"closed","ping_status":"open","template":"","meta":[],"product_cat":[1813],"product_tag":[848,750,580,677,661],"class_list":["post-9633","product","type-product","status-publish","has-post-thumbnail","hentry","product_cat-kolejki-i-zestawy","product_tag-cytat-o-rodzinie","product_tag-imie-kostek","product_tag-janusz","product_tag-milosz-imie","product_tag-swinka-peppa-kolorowanka"],"_links":{"self":[{"href":"http:\/\/klubmamgdynia.pl\/index.php\/wp-json\/wp\/v2\/product\/9633","targetHints":{"allow":["GET"]}}],"collection":[{"href":"http:\/\/klubmamgdynia.pl\/index.php\/wp-json\/wp\/v2\/product"}],"about":[{"href":"http:\/\/klubmamgdynia.pl\/index.php\/wp-json\/wp\/v2\/types\/product"}],"replies":[{"embeddable":true,"href":"http:\/\/klubmamgdynia.pl\/index.php\/wp-json\/wp\/v2\/comments?post=9633"}],"wp:featuredmedia":[{"embeddable":true,"href":"http:\/\/klubmamgdynia.pl\/index.php\/wp-json\/wp\/v2\/media\/9634"}],"wp:attachment":[{"href":"http:\/\/klubmamgdynia.pl\/index.php\/wp-json\/wp\/v2\/media?parent=9633"}],"wp:term":[{"taxonomy":"product_cat","embeddable":true,"href":"http:\/\/klubmamgdynia.pl\/index.php\/wp-json\/wp\/v2\/product_cat?post=9633"},{"taxonomy":"product_tag","embeddable":true,"href":"http:\/\/klubmamgdynia.pl\/index.php\/wp-json\/wp\/v2\/product_tag?post=9633"}],"curies":[{"name":"wp","href":"https:\/\/api.w.org\/{rel}","templated":true}]}}