{"id":9635,"date":"2022-08-16T14:45:26","date_gmt":"2022-08-16T12:45:26","guid":{"rendered":"http:\/\/klubmamgdynia.pl\/index.php\/produkt\/pampers-sensitive-chusteczki-nawilzane-4x80szt\/"},"modified":"2026-04-06T20:59:22","modified_gmt":"2026-04-06T18:59:22","slug":"pampers-sensitive-chusteczki-nawilzane-4x80szt","status":"publish","type":"product","link":"http:\/\/klubmamgdynia.pl\/index.php\/produkt\/pampers-sensitive-chusteczki-nawilzane-4x80szt\/","title":{"rendered":"Pampers Sensitive Chusteczki nawil\u017cane 4X80Szt."},"content":{"rendered":"<h2>Pampers Sensitive Chusteczki nawil\u017cane 4X80Szt. Pampers<\/h2>\n<p>wr\u00f3\u017cby andrzejkowe online dla dzieci, bajka krecik, co mo\u017cna zrobi\u0107 z rolki papieru, afryka\u0144skie imiona, my jeste\u015bmy krasnoludki tekst, wydarzenia warszawa dzisiaj, wierszyki na smigus dyngus<\/p>\n<p>yyyyy<\/p>\n<p>&nbsp;<\/p>\n","protected":false},"excerpt":{"rendered":"<p>Pampers Sensitive Chusteczki nawil\u017cane 4X80Szt. Pampers wr\u00f3\u017cby andrzejkowe online dla dzieci, bajka krecik, co mo\u017cna zrobi\u0107 z rolki papieru, afryka\u0144skie imiona, my jeste\u015bmy krasnoludki tekst, wydarzenia warszawa dzisiaj, wierszyki na smigus dyngus yyyyy &nbsp;<\/p>\n","protected":false},"featured_media":9636,"comment_status":"closed","ping_status":"open","template":"","meta":[],"product_cat":[474,185],"product_tag":[578,818,737,672],"class_list":["post-9635","product","type-product","status-publish","has-post-thumbnail","hentry","product_cat-kosmetyki-dla-dzieci-i-niemowlat","product_cat-pampers","product_tag-fajne-zarty-na-prima-aprilis","product_tag-oliwier","product_tag-test-z-lektury-felix-net-i-nika-oraz-gang-niewidzialnych-ludzi","product_tag-trudne-zagadki-z-odpowiedziami"],"_links":{"self":[{"href":"http:\/\/klubmamgdynia.pl\/index.php\/wp-json\/wp\/v2\/product\/9635","targetHints":{"allow":["GET"]}}],"collection":[{"href":"http:\/\/klubmamgdynia.pl\/index.php\/wp-json\/wp\/v2\/product"}],"about":[{"href":"http:\/\/klubmamgdynia.pl\/index.php\/wp-json\/wp\/v2\/types\/product"}],"replies":[{"embeddable":true,"href":"http:\/\/klubmamgdynia.pl\/index.php\/wp-json\/wp\/v2\/comments?post=9635"}],"wp:featuredmedia":[{"embeddable":true,"href":"http:\/\/klubmamgdynia.pl\/index.php\/wp-json\/wp\/v2\/media\/9636"}],"wp:attachment":[{"href":"http:\/\/klubmamgdynia.pl\/index.php\/wp-json\/wp\/v2\/media?parent=9635"}],"wp:term":[{"taxonomy":"product_cat","embeddable":true,"href":"http:\/\/klubmamgdynia.pl\/index.php\/wp-json\/wp\/v2\/product_cat?post=9635"},{"taxonomy":"product_tag","embeddable":true,"href":"http:\/\/klubmamgdynia.pl\/index.php\/wp-json\/wp\/v2\/product_tag?post=9635"}],"curies":[{"name":"wp","href":"https:\/\/api.w.org\/{rel}","templated":true}]}}