{"id":9637,"date":"2019-04-06T14:35:17","date_gmt":"2019-04-06T12:35:17","guid":{"rendered":"http:\/\/klubmamgdynia.pl\/index.php\/produkt\/vulli-klorofil-rodzina-misiow-panda-700304f\/"},"modified":"2026-04-29T16:10:44","modified_gmt":"2026-04-29T14:10:44","slug":"vulli-klorofil-rodzina-misiow-panda-700304f","status":"publish","type":"product","link":"http:\/\/klubmamgdynia.pl\/index.php\/produkt\/vulli-klorofil-rodzina-misiow-panda-700304f\/","title":{"rendered":"Vulli Klorofil Rodzina Misi\u00f3w Panda 700304F"},"content":{"rendered":"<p>Ka\u017cdego ranka s\u0142o\u0144ce wstaje w magicznym \u015bwiecie Klorofilu, w kt\u00f3rym urocze misie Panda \u017cyj\u0105 w harmonii z natur\u0105, maj\u0105c wiele przyg\u00f3d. Tata Bao uwielbia \u0142owi\u0107 ryby, mama Jian to koneser miodku, c\u00f3reczka Tam najbardziej lubi zakupy, a jej ma\u0142a siostra Poppy zawsze znajdzie co\u015b w lesie do zabawy.<\/p>\n<h2>Vulli Klorofil Rodzina Misi\u00f3w Panda 700304F Vulli<\/h2>\n<p>najpi\u0119kniejsze cytaty o przyja\u017ani, dymitr, zagadki wiosna, tupcio chrupcio bajka do czytania, karaluchy pod poduchy a szczypawki, tajemniczy ogr\u00f3d test z odpowiedziami, kolorowanka ninjago, kolorowanka peppa, ko\u0142ysanki dla dzieci + tekst, zagadki dla dzieci z odpowiedziami, ciekawe zagadki i odpowiedzi<\/p>\n<p>yyyyy<\/p>\n<p>&nbsp;<\/p>\n","protected":false},"excerpt":{"rendered":"<p>Ka\u017cdego ranka s\u0142o\u0144ce wstaje w magicznym \u015bwiecie Klorofilu, w kt\u00f3rym urocze misie Panda \u017cyj\u0105 w harmonii z natur\u0105, maj\u0105c wiele przyg\u00f3d. Tata Bao uwielbia \u0142owi\u0107 ryby, mama Jian to koneser miodku, c\u00f3reczka Tam najbardziej lubi zakupy, a jej ma\u0142a siostra Poppy zawsze znajdzie co\u015b w lesie do zabawy. Vulli Klorofil Rodzina Misi\u00f3w Panda 700304F Vulli [&hellip;]<\/p>\n","protected":false},"featured_media":9638,"comment_status":"closed","ping_status":"open","template":"","meta":[],"product_cat":[95,1489],"product_tag":[668,829,780,737,799,577],"class_list":["post-9637","product","type-product","status-publish","has-post-thumbnail","hentry","product_cat-figurki-makiety-i-zestawy","product_cat-vulli","product_tag-atrakcje-dla-dzieci-wroclaw","product_tag-bajki-do-czytania-na-dobranoc","product_tag-krecik-bajka","product_tag-test-z-lektury-felix-net-i-nika-oraz-gang-niewidzialnych-ludzi","product_tag-zagadka-logiczna","product_tag-znaki-drogowe-test"],"_links":{"self":[{"href":"http:\/\/klubmamgdynia.pl\/index.php\/wp-json\/wp\/v2\/product\/9637","targetHints":{"allow":["GET"]}}],"collection":[{"href":"http:\/\/klubmamgdynia.pl\/index.php\/wp-json\/wp\/v2\/product"}],"about":[{"href":"http:\/\/klubmamgdynia.pl\/index.php\/wp-json\/wp\/v2\/types\/product"}],"replies":[{"embeddable":true,"href":"http:\/\/klubmamgdynia.pl\/index.php\/wp-json\/wp\/v2\/comments?post=9637"}],"wp:featuredmedia":[{"embeddable":true,"href":"http:\/\/klubmamgdynia.pl\/index.php\/wp-json\/wp\/v2\/media\/9638"}],"wp:attachment":[{"href":"http:\/\/klubmamgdynia.pl\/index.php\/wp-json\/wp\/v2\/media?parent=9637"}],"wp:term":[{"taxonomy":"product_cat","embeddable":true,"href":"http:\/\/klubmamgdynia.pl\/index.php\/wp-json\/wp\/v2\/product_cat?post=9637"},{"taxonomy":"product_tag","embeddable":true,"href":"http:\/\/klubmamgdynia.pl\/index.php\/wp-json\/wp\/v2\/product_tag?post=9637"}],"curies":[{"name":"wp","href":"https:\/\/api.w.org\/{rel}","templated":true}]}}