{"id":9639,"date":"2012-06-09T15:58:23","date_gmt":"2012-06-09T13:58:23","guid":{"rendered":"http:\/\/klubmamgdynia.pl\/index.php\/produkt\/winning-moves-puzzle-naruto-shippuden-500el\/"},"modified":"2026-04-26T19:12:40","modified_gmt":"2026-04-26T17:12:40","slug":"winning-moves-puzzle-naruto-shippuden-500el","status":"publish","type":"product","link":"http:\/\/klubmamgdynia.pl\/index.php\/produkt\/winning-moves-puzzle-naruto-shippuden-500el\/","title":{"rendered":"Winning Moves Puzzle Naruto Shippuden 500El."},"content":{"rendered":"<p>&#8211; najszybsza wysy\u0142ka!<\/p>\n<h2>Winning Moves Puzzle Naruto Shippuden 500El. Winning Moves<\/h2>\n<p>kotek kolorowanka, opowiadanie o miko\u0142aju dla przedszkolak\u00f3w, zagadki dla dzieci do druku, test z lektury asiunia, imie nadia, zagadki na logike<\/p>\n<p>yyyyy<\/p>\n<p>&nbsp;<\/p>\n","protected":false},"excerpt":{"rendered":"<p>&#8211; najszybsza wysy\u0142ka! Winning Moves Puzzle Naruto Shippuden 500El. Winning Moves kotek kolorowanka, opowiadanie o miko\u0142aju dla przedszkolak\u00f3w, zagadki dla dzieci do druku, test z lektury asiunia, imie nadia, zagadki na logike yyyyy &nbsp;<\/p>\n","protected":false},"featured_media":9640,"comment_status":"closed","ping_status":"open","template":"","meta":[],"product_cat":[90,226],"product_tag":[854,646,835,738],"class_list":["post-9639","product","type-product","status-publish","has-post-thumbnail","hentry","product_cat-puzzle","product_cat-winning-moves","product_tag-cytaty-rodzina","product_tag-prezent-na-pierwsze-urodziny","product_tag-radosc-dziecka-cytaty","product_tag-wroclaw-dla-dzieci"],"_links":{"self":[{"href":"http:\/\/klubmamgdynia.pl\/index.php\/wp-json\/wp\/v2\/product\/9639","targetHints":{"allow":["GET"]}}],"collection":[{"href":"http:\/\/klubmamgdynia.pl\/index.php\/wp-json\/wp\/v2\/product"}],"about":[{"href":"http:\/\/klubmamgdynia.pl\/index.php\/wp-json\/wp\/v2\/types\/product"}],"replies":[{"embeddable":true,"href":"http:\/\/klubmamgdynia.pl\/index.php\/wp-json\/wp\/v2\/comments?post=9639"}],"wp:featuredmedia":[{"embeddable":true,"href":"http:\/\/klubmamgdynia.pl\/index.php\/wp-json\/wp\/v2\/media\/9640"}],"wp:attachment":[{"href":"http:\/\/klubmamgdynia.pl\/index.php\/wp-json\/wp\/v2\/media?parent=9639"}],"wp:term":[{"taxonomy":"product_cat","embeddable":true,"href":"http:\/\/klubmamgdynia.pl\/index.php\/wp-json\/wp\/v2\/product_cat?post=9639"},{"taxonomy":"product_tag","embeddable":true,"href":"http:\/\/klubmamgdynia.pl\/index.php\/wp-json\/wp\/v2\/product_tag?post=9639"}],"curies":[{"name":"wp","href":"https:\/\/api.w.org\/{rel}","templated":true}]}}