{"id":9643,"date":"2020-06-16T01:39:23","date_gmt":"2020-06-15T23:39:23","guid":{"rendered":"http:\/\/klubmamgdynia.pl\/index.php\/produkt\/holle-mus-owocowy-moc-papugi-gruszka-jablko-szpinak-100g\/"},"modified":"2026-04-18T18:16:27","modified_gmt":"2026-04-18T16:16:27","slug":"holle-mus-owocowy-moc-papugi-gruszka-jablko-szpinak-100g","status":"publish","type":"product","link":"http:\/\/klubmamgdynia.pl\/index.php\/produkt\/holle-mus-owocowy-moc-papugi-gruszka-jablko-szpinak-100g\/","title":{"rendered":"Holle Mus owocowy Moc Papugi gruszka jab\u0142ko szpinak 100g"},"content":{"rendered":"<p>Mus Moc Papugi Delikatne pur\u00e9e z owoc\u00f3w i warzyw dla dzieci, kt\u00f3re sko\u0144czy\u0142y 6 miesi\u0105c \u017cycia. Szpinak to skarbnica witamin i minera\u0142\u00f3w, jest doskona\u0142ym \u017ar\u00f3d\u0142em \u0142atwo przyswajalnego \u017celaza. Dodatkowo jest te\u017c \u017ar\u00f3d\u0142em wapnia \u2013 budulca ko\u015bci. Poza tym zawiera witaminy: C, E, K, B 1, B 2, B 6 i sk\u0142adniki wspomagaj\u0105ce nasz organizm \u2013 jod, mangan i karoten. Gruszki r\u00f3wnie\u017c zawieraj\u0105 jod minera\u0142 pozytywnie wp\u0142ywaj\u0105cy na funkcjonowanie tarczycy. Ponadto gruszki na tle innych owoc\u00f3w wyr\u00f3\u017cniaj\u0105 si\u0119 zawarto\u015bci\u0105 boru pierwiastka wspomagaj\u0105cego prac\u0119 szarych kom\u00f3rek oraz poprawiaj\u0105cego mo\u017cliwo\u015bci koncentracji. Bor zapobiega r\u00f3wnie\u017c utracie wapnia z ko\u015bci. Natomiast jab\u0142ka, kt\u00f3re s\u0105 nie tylko cennym \u017ar\u00f3d\u0142em witaminy C, za spraw\u0105 b\u0142onnika reguluj\u0105 prac\u0119 jelit i chroni\u0105 przed zaparciami. \u017bywno\u015b\u0107 opatrzona etykiet\u0105 Demeter uprawiana jest wed\u0142ug surowych standard\u00f3w rolnictwa biodynamicznego \u2013 w zgodzie z natur\u0105. Warto wiedzie\u0107: Zawiera \u017celazo, jod, bor, wap\u0144, mangan i b\u0142onnik Zawiera witamin\u0119 C, E, K, B 1, B 2, B 6 Nie zawiera glutenu Bez dodatku cukru, soli Bez zag\u0119stnik\u00f3w, dro\u017cd\u017cy, jaj, laktozy Ze sk\u0142adnik\u00f3w z rolnictwa ekologicznego i biodynamicznego Produkt importowany z Niemiec Dla dzieci od 6 miesi\u0105ca \u017cycia Zawarto\u015b\u0107 100 g Sk\u0142ad: gruszka* 45%, jab\u0142ko* 45%, szpinak* 10%, sok cytrynowy z koncentratu*. *z upraw biodynamicznych. Przygotowanie: otwarty pojemniczek zu\u017cyj nast\u0119pnego dnia. Nakr\u0119tk\u0119 przechowywa\u0107 poza zasi\u0119giem dzieci.<\/p>\n<h2>Holle Mus owocowy Moc Papugi gruszka jab\u0142ko szpinak 100g Holle<\/h2>\n<p>test z lektury opowie\u015bci z narni lew czarownica i stara szafa, ubieranki do druku, dzieci z bullerbyn quiz, paj\u0105czek na rowerze test, kolorowanka lody, ewelina, daniel imie, kolorowanki do druku pokemon, otto, cytaty o dziecku, alfons, z\u0142ote my\u015bli cytaty o szkole i nauce, ko\u0142ysanki tekst, uk\u0142ad s\u0142oneczny do druku, tabliczka mno\u017cenia zadania do druku, kolorowanki antystresowe, opisy do zdj\u0119\u0107 z dzieckiem<\/p>\n<p>yyyyy<\/p>\n<p>&nbsp;<\/p>\n","protected":false},"excerpt":{"rendered":"<p>Mus Moc Papugi Delikatne pur\u00e9e z owoc\u00f3w i warzyw dla dzieci, kt\u00f3re sko\u0144czy\u0142y 6 miesi\u0105c \u017cycia. Szpinak to skarbnica witamin i minera\u0142\u00f3w, jest doskona\u0142ym \u017ar\u00f3d\u0142em \u0142atwo przyswajalnego \u017celaza. Dodatkowo jest te\u017c \u017ar\u00f3d\u0142em wapnia \u2013 budulca ko\u015bci. Poza tym zawiera witaminy: C, E, K, B 1, B 2, B 6 i sk\u0142adniki wspomagaj\u0105ce nasz organizm \u2013 [&hellip;]<\/p>\n","protected":false},"featured_media":9644,"comment_status":"closed","ping_status":"open","template":"","meta":[],"product_cat":[106,1387],"product_tag":[761,753,814,588],"class_list":["post-9643","product","type-product","status-publish","has-post-thumbnail","hentry","product_cat-holle","product_cat-pozostala-zywnosc-dla-dzieci","product_tag-choinko-piekna-jak-las-tekst","product_tag-kamila","product_tag-prezenty-dla-nastolatek","product_tag-wzruszajace-slowa-dla-przyjaciela"],"_links":{"self":[{"href":"http:\/\/klubmamgdynia.pl\/index.php\/wp-json\/wp\/v2\/product\/9643","targetHints":{"allow":["GET"]}}],"collection":[{"href":"http:\/\/klubmamgdynia.pl\/index.php\/wp-json\/wp\/v2\/product"}],"about":[{"href":"http:\/\/klubmamgdynia.pl\/index.php\/wp-json\/wp\/v2\/types\/product"}],"replies":[{"embeddable":true,"href":"http:\/\/klubmamgdynia.pl\/index.php\/wp-json\/wp\/v2\/comments?post=9643"}],"wp:featuredmedia":[{"embeddable":true,"href":"http:\/\/klubmamgdynia.pl\/index.php\/wp-json\/wp\/v2\/media\/9644"}],"wp:attachment":[{"href":"http:\/\/klubmamgdynia.pl\/index.php\/wp-json\/wp\/v2\/media?parent=9643"}],"wp:term":[{"taxonomy":"product_cat","embeddable":true,"href":"http:\/\/klubmamgdynia.pl\/index.php\/wp-json\/wp\/v2\/product_cat?post=9643"},{"taxonomy":"product_tag","embeddable":true,"href":"http:\/\/klubmamgdynia.pl\/index.php\/wp-json\/wp\/v2\/product_tag?post=9643"}],"curies":[{"name":"wp","href":"https:\/\/api.w.org\/{rel}","templated":true}]}}