{"id":9645,"date":"2018-05-14T11:03:11","date_gmt":"2018-05-14T09:03:11","guid":{"rendered":"http:\/\/klubmamgdynia.pl\/index.php\/produkt\/collecta-krab-podkowiasty\/"},"modified":"2026-04-30T05:30:35","modified_gmt":"2026-04-30T03:30:35","slug":"collecta-krab-podkowiasty","status":"publish","type":"product","link":"http:\/\/klubmamgdynia.pl\/index.php\/produkt\/collecta-krab-podkowiasty\/","title":{"rendered":"Collecta Krab Podkowiasty"},"content":{"rendered":"<p>Krab podkowiasty (Limulidae) to figurka kolekcjonerska firmy Collecta. Produkty tej firmy cechuje wysoka jako\u015b\u0107 wykonania oraz wiernie oddany kszta\u0142t oraz kolor zwierz\u0119cia.<\/p>\n<h2>Collecta Krab Podkowiasty Collecta<\/h2>\n<p>janusz korczak cytaty, quiz psi patrol, lol surprise kolorowanki, marcel imi\u0119, kolorowanki ninjago, kucyki pony kolorowanka<\/p>\n<p>yyyyy<\/p>\n<p>&nbsp;<\/p>\n","protected":false},"excerpt":{"rendered":"<p>Krab podkowiasty (Limulidae) to figurka kolekcjonerska firmy Collecta. Produkty tej firmy cechuje wysoka jako\u015b\u0107 wykonania oraz wiernie oddany kszta\u0142t oraz kolor zwierz\u0119cia. Collecta Krab Podkowiasty Collecta janusz korczak cytaty, quiz psi patrol, lol surprise kolorowanki, marcel imi\u0119, kolorowanki ninjago, kucyki pony kolorowanka yyyyy &nbsp;<\/p>\n","protected":false},"featured_media":9646,"comment_status":"closed","ping_status":"open","template":"","meta":[],"product_cat":[490,95],"product_tag":[848,691,789,667,767],"class_list":["post-9645","product","type-product","status-publish","has-post-thumbnail","hentry","product_cat-collecta","product_cat-figurki-makiety-i-zestawy","product_tag-cytat-o-rodzinie","product_tag-gabriel","product_tag-kaczuszka","product_tag-kolorowanka-lol","product_tag-zaproszenia-urodzinowe-do-druku"],"_links":{"self":[{"href":"http:\/\/klubmamgdynia.pl\/index.php\/wp-json\/wp\/v2\/product\/9645","targetHints":{"allow":["GET"]}}],"collection":[{"href":"http:\/\/klubmamgdynia.pl\/index.php\/wp-json\/wp\/v2\/product"}],"about":[{"href":"http:\/\/klubmamgdynia.pl\/index.php\/wp-json\/wp\/v2\/types\/product"}],"replies":[{"embeddable":true,"href":"http:\/\/klubmamgdynia.pl\/index.php\/wp-json\/wp\/v2\/comments?post=9645"}],"wp:featuredmedia":[{"embeddable":true,"href":"http:\/\/klubmamgdynia.pl\/index.php\/wp-json\/wp\/v2\/media\/9646"}],"wp:attachment":[{"href":"http:\/\/klubmamgdynia.pl\/index.php\/wp-json\/wp\/v2\/media?parent=9645"}],"wp:term":[{"taxonomy":"product_cat","embeddable":true,"href":"http:\/\/klubmamgdynia.pl\/index.php\/wp-json\/wp\/v2\/product_cat?post=9645"},{"taxonomy":"product_tag","embeddable":true,"href":"http:\/\/klubmamgdynia.pl\/index.php\/wp-json\/wp\/v2\/product_tag?post=9645"}],"curies":[{"name":"wp","href":"https:\/\/api.w.org\/{rel}","templated":true}]}}