{"id":9647,"date":"2025-06-11T21:34:04","date_gmt":"2025-06-11T19:34:04","guid":{"rendered":"http:\/\/klubmamgdynia.pl\/?post_type=product&#038;p=9647"},"modified":"2026-04-29T11:23:44","modified_gmt":"2026-04-29T09:23:44","slug":"brelok-sznur-skora-jeep-grand-cherokee-ozdoba-gift-9785678110749","status":"publish","type":"product","link":"http:\/\/klubmamgdynia.pl\/index.php\/produkt\/brelok-sznur-skora-jeep-grand-cherokee-ozdoba-gift-9785678110749\/","title":{"rendered":"Brelok Sznur Sk\u00f3ra Jeep Grand Cherokee Ozdoba Gift (9785678110749)"},"content":{"rendered":"<p>Przedmiotem sprzeda\u017cy jest najwy\u017cszej jako\u015bci wykonania breloczek typu sznur dla samoch\u00f3d marki Jeep!Wspania\u0142y gad\u017cet dla fan\u00f3w marki! Doskona\u0142y prezent dla bliskiej Ci osoby!Wykonany z materia\u0142\u00f3w najwy\u017cszej jako\u015bci &#8211; sznur to plecionka sk\u00f3ry syntetycznej.Odporny na zmienne warunki atmosferyczne, niezwykle trwa\u0142y. W zestawie \u015brubokr\u0119t s\u0142u\u017c\u0105cy do wykr\u0119cania teleskopu\/bolca skobla s\u0142u\u017c\u0105cego do przypi\u0119cia kluczy.Specyfikacja:Wymiary: 2-3 cm x 11 cmMateria\u0142 wykonania: metal i sk\u00f3ra syntetycznaNa tej aukcji kupujesz 1 szt breloczka JEEP!Na pozosta\u0142ych aukcjach inne modele breloczk\u00f3w!UWAGA !!!Za dodatkow\u0105 op\u0142at\u0105 (6,99z\u0142) istnieje mo\u017cliwo\u015b\u0107 zapakowaniaBreloczkaw ozdobne pude\u0142ko prezentowe, wy\u015bcielone czarn\u0105 g\u0105beczk\u0105, przyozdobione wst\u0105\u017ceczk\u0105.Wymiary pude\u0142eczka:12 x 5 x 2 cmJak tego dokona\u0107?Kup przedmiot poprzez KUP Teraz lub dodaj przedmiot do koszyka. Sk\u0142adaj\u0105c zam\u00f3wienia zaznacz opcj\u0119 &#8222;zapakuj na prezent&#8221; &#8211; dop\u0142ata 6,99 z\u0142 zostanie automatycznie doliczona do kwoty zakupu. Op\u0142a\u0107 zam\u00f3wienie i gotowe!Gor\u0105co polecamy zakup! Zapraszamy r\u00f3wnie\u017c na inne nasze aukcje.Kolory oferowanych produkt\u00f3w mog\u0105 nieznacznie odbiega\u0107 od wygl\u0105du w rzeczywisto\u015bci (uzale\u017cnione jest to od wielu czynnik\u00f3w, mi\u0119dzy innymi ustawieniem kolor\u00f3w wy\u015bwietlanych przez monitor).Prawdziwe Stany Magazynowe &#8211; nie sprzedajemy &#8222;pustych p\u00f3\u0142ek&#8221; Ilo\u015bci na aukcjach to rzeczywiste ilo\u015bci oferowanych produkt\u00f3w! Towar z Polski. Jeste\u015bmy otwarci na wsp\u00f3\u0142prac\u0119 !!!Kupuj\u0105c na naszych aukcjach zgadzasz si\u0119 z regulaminem naszego sklepu.<\/p>\n<h2>Brelok Sznur Sk\u00f3ra Jeep Grand Cherokee Ozdoba Gift (9785678110749) Inny<\/h2>\n<p>rzadkie imiona \u017ce\u0144skie, kolorowanki miasto dzieci, co kupi\u0107 dziewczynce na roczek, kwiaty polne nazwy i zdj\u0119cia, karty pracy dla dzieci z ukrainy pdf, proste origami dla dzieci, prezenty dla nastolatk\u00f3w 2021, kwiecie\u0144 plecie\u0144 wiersz, tr\u00f3jmiasto atrakcje dla dzieci, \u017carty na prima aprilis dla ch\u0142opaka, wroc\u0142aw atrakcje dla dzieci, kolorowanki z bajek, \u015bmieszne \u0142ama\u0144ce j\u0119zykowe, wz\u00f3r dyplomu do pobrania, aron imi\u0119, dyplomy do druku, choinka kolorowanka szablon, quizy flagi<\/p>\n<p>yyyyy<\/p>\n<p>&nbsp;<\/p>\n","protected":false},"excerpt":{"rendered":"<p>Przedmiotem sprzeda\u017cy jest najwy\u017cszej jako\u015bci wykonania breloczek typu sznur dla samoch\u00f3d marki Jeep!Wspania\u0142y gad\u017cet dla fan\u00f3w marki! Doskona\u0142y prezent dla bliskiej Ci osoby!Wykonany z materia\u0142\u00f3w najwy\u017cszej jako\u015bci &#8211; sznur to plecionka sk\u00f3ry syntetycznej.Odporny na zmienne warunki atmosferyczne, niezwykle trwa\u0142y. W zestawie \u015brubokr\u0119t s\u0142u\u017c\u0105cy do wykr\u0119cania teleskopu\/bolca skobla s\u0142u\u017c\u0105cego do przypi\u0119cia kluczy.Specyfikacja:Wymiary: 2-3 cm x 11 [&hellip;]<\/p>\n","protected":false},"featured_media":9648,"comment_status":"closed","ping_status":"open","template":"","meta":[],"product_cat":[482,169],"product_tag":[755,670,661,653,601,811],"class_list":["post-9647","product","type-product","status-publish","has-post-thumbnail","hentry","product_cat-gadzety","product_cat-inny","product_tag-henryk","product_tag-irma","product_tag-swinka-peppa-kolorowanka","product_tag-warszawa-dla-dzieci","product_tag-zagadki-co-to-jest","product_tag-zagadki-logiczne-dla-dzieci"],"_links":{"self":[{"href":"http:\/\/klubmamgdynia.pl\/index.php\/wp-json\/wp\/v2\/product\/9647","targetHints":{"allow":["GET"]}}],"collection":[{"href":"http:\/\/klubmamgdynia.pl\/index.php\/wp-json\/wp\/v2\/product"}],"about":[{"href":"http:\/\/klubmamgdynia.pl\/index.php\/wp-json\/wp\/v2\/types\/product"}],"replies":[{"embeddable":true,"href":"http:\/\/klubmamgdynia.pl\/index.php\/wp-json\/wp\/v2\/comments?post=9647"}],"wp:featuredmedia":[{"embeddable":true,"href":"http:\/\/klubmamgdynia.pl\/index.php\/wp-json\/wp\/v2\/media\/9648"}],"wp:attachment":[{"href":"http:\/\/klubmamgdynia.pl\/index.php\/wp-json\/wp\/v2\/media?parent=9647"}],"wp:term":[{"taxonomy":"product_cat","embeddable":true,"href":"http:\/\/klubmamgdynia.pl\/index.php\/wp-json\/wp\/v2\/product_cat?post=9647"},{"taxonomy":"product_tag","embeddable":true,"href":"http:\/\/klubmamgdynia.pl\/index.php\/wp-json\/wp\/v2\/product_tag?post=9647"}],"curies":[{"name":"wp","href":"https:\/\/api.w.org\/{rel}","templated":true}]}}