{"id":9651,"date":"2019-01-29T06:26:16","date_gmt":"2019-01-29T05:26:16","guid":{"rendered":"http:\/\/klubmamgdynia.pl\/index.php\/produkt\/zyrafa-sophie-so-pure-gryzak-totem\/"},"modified":"2026-04-06T01:53:35","modified_gmt":"2026-04-05T23:53:35","slug":"zyrafa-sophie-so-pure-gryzak-totem","status":"publish","type":"product","link":"http:\/\/klubmamgdynia.pl\/index.php\/produkt\/zyrafa-sophie-so-pure-gryzak-totem\/","title":{"rendered":"\u017byrafa Sophie So pure gryzak totem"},"content":{"rendered":"<p>Ta wszechstronna grzechotka wykonana w 100% z naturalnego kauczuku i w 100% z drewna kauczukowego stymuluje rozw\u00f3j sensoryczny dziecka: kuleczki w uchwycie sprawiaj\u0105, \u017ce grzechotka grzechocze, a dwa kolorowe drewniane pier\u015bcienie grzechocz\u0105. Dwa materia\u0142y dostarczaj\u0105 r\u00f3\u017cnych bod\u017ac\u00f3w dotykowych. Dwa pier\u015bcienie wykonane z naturalnej gumy s\u0105 teksturowane i mog\u0105 by\u0107 usuni\u0119te, aby z\u0142agodzi\u0107 b\u00f3l p\u0142atno\u015bci malucha. Szczeg\u00f3\u0142y produktu: Wymiary (szeroko\u015b\u0107 x wysoko\u015b\u0107 x g\u0142\u0119boko\u015b\u0107): 7 x 12,5 x 7 cm Materia\u0142: 100% kauczuku naturalnego i 100% drewna drzewa kauczukowego Kolor: drewno\/ kremowa biel\/ kolorowe pier\u015bcienie Czyszczenie: Nie sterylizowa\u0107! Czy\u015bci\u0107 tylko wilgotn\u0105 \u015bciereczk\u0105 i wod\u0105 z myd\u0142em. 100% naturalne materia\u0142y Pomaga na b\u00f3l przy z\u0105bkowaniu Dwa zdejmowane pier\u015bcienie wykonane z naturalnej gumy \u0141atwy do uchwycenia Wiek: od 3 miesi\u0119cy Szczeg\u00f3\u0142y i kolory zawarto\u015bci mog\u0105 si\u0119 r\u00f3\u017cni\u0107. Prosimy o zachowanie opakowania, zawiera ono wa\u017cne informacje. OSTRZE\u017bENIE: Przed u\u017cyciem usun\u0105\u0107 wszystkie opakowania i mocowania. Przed ka\u017cdym u\u017cyciem nale\u017cy dok\u0142adnie sprawdzi\u0107 produkt, zw\u0142aszcza je\u015bli dziecko ma ju\u017c z\u0119by. Poci\u0105gnij za produkt we wszystkich kierunkach. Zutylizuj go, gdy tylko pojawi\u0105 si\u0119 pierwsze oznaki uszkodzenia lub zu\u017cycia. Nie wystawia\u0107 na bezpo\u015brednie dzia\u0142anie promieni s\u0142onecznych i trzyma\u0107 z dala od \u017ar\u00f3de\u0142 ciep\u0142a. UWAGA: Stosowa\u0107 pod bezpo\u015brednim nadzorem osoby doros\u0142ej. Po u\u017cyciu pozostawi\u0107 produkt do ca\u0142kowitego wyschni\u0119cia. Ten produkt mo\u017ce ulec uszkodzeniu w przypadku upuszczenia.<\/p>\n<h2>\u017byrafa Sophie So pure gryzak totem Vulli<\/h2>\n<p>zagadki rymowanki dla dzieci, test asiunia, zagadki do rozwi\u0105zania, bajka na dobranoc do czytania, kolorowanki lol, kolorowanka lato, testy z lektury miko\u0142ajek, testy z lektury tajemniczy ogr\u00f3d, zagadki matematyczne, minecraft kolorowanki<\/p>\n<p>yyyyy<\/p>\n<p>&nbsp;<\/p>\n","protected":false},"excerpt":{"rendered":"<p>Ta wszechstronna grzechotka wykonana w 100% z naturalnego kauczuku i w 100% z drewna kauczukowego stymuluje rozw\u00f3j sensoryczny dziecka: kuleczki w uchwycie sprawiaj\u0105, \u017ce grzechotka grzechocze, a dwa kolorowe drewniane pier\u015bcienie grzechocz\u0105. Dwa materia\u0142y dostarczaj\u0105 r\u00f3\u017cnych bod\u017ac\u00f3w dotykowych. Dwa pier\u015bcienie wykonane z naturalnej gumy s\u0105 teksturowane i mog\u0105 by\u0107 usuni\u0119te, aby z\u0142agodzi\u0107 b\u00f3l p\u0142atno\u015bci malucha. [&hellip;]<\/p>\n","protected":false},"featured_media":9652,"comment_status":"closed","ping_status":"open","template":"","meta":[],"product_cat":[63,1489],"product_tag":[598,828,644,742,579,576,809],"class_list":["post-9651","product","type-product","status-publish","has-post-thumbnail","hentry","product_cat-grzechotki-i-gryzaki","product_cat-vulli","product_tag-co-na-roczek-dla-dziewczynki","product_tag-filmy-wigilijne-dla-dzieci","product_tag-mia","product_tag-piosenki-dla-dzieci-tekst","product_tag-quiz-opowiesci-z-narnii-lew-czarownica-i-stara-szafa","product_tag-trudne-zagadki","product_tag-zagadki"],"_links":{"self":[{"href":"http:\/\/klubmamgdynia.pl\/index.php\/wp-json\/wp\/v2\/product\/9651","targetHints":{"allow":["GET"]}}],"collection":[{"href":"http:\/\/klubmamgdynia.pl\/index.php\/wp-json\/wp\/v2\/product"}],"about":[{"href":"http:\/\/klubmamgdynia.pl\/index.php\/wp-json\/wp\/v2\/types\/product"}],"replies":[{"embeddable":true,"href":"http:\/\/klubmamgdynia.pl\/index.php\/wp-json\/wp\/v2\/comments?post=9651"}],"wp:featuredmedia":[{"embeddable":true,"href":"http:\/\/klubmamgdynia.pl\/index.php\/wp-json\/wp\/v2\/media\/9652"}],"wp:attachment":[{"href":"http:\/\/klubmamgdynia.pl\/index.php\/wp-json\/wp\/v2\/media?parent=9651"}],"wp:term":[{"taxonomy":"product_cat","embeddable":true,"href":"http:\/\/klubmamgdynia.pl\/index.php\/wp-json\/wp\/v2\/product_cat?post=9651"},{"taxonomy":"product_tag","embeddable":true,"href":"http:\/\/klubmamgdynia.pl\/index.php\/wp-json\/wp\/v2\/product_tag?post=9651"}],"curies":[{"name":"wp","href":"https:\/\/api.w.org\/{rel}","templated":true}]}}