{"id":9653,"date":"2017-03-08T20:47:21","date_gmt":"2017-03-08T19:47:21","guid":{"rendered":"http:\/\/klubmamgdynia.pl\/index.php\/produkt\/djeco-vrooom-dj02093\/"},"modified":"2026-04-30T01:43:45","modified_gmt":"2026-04-29T23:43:45","slug":"djeco-vrooom-dj02093","status":"publish","type":"product","link":"http:\/\/klubmamgdynia.pl\/index.php\/produkt\/djeco-vrooom-dj02093\/","title":{"rendered":"Djeco Vrooom DJ02093"},"content":{"rendered":"<p>Super rozrywka na urodzinowe przyj\u0119cie z okazji czwartych lub pi\u0105tych urodzin. Gra zr\u0119czno\u015bciowa &#8211; wy\u015bcig, w kt\u00f3rym mo\u017ce wzi\u0105\u0107 udzia\u0142 nawet o\u015bmiu zawodnik\u00f3w. Autka zawieszone s\u0105 na sznureczkach. Takie sterowanie wcale nie jest \u0142atwe. Kto pierwszy znajdzie si\u0119 na mecie? W opakowaniu osiem autek oraz instrukcja gry. Wiek: 4+Ilo\u015b\u0107 graczy: 2-8Czas rozgrywki: ok. 10 minWymiary opakowania 31,5 cm x 28 cm x 0,5 cm<\/p>\n<h2>Djeco Vrooom DJ02093 Djeco<\/h2>\n<p>zrobi\u0107 laurk\u0119 laurka dla babci, bajki na dobranoc do czytania, dyplomy szablony pdf, miko\u0142ajek &#8211; test z odpowiedziami, ilona, quiz o kosmosie dla dzieci, quizy o koniach, cytaty o rodzinie, iwo imie, 45 pa\u0144stw europy i ich stolice quiz, \u017cyczenia wielkanocne dla dzieci kr\u00f3tkie, zaproszenia na urodziny do wydruku czarno bia\u0142e, gda\u0144sk atrakcje dla m\u0142odzie\u017cy, prezent na urodziny dla nastolatki<\/p>\n<p>yyyyy<\/p>\n<p>&nbsp;<\/p>\n","protected":false},"excerpt":{"rendered":"<p>Super rozrywka na urodzinowe przyj\u0119cie z okazji czwartych lub pi\u0105tych urodzin. Gra zr\u0119czno\u015bciowa &#8211; wy\u015bcig, w kt\u00f3rym mo\u017ce wzi\u0105\u0107 udzia\u0142 nawet o\u015bmiu zawodnik\u00f3w. Autka zawieszone s\u0105 na sznureczkach. Takie sterowanie wcale nie jest \u0142atwe. Kto pierwszy znajdzie si\u0119 na mecie? W opakowaniu osiem autek oraz instrukcja gry. Wiek: 4+Ilo\u015b\u0107 graczy: 2-8Czas rozgrywki: ok. 10 minWymiary [&hellip;]<\/p>\n","protected":false},"featured_media":9654,"comment_status":"closed","ping_status":"open","template":"","meta":[],"product_cat":[434,130],"product_tag":[722,854,619,677,717,800],"class_list":["post-9653","product","type-product","status-publish","has-post-thumbnail","hentry","product_cat-djeco","product_cat-gry-dzieciece","product_tag-cytaty-o-przyjazni","product_tag-cytaty-rodzina","product_tag-iwo-imie","product_tag-milosz-imie","product_tag-prezent-roczek","product_tag-zagadki-smieszne"],"_links":{"self":[{"href":"http:\/\/klubmamgdynia.pl\/index.php\/wp-json\/wp\/v2\/product\/9653","targetHints":{"allow":["GET"]}}],"collection":[{"href":"http:\/\/klubmamgdynia.pl\/index.php\/wp-json\/wp\/v2\/product"}],"about":[{"href":"http:\/\/klubmamgdynia.pl\/index.php\/wp-json\/wp\/v2\/types\/product"}],"replies":[{"embeddable":true,"href":"http:\/\/klubmamgdynia.pl\/index.php\/wp-json\/wp\/v2\/comments?post=9653"}],"wp:featuredmedia":[{"embeddable":true,"href":"http:\/\/klubmamgdynia.pl\/index.php\/wp-json\/wp\/v2\/media\/9654"}],"wp:attachment":[{"href":"http:\/\/klubmamgdynia.pl\/index.php\/wp-json\/wp\/v2\/media?parent=9653"}],"wp:term":[{"taxonomy":"product_cat","embeddable":true,"href":"http:\/\/klubmamgdynia.pl\/index.php\/wp-json\/wp\/v2\/product_cat?post=9653"},{"taxonomy":"product_tag","embeddable":true,"href":"http:\/\/klubmamgdynia.pl\/index.php\/wp-json\/wp\/v2\/product_tag?post=9653"}],"curies":[{"name":"wp","href":"https:\/\/api.w.org\/{rel}","templated":true}]}}