{"id":9655,"date":"2015-10-31T15:07:51","date_gmt":"2015-10-31T14:07:51","guid":{"rendered":"http:\/\/klubmamgdynia.pl\/index.php\/produkt\/briamrex-top-bright-ukladanka-drewniana-nauka-ksztaltow-cyfr\/"},"modified":"2026-04-06T01:34:01","modified_gmt":"2026-04-05T23:34:01","slug":"briamrex-top-bright-ukladanka-drewniana-nauka-ksztaltow-cyfr","status":"publish","type":"product","link":"http:\/\/klubmamgdynia.pl\/index.php\/produkt\/briamrex-top-bright-ukladanka-drewniana-nauka-ksztaltow-cyfr\/","title":{"rendered":"Briamrex Top Bright Uk\u0142adanka Drewniana Nauka Kszta\u0142t\u00f3w Cyfr"},"content":{"rendered":"<p>Drewniana uk\u0142adanka, kt\u00f3ra wspomo\u017ce dziecko w podstawowej nauce liczenia. Kolorowe klocki sprawi\u0105, \u017ce zabawa b\u0119dzie bardziej atrakcyjna. Zabawka wykonana jest z ekologicznego, wysokiej jako\u015bci drewna, bez BPA. Barwione nietoksyczn\u0105 farb\u0105 na bazie wody, zgodnie z najwy\u017cszymi mi\u0119dzynarodowymi standardami bezpiecze\u0144stwa zabawek. Ta uk\u0142adanka to nauka i zabawa w jednym, pomo\u017ce dziecku w prosty i przyjemny spos\u00f3b pozna\u0107 pierwsze cyferki i dzia\u0142ania na nich.Najwa\u017cniejsze cechy zestawu:\u0107wiczy podstawowe umiej\u0119tno\u015bci liczenia\u0107wicz\u0105 koordynacj\u0119 r\u0119ka-oko\u0107wiczy koncentracj\u0119Wymiar zabawki: 2,7x29x9cm<\/p>\n<h2>Briamrex Top Bright Uk\u0142adanka Drewniana Nauka Kszta\u0142t\u00f3w Cyfr Brimarex<\/h2>\n<p>trudne zagadki na inteligencje, zagadki wielkanocne przedszkole, kolorowanka kotka, kolorowanka europa, piosenka dla taty przedszkole, marianna, quiz o akademii pana kleksa, horror dla dzieci, dobranoc zimowo, jordan co oznacza, zagadki dla 9 latk\u00f3w, szablony do wyklejania plastelin\u0105<\/p>\n<p>yyyyy<\/p>\n<p>&nbsp;<\/p>\n","protected":false},"excerpt":{"rendered":"<p>Drewniana uk\u0142adanka, kt\u00f3ra wspomo\u017ce dziecko w podstawowej nauce liczenia. Kolorowe klocki sprawi\u0105, \u017ce zabawa b\u0119dzie bardziej atrakcyjna. Zabawka wykonana jest z ekologicznego, wysokiej jako\u015bci drewna, bez BPA. Barwione nietoksyczn\u0105 farb\u0105 na bazie wody, zgodnie z najwy\u017cszymi mi\u0119dzynarodowymi standardami bezpiecze\u0144stwa zabawek. Ta uk\u0142adanka to nauka i zabawa w jednym, pomo\u017ce dziecku w prosty i przyjemny spos\u00f3b [&hellip;]<\/p>\n","protected":false},"featured_media":9656,"comment_status":"closed","ping_status":"open","template":"","meta":[],"product_cat":[1651,99],"product_tag":[716,657,795,841,830,736],"class_list":["post-9655","product","type-product","status-publish","has-post-thumbnail","hentry","product_cat-brimarex","product_cat-zabawki-ekologiczne","product_tag-filmy-animowane-o-swietach","product_tag-lol-kolorowanka","product_tag-mini-zoo-warszawa","product_tag-quiz-o-flagach","product_tag-rodzina-cytaty","product_tag-zabawki-na-roczek"],"_links":{"self":[{"href":"http:\/\/klubmamgdynia.pl\/index.php\/wp-json\/wp\/v2\/product\/9655","targetHints":{"allow":["GET"]}}],"collection":[{"href":"http:\/\/klubmamgdynia.pl\/index.php\/wp-json\/wp\/v2\/product"}],"about":[{"href":"http:\/\/klubmamgdynia.pl\/index.php\/wp-json\/wp\/v2\/types\/product"}],"replies":[{"embeddable":true,"href":"http:\/\/klubmamgdynia.pl\/index.php\/wp-json\/wp\/v2\/comments?post=9655"}],"wp:featuredmedia":[{"embeddable":true,"href":"http:\/\/klubmamgdynia.pl\/index.php\/wp-json\/wp\/v2\/media\/9656"}],"wp:attachment":[{"href":"http:\/\/klubmamgdynia.pl\/index.php\/wp-json\/wp\/v2\/media?parent=9655"}],"wp:term":[{"taxonomy":"product_cat","embeddable":true,"href":"http:\/\/klubmamgdynia.pl\/index.php\/wp-json\/wp\/v2\/product_cat?post=9655"},{"taxonomy":"product_tag","embeddable":true,"href":"http:\/\/klubmamgdynia.pl\/index.php\/wp-json\/wp\/v2\/product_tag?post=9655"}],"curies":[{"name":"wp","href":"https:\/\/api.w.org\/{rel}","templated":true}]}}