{"id":966,"date":"2025-02-22T21:25:25","date_gmt":"2025-02-22T20:25:25","guid":{"rendered":"http:\/\/klubmamgdynia.pl\/?post_type=product&#038;p=966"},"modified":"2026-05-02T11:28:22","modified_gmt":"2026-05-02T09:28:22","slug":"bino-zabawka-z-mloteczkiem","status":"publish","type":"product","link":"http:\/\/klubmamgdynia.pl\/index.php\/produkt\/bino-zabawka-z-mloteczkiem\/","title":{"rendered":"Bino Zabawka Z M\u0142oteczkiem"},"content":{"rendered":"<p>Drewniana \u0142aweczka z m\u0142otkiem kolorowaZabawka przeznaczona dla dzieci od 18 miesi\u0105ca \u017cycia.Informacje o produkcieNr katalogowy82134Marka BrakRodzaj M\u0142oteczkiWymagania wiekowe od 18 miesi\u0119cyP\u0142e\u0107 DziewczynkiProdukt na baterie NieBaterie w zestawie NieZasilanie Nie dotyczyKolor WielokolorowyWymiary22 x 9 x 12 cm<\/p>\n<h2>Bino Zabawka Z M\u0142oteczkiem BINO<\/h2>\n<p>kolorowanki do druku dla dziewczynek, dobranoc pch\u0142y na noc, asiunia test z lektury, zagadki matematyczne na logik\u0119, kartk\u00f3wki z zegara, matematyczne zagadki<\/p>\n<p>yyyyy<\/p>\n<p>&nbsp;<\/p>\n","protected":false},"excerpt":{"rendered":"<p>Drewniana \u0142aweczka z m\u0142otkiem kolorowaZabawka przeznaczona dla dzieci od 18 miesi\u0105ca \u017cycia.Informacje o produkcieNr katalogowy82134Marka BrakRodzaj M\u0142oteczkiWymagania wiekowe od 18 miesi\u0119cyP\u0142e\u0107 DziewczynkiProdukt na baterie NieBaterie w zestawie NieZasilanie Nie dotyczyKolor WielokolorowyWymiary22 x 9 x 12 cm Bino Zabawka Z M\u0142oteczkiem BINO kolorowanki do druku dla dziewczynek, dobranoc pch\u0142y na noc, asiunia test z lektury, zagadki [&hellip;]<\/p>\n","protected":false},"featured_media":967,"comment_status":"closed","ping_status":"open","template":"","meta":[],"product_cat":[322,99],"product_tag":[707,584,637,815,636],"class_list":["post-966","product","type-product","status-publish","has-post-thumbnail","hentry","product_cat-bino","product_cat-zabawki-ekologiczne","product_tag-karty-pracy-dla-dzieci-z-ukrainy","product_tag-liwia","product_tag-niech-zyja-wakacje-tekst","product_tag-ozdoby-choinkowe-dla-dzieci","product_tag-teksty-kolysanek"],"_links":{"self":[{"href":"http:\/\/klubmamgdynia.pl\/index.php\/wp-json\/wp\/v2\/product\/966","targetHints":{"allow":["GET"]}}],"collection":[{"href":"http:\/\/klubmamgdynia.pl\/index.php\/wp-json\/wp\/v2\/product"}],"about":[{"href":"http:\/\/klubmamgdynia.pl\/index.php\/wp-json\/wp\/v2\/types\/product"}],"replies":[{"embeddable":true,"href":"http:\/\/klubmamgdynia.pl\/index.php\/wp-json\/wp\/v2\/comments?post=966"}],"wp:featuredmedia":[{"embeddable":true,"href":"http:\/\/klubmamgdynia.pl\/index.php\/wp-json\/wp\/v2\/media\/967"}],"wp:attachment":[{"href":"http:\/\/klubmamgdynia.pl\/index.php\/wp-json\/wp\/v2\/media?parent=966"}],"wp:term":[{"taxonomy":"product_cat","embeddable":true,"href":"http:\/\/klubmamgdynia.pl\/index.php\/wp-json\/wp\/v2\/product_cat?post=966"},{"taxonomy":"product_tag","embeddable":true,"href":"http:\/\/klubmamgdynia.pl\/index.php\/wp-json\/wp\/v2\/product_tag?post=966"}],"curies":[{"name":"wp","href":"https:\/\/api.w.org\/{rel}","templated":true}]}}