{"id":9661,"date":"2022-07-03T13:31:11","date_gmt":"2022-07-03T11:31:11","guid":{"rendered":"http:\/\/klubmamgdynia.pl\/index.php\/produkt\/mirage-hobby-ue-swg-40-32cm-wk-fl-wyrzutnia-stuka-zu-fuss\/"},"modified":"2026-04-03T19:48:17","modified_gmt":"2026-04-03T17:48:17","slug":"mirage-hobby-ue-swg-40-32cm-wk-fl-wyrzutnia-stuka-zu-fuss","status":"publish","type":"product","link":"http:\/\/klubmamgdynia.pl\/index.php\/produkt\/mirage-hobby-ue-swg-40-32cm-wk-fl-wyrzutnia-stuka-zu-fuss\/","title":{"rendered":"Mirage Hobby UE-sWG 40\/32cm Wk Fl Wyrzutnia 'Stuka zu Fuss&#8217;"},"content":{"rendered":"<p>Zmechanizowanie wojsk l\u0105dowych pozwoli\u0142o na szybkie przerzucanie jednostek bojowych w miejsca najbardziej zagro\u017cone dla powodzenia operacji. Transportery opancerzone s\u0142u\u017c\u0105ce w roli \u015brodk\u00f3w transportu wojska jak i zaopatrzenia, zacz\u0119to wyposa\u017ca\u0107 w uzbrojenie w\u0142asne w celu samodzielnej obrony lub wsparcia \u017co\u0142nierzy przy ataku frontalnym. Efektem tego by\u0142o wyposa\u017cenie transporte\u00f3w w coraz silniejsze uzbrojenie strzeleckie lub specjalistyczne, takie jak wyrzutnie mozdzierzy czy wyrzutnie pocisk\u00f3w rakietowych.W zestawie:- Plastikowy model do sklejania 1\/35- Cztery farby akrylowe,- Klej do modeli- P\u0119dzelek TYTU\u0141 WYRZUTNIA UE-SWG 40\/32 CM WK FL WYDAWCA MIRAGE HOBBY EAN 5901463835985 Znajd\u017a podobne wed\u0142ug klucza: MIRAGE_HOBBY (213571)<\/p>\n<h2>Mirage Hobby UE-sWG 40\/32cm Wk Fl Wyrzutnia Stuka zu Fuss Mirage<\/h2>\n<p>prezenty dla nastolatk\u00f3w, delfinarium polska, imi\u0119 liwia, flagi pa\u0144stw quiz, kuchcikowo przepisy dla dzieci, \u015bwinka peppa bajka do czytania, prezent dla 15 latka, esmeralda, cytaty o rodzicach, quiz flagi \u015bwiata, imi\u0119 dla dziewczynki 2019, test z lektury opowie\u015bci z narnii lew czarownica i stara szafa, ekskluzywny prezent na roczek<\/p>\n<p>yyyyy<\/p>\n<p>&nbsp;<\/p>\n","protected":false},"excerpt":{"rendered":"<p>Zmechanizowanie wojsk l\u0105dowych pozwoli\u0142o na szybkie przerzucanie jednostek bojowych w miejsca najbardziej zagro\u017cone dla powodzenia operacji. Transportery opancerzone s\u0142u\u017c\u0105ce w roli \u015brodk\u00f3w transportu wojska jak i zaopatrzenia, zacz\u0119to wyposa\u017ca\u0107 w uzbrojenie w\u0142asne w celu samodzielnej obrony lub wsparcia \u017co\u0142nierzy przy ataku frontalnym. Efektem tego by\u0142o wyposa\u017cenie transporte\u00f3w w coraz silniejsze uzbrojenie strzeleckie lub specjalistyczne, takie [&hellip;]<\/p>\n","protected":false},"featured_media":9662,"comment_status":"closed","ping_status":"open","template":"","meta":[],"product_cat":[547,918],"product_tag":[826,794,597],"class_list":["post-9661","product","type-product","status-publish","has-post-thumbnail","hentry","product_cat-mirage","product_cat-modele-do-sklejania","product_tag-prezent-dla-15-latka","product_tag-test-opowiesci-z-narnii-lew-czarownica-i-stara-szafa-do-druku","product_tag-zagadki-o-zimie"],"_links":{"self":[{"href":"http:\/\/klubmamgdynia.pl\/index.php\/wp-json\/wp\/v2\/product\/9661","targetHints":{"allow":["GET"]}}],"collection":[{"href":"http:\/\/klubmamgdynia.pl\/index.php\/wp-json\/wp\/v2\/product"}],"about":[{"href":"http:\/\/klubmamgdynia.pl\/index.php\/wp-json\/wp\/v2\/types\/product"}],"replies":[{"embeddable":true,"href":"http:\/\/klubmamgdynia.pl\/index.php\/wp-json\/wp\/v2\/comments?post=9661"}],"wp:featuredmedia":[{"embeddable":true,"href":"http:\/\/klubmamgdynia.pl\/index.php\/wp-json\/wp\/v2\/media\/9662"}],"wp:attachment":[{"href":"http:\/\/klubmamgdynia.pl\/index.php\/wp-json\/wp\/v2\/media?parent=9661"}],"wp:term":[{"taxonomy":"product_cat","embeddable":true,"href":"http:\/\/klubmamgdynia.pl\/index.php\/wp-json\/wp\/v2\/product_cat?post=9661"},{"taxonomy":"product_tag","embeddable":true,"href":"http:\/\/klubmamgdynia.pl\/index.php\/wp-json\/wp\/v2\/product_tag?post=9661"}],"curies":[{"name":"wp","href":"https:\/\/api.w.org\/{rel}","templated":true}]}}