{"id":9665,"date":"2015-10-20T22:00:35","date_gmt":"2015-10-20T20:00:35","guid":{"rendered":"http:\/\/klubmamgdynia.pl\/index.php\/produkt\/pampers-chusteczki-nawilzane-harmonie-aqua-15-x-48-szt-720-chusteczek\/"},"modified":"2026-04-05T00:10:19","modified_gmt":"2026-04-04T22:10:19","slug":"pampers-chusteczki-nawilzane-harmonie-aqua-15-x-48-szt-720-chusteczek","status":"publish","type":"product","link":"http:\/\/klubmamgdynia.pl\/index.php\/produkt\/pampers-chusteczki-nawilzane-harmonie-aqua-15-x-48-szt-720-chusteczek\/","title":{"rendered":"Pampers Chusteczki Nawil\u017cane Harmonie Aqua 15 X 48 Szt. = 720 Chusteczek"},"content":{"rendered":"<p>Chusteczki nawil\u017cane Harmonie Aqua od Pampers zawieraj\u0105 99% wody, aby chroni\u0107 sk\u00f3r\u0119 maluszka przy ka\u017cdej zmianie pieluszki. Chusteczki wykonane s\u0105 z bawe\u0142ny premium i nie zawieraj\u0105 \u017cadnych tworzyw sztucznych. Delikatnie oczyszczaj\u0105 nawet najbardziej wra\u017cliw\u0105 sk\u00f3r\u0119.<\/p>\n<h2>Pampers Chusteczki Nawil\u017cane Harmonie Aqua 15 X 48 Szt. = 720 Chusteczek Pampers<\/h2>\n<p>nela w krainie wombat\u00f3w, najrzadsze imiona w polsce, prezent na dzien dziecka 7 lat, prezent dla 16 latka, wzory dyplom\u00f3w dyplomy do druku, kolorowanki minionki, ostatni dzwonek tekst, jak zrobi\u0107 samolot z papieru, kr\u00f3tkie zagadki matematyczne z odpowiedziami, bajka dla niemowlaka, pytania wielkanocne, maski zwierz\u0105t szablony do druku, \u017carty na prima aprilis dla rodzic\u00f3w, \u0142atwe zagadki, rymowanki o pisankach<\/p>\n<p>yyyyy<\/p>\n<p>&nbsp;<\/p>\n","protected":false},"excerpt":{"rendered":"<p>Chusteczki nawil\u017cane Harmonie Aqua od Pampers zawieraj\u0105 99% wody, aby chroni\u0107 sk\u00f3r\u0119 maluszka przy ka\u017cdej zmianie pieluszki. Chusteczki wykonane s\u0105 z bawe\u0142ny premium i nie zawieraj\u0105 \u017cadnych tworzyw sztucznych. Delikatnie oczyszczaj\u0105 nawet najbardziej wra\u017cliw\u0105 sk\u00f3r\u0119. Pampers Chusteczki Nawil\u017cane Harmonie Aqua 15 X 48 Szt. = 720 Chusteczek Pampers nela w krainie wombat\u00f3w, najrzadsze imiona w [&hellip;]<\/p>\n","protected":false},"featured_media":9666,"comment_status":"closed","ping_status":"open","template":"","meta":[],"product_cat":[1838,185],"product_tag":[847,780,608,812,767],"class_list":["post-9665","product","type-product","status-publish","has-post-thumbnail","hentry","product_cat-chusteczki-nawilzane","product_cat-pampers","product_tag-kolorowanki-pokemon","product_tag-krecik-bajka","product_tag-zagadki-i-odpowiedzi","product_tag-zagadki-logiczne-na-inteligencje","product_tag-zaproszenia-urodzinowe-do-druku"],"_links":{"self":[{"href":"http:\/\/klubmamgdynia.pl\/index.php\/wp-json\/wp\/v2\/product\/9665","targetHints":{"allow":["GET"]}}],"collection":[{"href":"http:\/\/klubmamgdynia.pl\/index.php\/wp-json\/wp\/v2\/product"}],"about":[{"href":"http:\/\/klubmamgdynia.pl\/index.php\/wp-json\/wp\/v2\/types\/product"}],"replies":[{"embeddable":true,"href":"http:\/\/klubmamgdynia.pl\/index.php\/wp-json\/wp\/v2\/comments?post=9665"}],"wp:featuredmedia":[{"embeddable":true,"href":"http:\/\/klubmamgdynia.pl\/index.php\/wp-json\/wp\/v2\/media\/9666"}],"wp:attachment":[{"href":"http:\/\/klubmamgdynia.pl\/index.php\/wp-json\/wp\/v2\/media?parent=9665"}],"wp:term":[{"taxonomy":"product_cat","embeddable":true,"href":"http:\/\/klubmamgdynia.pl\/index.php\/wp-json\/wp\/v2\/product_cat?post=9665"},{"taxonomy":"product_tag","embeddable":true,"href":"http:\/\/klubmamgdynia.pl\/index.php\/wp-json\/wp\/v2\/product_tag?post=9665"}],"curies":[{"name":"wp","href":"https:\/\/api.w.org\/{rel}","templated":true}]}}