{"id":9667,"date":"2012-12-11T05:18:42","date_gmt":"2012-12-11T04:18:42","guid":{"rendered":"http:\/\/klubmamgdynia.pl\/index.php\/produkt\/decuevas-wozek-dla-lalek-sweet-skladany-35-x-50-x-56-cm\/"},"modified":"2026-05-01T15:45:20","modified_gmt":"2026-05-01T13:45:20","slug":"decuevas-wozek-dla-lalek-sweet-skladany-35-x-50-x-56-cm","status":"publish","type":"product","link":"http:\/\/klubmamgdynia.pl\/index.php\/produkt\/decuevas-wozek-dla-lalek-sweet-skladany-35-x-50-x-56-cm\/","title":{"rendered":"Decuevas W\u00f3zek Dla Lalek Sweet Sk\u0142adany 35 X 50 X 56 Cm"},"content":{"rendered":"<p>Dzieci zas\u0142uguj\u0105 na to co najlepsze, dlatego przedstawiamy Ci W\u00f3zek dla Lalek Decuevas Sweet Sk\u0142adany 35 x 50 x 56 cm, idealny dla tych, kt\u00f3rzy szukaj\u0105 produkt\u00f3w wysokiej jako\u015bci dla dzieci! Zdob\u0105d\u017a Decuevas w najlepszych cenach!Wymagany monta\u017c: TakZalecany Wiek: + 3 latW\u0142a\u015bciwo\u015bci: Sk\u0142adanyZawiera: MateracPoduszkaPlecakWymiary ok.: 35 x 50 x 56 cm&#8230;<\/p>\n<h2>Decuevas W\u00f3zek Dla Lalek Sweet Sk\u0142adany 35 X 50 X 56 Cm DeCuevas<\/h2>\n<p>\u017cyczenia na lany poniedzia\u0142ek wielkanocny, zabawki na roczek dla dziewczynki, opowie\u015bci z narni lew czarownica i stara szafa test, kolorowanki super zings, zagadki dla dzieci 10 12 lat z odpowiedziami, zaj\u0119cia kulinarne dla dzieci pomys\u0142y, bajki dla dziewczynek<\/p>\n<p>yyyyy<\/p>\n<p>&nbsp;<\/p>\n","protected":false},"excerpt":{"rendered":"<p>Dzieci zas\u0142uguj\u0105 na to co najlepsze, dlatego przedstawiamy Ci W\u00f3zek dla Lalek Decuevas Sweet Sk\u0142adany 35 x 50 x 56 cm, idealny dla tych, kt\u00f3rzy szukaj\u0105 produkt\u00f3w wysokiej jako\u015bci dla dzieci! Zdob\u0105d\u017a Decuevas w najlepszych cenach!Wymagany monta\u017c: TakZalecany Wiek: + 3 latW\u0142a\u015bciwo\u015bci: Sk\u0142adanyZawiera: MateracPoduszkaPlecakWymiary ok.: 35 x 50 x 56 cm&#8230; Decuevas W\u00f3zek Dla Lalek [&hellip;]<\/p>\n","protected":false},"featured_media":9668,"comment_status":"closed","ping_status":"open","template":"","meta":[],"product_cat":[1839,1098],"product_tag":[658,871,758,683],"class_list":["post-9667","product","type-product","status-publish","has-post-thumbnail","hentry","product_cat-decuevas","product_cat-wozki-dla-lalek","product_tag-alan-znaczenie-imienia","product_tag-bajka-o-smoku-wawelskim","product_tag-julian","product_tag-karaluchy-pod-poduchy"],"_links":{"self":[{"href":"http:\/\/klubmamgdynia.pl\/index.php\/wp-json\/wp\/v2\/product\/9667","targetHints":{"allow":["GET"]}}],"collection":[{"href":"http:\/\/klubmamgdynia.pl\/index.php\/wp-json\/wp\/v2\/product"}],"about":[{"href":"http:\/\/klubmamgdynia.pl\/index.php\/wp-json\/wp\/v2\/types\/product"}],"replies":[{"embeddable":true,"href":"http:\/\/klubmamgdynia.pl\/index.php\/wp-json\/wp\/v2\/comments?post=9667"}],"wp:featuredmedia":[{"embeddable":true,"href":"http:\/\/klubmamgdynia.pl\/index.php\/wp-json\/wp\/v2\/media\/9668"}],"wp:attachment":[{"href":"http:\/\/klubmamgdynia.pl\/index.php\/wp-json\/wp\/v2\/media?parent=9667"}],"wp:term":[{"taxonomy":"product_cat","embeddable":true,"href":"http:\/\/klubmamgdynia.pl\/index.php\/wp-json\/wp\/v2\/product_cat?post=9667"},{"taxonomy":"product_tag","embeddable":true,"href":"http:\/\/klubmamgdynia.pl\/index.php\/wp-json\/wp\/v2\/product_tag?post=9667"}],"curies":[{"name":"wp","href":"https:\/\/api.w.org\/{rel}","templated":true}]}}