{"id":9669,"date":"2013-04-18T12:46:14","date_gmt":"2013-04-18T10:46:14","guid":{"rendered":"http:\/\/klubmamgdynia.pl\/index.php\/produkt\/derform-kolorowanka-wodna-magiczna-kotki\/"},"modified":"2026-04-28T11:19:04","modified_gmt":"2026-04-28T09:19:04","slug":"derform-kolorowanka-wodna-magiczna-kotki","status":"publish","type":"product","link":"http:\/\/klubmamgdynia.pl\/index.php\/produkt\/derform-kolorowanka-wodna-magiczna-kotki\/","title":{"rendered":"Derform Kolorowanka Wodna Magiczna Kotki"},"content":{"rendered":"<p>Magiczna, wielorazowa kolorowanka wodna to super pomys\u0142 na prezent!Posiada, a\u017c 6 obrazk\u00f3w idealnych dla wszystkich wielbicieli kotk\u00f3w.W zestawie znajduje si\u0119 pisak na wod\u0119.To w\u0142a\u015bnie zwyk\u0142a woda sprawia, \u017ce pojawiaj\u0105 si\u0119 kolory na naszych obrazkach.Po kilku minutach kolory znikaj\u0105 i mo\u017cna rozpocz\u0105\u0107 zabaw\u0119 od nowa!Kolorowanka jest niebrudz\u0105ca, dzi\u0119ki czemu sprawdzi si\u0119 doskonale dla dzieci, kt\u00f3re dopiero rozpoczynaj\u0105 przygod\u0119 z plastyk\u0105.Zamiast do\u0142\u0105czonego pisaka mo\u017cna r\u00f3wnie\u017c u\u017cy\u0107 grubego p\u0119dzelka i kubeczka z wod\u0105, wtedy m\u0142odszym dzieciom b\u0119dzie \u0142atwiej pokry\u0107 wod\u0105 ca\u0142y obrazek.Wiek: +3EAN: 5901130082087<\/p>\n<h2>Derform Kolorowanka Wodna Magiczna Kotki Derform<\/h2>\n<p>quiz o akademii pana kleksa, jacek, karyna, zabawa dla 7 latka, kostek imi\u0119, karaluchy pod poduchy a szczypawki, dyplom za udzia\u0142 w konkursie do druku, calineczka test z odpowiedziami, znaczenie imienia lilia, cytaty dla mamy, kolorowanki do druku kotki, prezenty dla m\u0142odzie\u017cy, asiunia test z lektury, plac zamkowy, narysowa\u0107 rysunki \u0142atwe, trudne zagadki na inteligencj\u0119, literki dla dzieci, postacie z bajek, opisy do zdj z dzieckiem, quizy dla przedszkolak\u00f3w, prezent na roczek nie zabawka<\/p>\n<p>yyyyy<\/p>\n<p>&nbsp;<\/p>\n","protected":false},"excerpt":{"rendered":"<p>Magiczna, wielorazowa kolorowanka wodna to super pomys\u0142 na prezent!Posiada, a\u017c 6 obrazk\u00f3w idealnych dla wszystkich wielbicieli kotk\u00f3w.W zestawie znajduje si\u0119 pisak na wod\u0119.To w\u0142a\u015bnie zwyk\u0142a woda sprawia, \u017ce pojawiaj\u0105 si\u0119 kolory na naszych obrazkach.Po kilku minutach kolory znikaj\u0105 i mo\u017cna rozpocz\u0105\u0107 zabaw\u0119 od nowa!Kolorowanka jest niebrudz\u0105ca, dzi\u0119ki czemu sprawdzi si\u0119 doskonale dla dzieci, kt\u00f3re dopiero [&hellip;]<\/p>\n","protected":false},"featured_media":9670,"comment_status":"closed","ping_status":"open","template":"","meta":[],"product_cat":[1021,21],"product_tag":[663,745,628,607],"class_list":["post-9669","product","type-product","status-publish","has-post-thumbnail","hentry","product_cat-derform","product_cat-zabawki-plastyczne","product_tag-kolorowanki-dla-dzieci-do-druku","product_tag-prezent-dla-15-latki","product_tag-zagadka","product_tag-zarty-na-prima-aprilis-dla-rodzicow"],"_links":{"self":[{"href":"http:\/\/klubmamgdynia.pl\/index.php\/wp-json\/wp\/v2\/product\/9669","targetHints":{"allow":["GET"]}}],"collection":[{"href":"http:\/\/klubmamgdynia.pl\/index.php\/wp-json\/wp\/v2\/product"}],"about":[{"href":"http:\/\/klubmamgdynia.pl\/index.php\/wp-json\/wp\/v2\/types\/product"}],"replies":[{"embeddable":true,"href":"http:\/\/klubmamgdynia.pl\/index.php\/wp-json\/wp\/v2\/comments?post=9669"}],"wp:featuredmedia":[{"embeddable":true,"href":"http:\/\/klubmamgdynia.pl\/index.php\/wp-json\/wp\/v2\/media\/9670"}],"wp:attachment":[{"href":"http:\/\/klubmamgdynia.pl\/index.php\/wp-json\/wp\/v2\/media?parent=9669"}],"wp:term":[{"taxonomy":"product_cat","embeddable":true,"href":"http:\/\/klubmamgdynia.pl\/index.php\/wp-json\/wp\/v2\/product_cat?post=9669"},{"taxonomy":"product_tag","embeddable":true,"href":"http:\/\/klubmamgdynia.pl\/index.php\/wp-json\/wp\/v2\/product_tag?post=9669"}],"curies":[{"name":"wp","href":"https:\/\/api.w.org\/{rel}","templated":true}]}}