{"id":9671,"date":"2012-09-22T11:40:05","date_gmt":"2012-09-22T09:40:05","guid":{"rendered":"http:\/\/klubmamgdynia.pl\/index.php\/produkt\/mz-mata-wodna-do-rysowania-laka\/"},"modified":"2026-04-05T20:14:02","modified_gmt":"2026-04-05T18:14:02","slug":"mz-mata-wodna-do-rysowania-laka","status":"publish","type":"product","link":"http:\/\/klubmamgdynia.pl\/index.php\/produkt\/mz-mata-wodna-do-rysowania-laka\/","title":{"rendered":"M&amp;Z Mata Wodna Do Rysowania \u0141\u0105ka"},"content":{"rendered":"<p>Mata do rysowania wod\u0105.Dziecko mo\u017ce tworzy\u0107 mazakiem rysunki, odbija\u0107 na macie swoje d\u0142onie lub namoczone stemple. Jedyne co trzeba zrobi\u0107 to wype\u0142ni\u0107 czyst\u0105 wod\u0105 specjalny flamaster.Nape\u0142niamy pisak wod\u0105, rysujemy nim po macie, a rysunki po chwili \u201emagicznie\u201d znikaj\u0105 i Twoje dziecko b\u0119dzie mog\u0142o rozpocz\u0105\u0107 tworzenie nowego dzie\u0142a. Mata wykonana jest z przyjemnego w dotyku materia\u0142u, dzi\u0119ki czemu wygl\u0105da estetycznie po wielu u\u017c\u0119ciach, a utrzymanie jej w czysto\u015bci jest niezmiernie p&#8230;<\/p>\n<h2>M&amp;Z Mata Wodna Do Rysowania \u0141\u0105ka M&amp;Z<\/h2>\n<p>maski do druku kolorowe, zaproszenie na urodziny do druku pdf, p\u0142onie ognisko w lesie, opis rodzina, co kupic 7 latkowi pod choinke<\/p>\n<p>yyyyy<\/p>\n<p>&nbsp;<\/p>\n","protected":false},"excerpt":{"rendered":"<p>Mata do rysowania wod\u0105.Dziecko mo\u017ce tworzy\u0107 mazakiem rysunki, odbija\u0107 na macie swoje d\u0142onie lub namoczone stemple. Jedyne co trzeba zrobi\u0107 to wype\u0142ni\u0107 czyst\u0105 wod\u0105 specjalny flamaster.Nape\u0142niamy pisak wod\u0105, rysujemy nim po macie, a rysunki po chwili \u201emagicznie\u201d znikaj\u0105 i Twoje dziecko b\u0119dzie mog\u0142o rozpocz\u0105\u0107 tworzenie nowego dzie\u0142a. Mata wykonana jest z przyjemnego w dotyku materia\u0142u, [&hellip;]<\/p>\n","protected":false},"featured_media":9672,"comment_status":"closed","ping_status":"open","template":"","meta":[],"product_cat":[1177,21],"product_tag":[652,665,872,597],"class_list":["post-9671","product","type-product","status-publish","has-post-thumbnail","hentry","product_cat-mz","product_cat-zabawki-plastyczne","product_tag-otto","product_tag-proste-zagadki","product_tag-zagadki-dla-dzieci-6-lat","product_tag-zagadki-o-zimie"],"_links":{"self":[{"href":"http:\/\/klubmamgdynia.pl\/index.php\/wp-json\/wp\/v2\/product\/9671","targetHints":{"allow":["GET"]}}],"collection":[{"href":"http:\/\/klubmamgdynia.pl\/index.php\/wp-json\/wp\/v2\/product"}],"about":[{"href":"http:\/\/klubmamgdynia.pl\/index.php\/wp-json\/wp\/v2\/types\/product"}],"replies":[{"embeddable":true,"href":"http:\/\/klubmamgdynia.pl\/index.php\/wp-json\/wp\/v2\/comments?post=9671"}],"wp:featuredmedia":[{"embeddable":true,"href":"http:\/\/klubmamgdynia.pl\/index.php\/wp-json\/wp\/v2\/media\/9672"}],"wp:attachment":[{"href":"http:\/\/klubmamgdynia.pl\/index.php\/wp-json\/wp\/v2\/media?parent=9671"}],"wp:term":[{"taxonomy":"product_cat","embeddable":true,"href":"http:\/\/klubmamgdynia.pl\/index.php\/wp-json\/wp\/v2\/product_cat?post=9671"},{"taxonomy":"product_tag","embeddable":true,"href":"http:\/\/klubmamgdynia.pl\/index.php\/wp-json\/wp\/v2\/product_tag?post=9671"}],"curies":[{"name":"wp","href":"https:\/\/api.w.org\/{rel}","templated":true}]}}