{"id":9673,"date":"2019-03-03T08:53:47","date_gmt":"2019-03-03T07:53:47","guid":{"rendered":"http:\/\/klubmamgdynia.pl\/index.php\/produkt\/umarex-pistolet-asg-walther-p99-2-5543\/"},"modified":"2026-04-29T21:17:07","modified_gmt":"2026-04-29T19:17:07","slug":"umarex-pistolet-asg-walther-p99-2-5543","status":"publish","type":"product","link":"http:\/\/klubmamgdynia.pl\/index.php\/produkt\/umarex-pistolet-asg-walther-p99-2-5543\/","title":{"rendered":"Umarex Pistolet ASG Walther P99 (2.5543)"},"content":{"rendered":"<p>Pistolet Walther P99 to spr\u0119\u017cynowa replika broni szeroko wykorzystywanego przez s\u0142u\u017cby mundurowe na ca\u0142ym \u015bwiecie. Charakteryzuje si\u0119 wykonaniem z wysokiej jako\u015bci polimeru. Dodatkowo pistolet wyposa\u017cono w znajduj\u0105c\u0105 si\u0119 pod luf\u0105 szyn\u0119 monta\u017cow\u0105 22 mm, umo\u017cliwiaj\u0105c w ten spos\u00f3b rozszerzenie zestawu o dodatkowe akcesoria.Replika ta ze wzgl\u0119du na niewielk\u0105 si\u0142\u0119 i prostot\u0119 w obs\u0142udze jest szczeg\u00f3lnie polecana jest osobom rozpoczynaj\u0105cym swoj\u0105 przygod\u0119 z ASG.                            <\/p>\n<p>W zale\u017cno\u015bci od tego jakie w jakiej rozgrywce bierzemy udzia\u0142, firma Umrex daje nam wyb\u00f3r &#8211; dwam magazynki pozwalaj\u0105 dostosowa\u0107 bro\u0144 do sytuacji. Pierwszy w standardzie Low-cap o pojemno\u015bci dwunastu kulek oraz Hi-cap umo\u017cliwiaj\u0105cy za\u0142adowanie a\u017c stu kulek. W efekcie mo\u017cesz trenowa\u0107 d\u0142u\u017cej, bez konieczno\u015bci ci\u0105g\u0142ej wymiany magazynk\u00f3w.                            <\/p>\n<p>Replika standardowo wyposa\u017cona jest w przyrz\u0105dy celownicze w postaci nieregulowanej muszki i szczerbinki. Jednak dzi\u0119ki zastosowaniu szyny monta\u017cowej masz mo\u017cliwo\u015b\u0107 zwi\u0119kszy\u0107 precyzj\u0119 strza\u0142\u00f3w poprzez monta\u017c laserowego wska\u017anika celu. Pr\u0119dko\u015b\u0107 pocz\u0105tkowa kulki to oko\u0142o 90 m\/s, co daje odpowiedni\u0105 no\u015bno\u015b\u0107 na kr\u00f3tkich dystansach.Ponadto, w tylnej cz\u0119\u015bci zamka &#8211; zupe\u0142nie jak w palnym oryginale &#8211; znajduje si\u0119 wska\u017anik napi\u0119cia mechanizmu repliki informuj\u0105c Ci\u0119 o gotowo\u015bci do strza\u0142u.                            <\/p>\n<p>Pistolet Walther P99 wykonano g\u0142\u00f3wnie z tworzywa sztucznego. Dzi\u0119ki zastosowaniu polimeru o wysokiej jako\u015bci i wytrzyma\u0142o\u015bci masz pewno\u015b\u0107, \u017ce replika jest odporna na napr\u0119\u017cenia czy trudne warunki atmosferyczne. Opr\u00f3cz tego docenisz jej wytrzyma\u0142o\u015b\u0107 na drobne uszkodzenia i otarcia, na kt\u00f3re mo\u017ce by\u0107 nara\u017cona w trakcie treningu lun na strzelance.<\/p>\n<h2>Umarex Pistolet ASG Walther P99 (2.5543) Walther<\/h2>\n<p>prezent dla 15 latki, wiersz o marzannie, zagadki dla dzieci 7-8 lat, cicha noc po angielsku, felix net i nika oraz gang niewidzialnych ludzi pytania i odpowiedzi, malowanie past\u0105 do z\u0119b\u00f3w, zaproszenie na urodziny dziecka tekst do druku<\/p>\n<p>yyyyy<\/p>\n<p>&nbsp;<\/p>\n","protected":false},"excerpt":{"rendered":"<p>Pistolet Walther P99 to spr\u0119\u017cynowa replika broni szeroko wykorzystywanego przez s\u0142u\u017cby mundurowe na ca\u0142ym \u015bwiecie. Charakteryzuje si\u0119 wykonaniem z wysokiej jako\u015bci polimeru. Dodatkowo pistolet wyposa\u017cono w znajduj\u0105c\u0105 si\u0119 pod luf\u0105 szyn\u0119 monta\u017cow\u0105 22 mm, umo\u017cliwiaj\u0105c w ten spos\u00f3b rozszerzenie zestawu o dodatkowe akcesoria.Replika ta ze wzgl\u0119du na niewielk\u0105 si\u0142\u0119 i prostot\u0119 w obs\u0142udze jest szczeg\u00f3lnie [&hellip;]<\/p>\n","protected":false},"featured_media":9674,"comment_status":"closed","ping_status":"open","template":"","meta":[],"product_cat":[1840,1168],"product_tag":[660,638,805,715],"class_list":["post-9673","product","type-product","status-publish","has-post-thumbnail","hentry","product_cat-karabinki-i-pistolety-asg","product_cat-walther","product_tag-bianka","product_tag-miastodzieci","product_tag-znaczenie-imienia-alan","product_tag-zosia-samosia"],"_links":{"self":[{"href":"http:\/\/klubmamgdynia.pl\/index.php\/wp-json\/wp\/v2\/product\/9673","targetHints":{"allow":["GET"]}}],"collection":[{"href":"http:\/\/klubmamgdynia.pl\/index.php\/wp-json\/wp\/v2\/product"}],"about":[{"href":"http:\/\/klubmamgdynia.pl\/index.php\/wp-json\/wp\/v2\/types\/product"}],"replies":[{"embeddable":true,"href":"http:\/\/klubmamgdynia.pl\/index.php\/wp-json\/wp\/v2\/comments?post=9673"}],"wp:featuredmedia":[{"embeddable":true,"href":"http:\/\/klubmamgdynia.pl\/index.php\/wp-json\/wp\/v2\/media\/9674"}],"wp:attachment":[{"href":"http:\/\/klubmamgdynia.pl\/index.php\/wp-json\/wp\/v2\/media?parent=9673"}],"wp:term":[{"taxonomy":"product_cat","embeddable":true,"href":"http:\/\/klubmamgdynia.pl\/index.php\/wp-json\/wp\/v2\/product_cat?post=9673"},{"taxonomy":"product_tag","embeddable":true,"href":"http:\/\/klubmamgdynia.pl\/index.php\/wp-json\/wp\/v2\/product_tag?post=9673"}],"curies":[{"name":"wp","href":"https:\/\/api.w.org\/{rel}","templated":true}]}}