{"id":9675,"date":"2015-05-19T19:16:28","date_gmt":"2015-05-19T17:16:28","guid":{"rendered":"http:\/\/klubmamgdynia.pl\/index.php\/produkt\/clementoni-300el-mixtery-hacking-attack-in-london-21714\/"},"modified":"2026-04-04T23:02:34","modified_gmt":"2026-04-04T21:02:34","slug":"clementoni-300el-mixtery-hacking-attack-in-london-21714","status":"publish","type":"product","link":"http:\/\/klubmamgdynia.pl\/index.php\/produkt\/clementoni-300el-mixtery-hacking-attack-in-london-21714\/","title":{"rendered":"Clementoni 300El. Mixtery Hacking Attack In London 21714"},"content":{"rendered":"<p>CLEMENTONI 300 el. Mixtery Hacking attack in London 21714 [PUZZLE]*** PREMIERA *** Wysy\u0142ka nast\u0105pi po dacie premiery: 2022-05-31OpisU\u0142\u00f3\u017c puzzle i rozwi\u0105\u017c 11 zagadek. Poznaj tajemnic\u0119 ka\u017cdej historii! Zawiera: 1 uk\u0142adanka 12 kartonik\u00f3w z zagadkami Ulotka zawieraj\u0105ca instrukcje i rozwi\u0105zania 1 plakat z obrazem puzzliStan produktuProdukt ORYGINALNY. Zupe\u0142nie nowy.Dzia\u0142: PUZZLEDla kogo?: dla ch\u0142opc\u00f3w i dziewczynekLiczba element\u00f3w: 300Liczba no\u015bnik\u00f3w: [1xPUZZLE]SKU: 1614806<\/p>\n<h2>Clementoni 300El. Mixtery Hacking Attack In London 21714 Clementoni<\/h2>\n<p>warszawa dzieci, zaproszenie na urodziny dziecka do druku, czerwony kapturek kolorowanka, plan lekcji do druku, zaproszenie na urodziny dziecka tekst do druku<\/p>\n<p>yyyyy<\/p>\n<p>&nbsp;<\/p>\n","protected":false},"excerpt":{"rendered":"<p>CLEMENTONI 300 el. Mixtery Hacking attack in London 21714 [PUZZLE]*** PREMIERA *** Wysy\u0142ka nast\u0105pi po dacie premiery: 2022-05-31OpisU\u0142\u00f3\u017c puzzle i rozwi\u0105\u017c 11 zagadek. Poznaj tajemnic\u0119 ka\u017cdej historii! Zawiera: 1 uk\u0142adanka 12 kartonik\u00f3w z zagadkami Ulotka zawieraj\u0105ca instrukcje i rozwi\u0105zania 1 plakat z obrazem puzzliStan produktuProdukt ORYGINALNY. Zupe\u0142nie nowy.Dzia\u0142: PUZZLEDla kogo?: dla ch\u0142opc\u00f3w i dziewczynekLiczba element\u00f3w: [&hellip;]<\/p>\n","protected":false},"featured_media":9676,"comment_status":"closed","ping_status":"open","template":"","meta":[],"product_cat":[163,90],"product_tag":[691,744,778,799],"class_list":["post-9675","product","type-product","status-publish","has-post-thumbnail","hentry","product_cat-clementoni","product_cat-puzzle","product_tag-gabriel","product_tag-kolorowanki-swiateczne-do-wydruku","product_tag-zabawki-na-roczek-dla-chlopca","product_tag-zagadka-logiczna"],"_links":{"self":[{"href":"http:\/\/klubmamgdynia.pl\/index.php\/wp-json\/wp\/v2\/product\/9675","targetHints":{"allow":["GET"]}}],"collection":[{"href":"http:\/\/klubmamgdynia.pl\/index.php\/wp-json\/wp\/v2\/product"}],"about":[{"href":"http:\/\/klubmamgdynia.pl\/index.php\/wp-json\/wp\/v2\/types\/product"}],"replies":[{"embeddable":true,"href":"http:\/\/klubmamgdynia.pl\/index.php\/wp-json\/wp\/v2\/comments?post=9675"}],"wp:featuredmedia":[{"embeddable":true,"href":"http:\/\/klubmamgdynia.pl\/index.php\/wp-json\/wp\/v2\/media\/9676"}],"wp:attachment":[{"href":"http:\/\/klubmamgdynia.pl\/index.php\/wp-json\/wp\/v2\/media?parent=9675"}],"wp:term":[{"taxonomy":"product_cat","embeddable":true,"href":"http:\/\/klubmamgdynia.pl\/index.php\/wp-json\/wp\/v2\/product_cat?post=9675"},{"taxonomy":"product_tag","embeddable":true,"href":"http:\/\/klubmamgdynia.pl\/index.php\/wp-json\/wp\/v2\/product_tag?post=9675"}],"curies":[{"name":"wp","href":"https:\/\/api.w.org\/{rel}","templated":true}]}}