{"id":968,"date":"2021-09-28T11:16:55","date_gmt":"2021-09-28T09:16:55","guid":{"rendered":"http:\/\/klubmamgdynia.pl\/index.php\/produkt\/chicco-ohlala-paprika-spacerowy\/"},"modified":"2026-04-07T12:23:22","modified_gmt":"2026-04-07T10:23:22","slug":"chicco-ohlala-paprika-spacerowy","status":"publish","type":"product","link":"http:\/\/klubmamgdynia.pl\/index.php\/produkt\/chicco-ohlala-paprika-spacerowy\/","title":{"rendered":"Chicco Ohlala Paprika Spacerowy"},"content":{"rendered":"<p>W\u00f3zek spacerowy Chicco OhLaLa- niezwykle lekki (tylko 3,8 kg) oraz zaskakuj\u0105co trwa\u0142y\u2022 nowy Chicco OhLaLa jest tak lekki, \u017ce mo\u017cna go podnie\u015b\u0107 jednym palcem!\u2022 przeznaczony dla dzieci ju\u017c od narodzin do wagi 15 kg\u2022 zaprojektowany, aby zapewni\u0107 maksimum komfortu zar\u00f3wno rodzicom jak i dzieciom\u2022 \u0142\u0105czona r\u0105czka dla \u0142atwego prowadzenia jedn\u0105 r\u0119k\u0105\u2022 du\u017cy kosz na zakupy\u2022 komfortowe siedzisko dzi\u0119ki u\u017cyciu mi\u0119kkich tkanin\u2022 w pe\u0142ni odchylane oparcie i regulacja podn\u00f3\u017cka\u2022 wyposa\u017cony w wielopozycyjne oparcie\u2022 system szybkiego sk\u0142adania do ma\u0142ych rozmiar\u00f3w\u2022 zdejmowana do prania tapicerka\u2022 folia przeciwdeszczowa w komplecie\u2022 zgodny z normami bezpiecze\u0144stwa\u2022 gwarancja 24 miesi\u0105ce door-to-door Regulowane oparcie i podn\u00f3\u017cekpozwalaj\u0105 dziecku na spokojny i komfortowy senW komplecie folia przeciwdeszczowaZintegrowany uchwyt do wygodnego przenoszeniaSystem szybkiego sk\u0142adaniaoraz niewielkie wymiary po z\u0142o\u017ceniuNowoczesny\u2022 \u0142atwy do prowadzenia &#8211; zwrotny\u2022 \u0142atwy do przenoszenia &#8211; lekki\u2022 \u0142atwy do przechowywania &#8211; niewielkie wymiary po z\u0142o\u017ceniuUltralekki\u2022 wa\u017cy tylko 3,8 kg\u2022 mo\u017cna go podnie\u015b\u0107 nawet jednym palcem!\u0141atwy w prowadzeniu\u2022 zwrotny\u2022 \u0142atwe manewrowanie, nawet przy u\u017cyciu tylko jednej r\u0119kiKompaktowy i \u0142atwy w obs\u0142udze\u2022 sk\u0142ada si\u0119 szybko\u2022 po z\u0142o\u017ceniu mo\u017ce sam sta\u0107Wymiary:\u2022 po roz\u0142o\u017ceniu: 46 x 81 x 101 cm\u2022 po z\u0142o\u017ceniu: 30 x 50 x 90 cmWaga:\u2022 3,8 kg<\/p>\n<h2>Chicco Ohlala Paprika Spacerowy Chicco<\/h2>\n<p>zagadki logiczne z odpowiedziami, halloween 2021 dla dzieci, \u015bwinka peppa bajki do czytania, opis do zdj\u0119cia dziecka na fb, aneta, piosenka na dzie\u0144 nauczyciela przedszkole<\/p>\n<p>yyyyy<\/p>\n<p>&nbsp;<\/p>\n","protected":false},"excerpt":{"rendered":"<p>W\u00f3zek spacerowy Chicco OhLaLa- niezwykle lekki (tylko 3,8 kg) oraz zaskakuj\u0105co trwa\u0142y\u2022 nowy Chicco OhLaLa jest tak lekki, \u017ce mo\u017cna go podnie\u015b\u0107 jednym palcem!\u2022 przeznaczony dla dzieci ju\u017c od narodzin do wagi 15 kg\u2022 zaprojektowany, aby zapewni\u0107 maksimum komfortu zar\u00f3wno rodzicom jak i dzieciom\u2022 \u0142\u0105czona r\u0105czka dla \u0142atwego prowadzenia jedn\u0105 r\u0119k\u0105\u2022 du\u017cy kosz na zakupy\u2022 [&hellip;]<\/p>\n","protected":false},"featured_media":969,"comment_status":"closed","ping_status":"open","template":"","meta":[],"product_cat":[312,71],"product_tag":[839,674,869],"class_list":["post-968","product","type-product","status-publish","has-post-thumbnail","hentry","product_cat-chicco","product_cat-wozki-spacerowe","product_tag-bajki-na-dobranoc-do-czytania","product_tag-miasto-dzieci","product_tag-zagadki-na-logike"],"_links":{"self":[{"href":"http:\/\/klubmamgdynia.pl\/index.php\/wp-json\/wp\/v2\/product\/968","targetHints":{"allow":["GET"]}}],"collection":[{"href":"http:\/\/klubmamgdynia.pl\/index.php\/wp-json\/wp\/v2\/product"}],"about":[{"href":"http:\/\/klubmamgdynia.pl\/index.php\/wp-json\/wp\/v2\/types\/product"}],"replies":[{"embeddable":true,"href":"http:\/\/klubmamgdynia.pl\/index.php\/wp-json\/wp\/v2\/comments?post=968"}],"wp:featuredmedia":[{"embeddable":true,"href":"http:\/\/klubmamgdynia.pl\/index.php\/wp-json\/wp\/v2\/media\/969"}],"wp:attachment":[{"href":"http:\/\/klubmamgdynia.pl\/index.php\/wp-json\/wp\/v2\/media?parent=968"}],"wp:term":[{"taxonomy":"product_cat","embeddable":true,"href":"http:\/\/klubmamgdynia.pl\/index.php\/wp-json\/wp\/v2\/product_cat?post=968"},{"taxonomy":"product_tag","embeddable":true,"href":"http:\/\/klubmamgdynia.pl\/index.php\/wp-json\/wp\/v2\/product_tag?post=968"}],"curies":[{"name":"wp","href":"https:\/\/api.w.org\/{rel}","templated":true}]}}