{"id":9681,"date":"2023-03-25T06:10:18","date_gmt":"2023-03-25T05:10:18","guid":{"rendered":"http:\/\/klubmamgdynia.pl\/?post_type=product&#038;p=9681"},"modified":"2026-05-17T22:12:29","modified_gmt":"2026-05-17T20:12:29","slug":"derform-kolorowanka-wodna-magiczna-jednorozec","status":"publish","type":"product","link":"http:\/\/klubmamgdynia.pl\/index.php\/produkt\/derform-kolorowanka-wodna-magiczna-jednorozec\/","title":{"rendered":"Derform Kolorowanka Wodna Magiczna Jednoro\u017cec"},"content":{"rendered":"<p>Magiczna, wielorazowa kolorowanka wodna to super pomys\u0142 na prezent!Posiada, a\u017c 6 obrazk\u00f3w idealnych dla wszystkich mi\u0142o\u015bniczek magicznych jednoro\u017cc\u00f3w.W zestawie znajduje si\u0119 pisak na wod\u0119.To w\u0142a\u015bnie zwyk\u0142a woda sprawia, \u017ce pojawiaj\u0105 si\u0119 kolory na naszych obrazkach.Po kilku minutach kolory znikaj\u0105 i mo\u017cna rozpocz\u0105\u0107 zabaw\u0119 od nowa!Kolorowanka jest niebrudz\u0105ca, dzi\u0119ki czemu sprawdzi si\u0119 doskonale dla dzieci, kt\u00f3re dopiero rozpoczynaj\u0105 przygod\u0119 z plastyk\u0105.Zamiast do\u0142\u0105czonego pisaka mo\u017cna r\u00f3wnie\u017c u\u017cy\u0107 grubego p\u0119dzelka i kubeczka z wod\u0105, wtedy m\u0142odszym dzieciom b\u0119dzie \u0142atwiej pokry\u0107 wod\u0105 ca\u0142y obrazek.Wiek: +3<\/p>\n<h2>Derform Kolorowanka Wodna Magiczna Jednoro\u017cec Derform<\/h2>\n<p>zagadki logiczne z odpowiedziami, asiunia pytania do lektury, zagadka matematyczna, prezent dla 7 latki, ahmed, jaki prezent na roczek dla dziewczynki, quiz opowie\u015bci z narnii, ninjago kolorowanka, kolorowanka harry potter do druku, bajki do czytania, lamiglowki slowne, testy z lektury opowie\u015bci z narnii lew czarownica i stara szafa, cytaty dla mamy od c\u00f3rki, \u015bwinka peppa bajki do czytania, zabawy na dworze dla 10 latk\u00f3w, imi\u0119 natan, roszpunka kolorowanka, wydarzenia dla dzieci warszawa<\/p>\n<p>yyyyy<\/p>\n<p>&nbsp;<\/p>\n","protected":false},"excerpt":{"rendered":"<p>Magiczna, wielorazowa kolorowanka wodna to super pomys\u0142 na prezent!Posiada, a\u017c 6 obrazk\u00f3w idealnych dla wszystkich mi\u0142o\u015bniczek magicznych jednoro\u017cc\u00f3w.W zestawie znajduje si\u0119 pisak na wod\u0119.To w\u0142a\u015bnie zwyk\u0142a woda sprawia, \u017ce pojawiaj\u0105 si\u0119 kolory na naszych obrazkach.Po kilku minutach kolory znikaj\u0105 i mo\u017cna rozpocz\u0105\u0107 zabaw\u0119 od nowa!Kolorowanka jest niebrudz\u0105ca, dzi\u0119ki czemu sprawdzi si\u0119 doskonale dla dzieci, kt\u00f3re [&hellip;]<\/p>\n","protected":false},"featured_media":9682,"comment_status":"closed","ping_status":"open","template":"","meta":[],"product_cat":[1021,21],"product_tag":[658,827,844,851],"class_list":["post-9681","product","type-product","status-publish","has-post-thumbnail","hentry","product_cat-derform","product_cat-zabawki-plastyczne","product_tag-alan-znaczenie-imienia","product_tag-bajki-dla-niemowlat","product_tag-co-kupic-na-roczek","product_tag-jak-narysowac-kota"],"_links":{"self":[{"href":"http:\/\/klubmamgdynia.pl\/index.php\/wp-json\/wp\/v2\/product\/9681","targetHints":{"allow":["GET"]}}],"collection":[{"href":"http:\/\/klubmamgdynia.pl\/index.php\/wp-json\/wp\/v2\/product"}],"about":[{"href":"http:\/\/klubmamgdynia.pl\/index.php\/wp-json\/wp\/v2\/types\/product"}],"replies":[{"embeddable":true,"href":"http:\/\/klubmamgdynia.pl\/index.php\/wp-json\/wp\/v2\/comments?post=9681"}],"wp:featuredmedia":[{"embeddable":true,"href":"http:\/\/klubmamgdynia.pl\/index.php\/wp-json\/wp\/v2\/media\/9682"}],"wp:attachment":[{"href":"http:\/\/klubmamgdynia.pl\/index.php\/wp-json\/wp\/v2\/media?parent=9681"}],"wp:term":[{"taxonomy":"product_cat","embeddable":true,"href":"http:\/\/klubmamgdynia.pl\/index.php\/wp-json\/wp\/v2\/product_cat?post=9681"},{"taxonomy":"product_tag","embeddable":true,"href":"http:\/\/klubmamgdynia.pl\/index.php\/wp-json\/wp\/v2\/product_tag?post=9681"}],"curies":[{"name":"wp","href":"https:\/\/api.w.org\/{rel}","templated":true}]}}