{"id":9685,"date":"2025-01-04T12:10:48","date_gmt":"2025-01-04T11:10:48","guid":{"rendered":"http:\/\/klubmamgdynia.pl\/?post_type=product&#038;p=9685"},"modified":"2026-04-06T04:54:44","modified_gmt":"2026-04-06T02:54:44","slug":"coolplay-mata-edukacyjna-wodna-do-malowania-rysowania-duza","status":"publish","type":"product","link":"http:\/\/klubmamgdynia.pl\/index.php\/produkt\/coolplay-mata-edukacyjna-wodna-do-malowania-rysowania-duza\/","title":{"rendered":"Coolplay Mata Edukacyjna Wodna Do Malowania Rysowania Du\u017ca"},"content":{"rendered":"<p>Mata Edukacyjna Wodna Do Malowania Rysowania Du\u017ca<\/p>\n<h2>Coolplay Mata Edukacyjna Wodna Do Malowania Rysowania Du\u017ca <\/h2>\n<p>pani wiosna do druku, domowe syropy na zim\u0119, sara, z\u0142ote my\u015bli kr\u00f3tkie, zagadki dla 4 latka do druku, dla nastolatk\u00f3w prezenty, test z lektury ania z zielonego wzg\u00f3rza klasa 6 z odpowiedziami, peppa kolorowanka, test wiedzy z lektury przygody tomka sawyera z odpowiedziami, imi\u0119 nela, leonardo imie, najpi\u0119kniejsze piosenki \u015bwi\u0105teczne dla dzieci<\/p>\n<p>yyyyy<\/p>\n<p>&nbsp;<\/p>\n","protected":false},"excerpt":{"rendered":"<p>Mata Edukacyjna Wodna Do Malowania Rysowania Du\u017ca Coolplay Mata Edukacyjna Wodna Do Malowania Rysowania Du\u017ca pani wiosna do druku, domowe syropy na zim\u0119, sara, z\u0142ote my\u015bli kr\u00f3tkie, zagadki dla 4 latka do druku, dla nastolatk\u00f3w prezenty, test z lektury ania z zielonego wzg\u00f3rza klasa 6 z odpowiedziami, peppa kolorowanka, test wiedzy z lektury przygody tomka [&hellip;]<\/p>\n","protected":false},"featured_media":9686,"comment_status":"closed","ping_status":"open","template":"","meta":[],"product_cat":[21],"product_tag":[687,743,788,869],"class_list":["post-9685","product","type-product","status-publish","has-post-thumbnail","hentry","product_cat-zabawki-plastyczne","product_tag-podchwytliwe-zagadki-matematyczne","product_tag-quiz-dla-dzieci","product_tag-zagadki-krotkie","product_tag-zagadki-na-logike"],"_links":{"self":[{"href":"http:\/\/klubmamgdynia.pl\/index.php\/wp-json\/wp\/v2\/product\/9685","targetHints":{"allow":["GET"]}}],"collection":[{"href":"http:\/\/klubmamgdynia.pl\/index.php\/wp-json\/wp\/v2\/product"}],"about":[{"href":"http:\/\/klubmamgdynia.pl\/index.php\/wp-json\/wp\/v2\/types\/product"}],"replies":[{"embeddable":true,"href":"http:\/\/klubmamgdynia.pl\/index.php\/wp-json\/wp\/v2\/comments?post=9685"}],"wp:featuredmedia":[{"embeddable":true,"href":"http:\/\/klubmamgdynia.pl\/index.php\/wp-json\/wp\/v2\/media\/9686"}],"wp:attachment":[{"href":"http:\/\/klubmamgdynia.pl\/index.php\/wp-json\/wp\/v2\/media?parent=9685"}],"wp:term":[{"taxonomy":"product_cat","embeddable":true,"href":"http:\/\/klubmamgdynia.pl\/index.php\/wp-json\/wp\/v2\/product_cat?post=9685"},{"taxonomy":"product_tag","embeddable":true,"href":"http:\/\/klubmamgdynia.pl\/index.php\/wp-json\/wp\/v2\/product_tag?post=9685"}],"curies":[{"name":"wp","href":"https:\/\/api.w.org\/{rel}","templated":true}]}}