{"id":9687,"date":"2012-02-15T18:47:49","date_gmt":"2012-02-15T17:47:49","guid":{"rendered":"http:\/\/klubmamgdynia.pl\/index.php\/produkt\/djeco-djeco-gryzak-listek-babygreeni\/"},"modified":"2026-05-01T23:19:41","modified_gmt":"2026-05-01T21:19:41","slug":"djeco-djeco-gryzak-listek-babygreeni","status":"publish","type":"product","link":"http:\/\/klubmamgdynia.pl\/index.php\/produkt\/djeco-djeco-gryzak-listek-babygreeni\/","title":{"rendered":"Djeco Djeco Gryzak Listek Babygreeni"},"content":{"rendered":"<p>Zgrabny gryzaczek Djeco w stylowy spos\u00f3b \u0142\u0105czy drewno i silikon. Drewniany koralik-biedronka i silikonowy listek przynios\u0105 ulg\u0119 z\u0105bkuj\u0105cemu maluchowi. Zabawka jest lekka i zach\u0119ca malucha do chwytania. Gryzak zosta\u0142 zaprojektowany przez multidyscyplinarny zesp\u00f3\u0142 &#8211; wraz z neuropsychologiem, pediatr\u0105 i logoped\u0105.Wiek: 0+Materia\u0142y: drewno, silikonWymiary: 13,7 cm x 10 cm x 3 cmWymiary opakowania: 11,5 cm x 12,5 cm x 4,5 cm Zabawka opakowana w prze\u017aroczyste pude\u0142ko<\/p>\n<h2>Djeco Djeco Gryzak Listek Babygreeni Djeco<\/h2>\n<p>zabawy dla 5 6 latk\u00f3w, alan imie, kolorowanka spiderman, zagadki dla dzieci 6-7 lat, kolorowanka europa, podchwytliwe zagadki, pikachu kolorowanka, co robi\u0107 z dzieckiem w warszawie, pomys\u0142y na prezent dla nastolatk\u00f3w, imiona z bajek, jak namalowa\u0107 psa<\/p>\n<p>yyyyy<\/p>\n<p>&nbsp;<\/p>\n","protected":false},"excerpt":{"rendered":"<p>Zgrabny gryzaczek Djeco w stylowy spos\u00f3b \u0142\u0105czy drewno i silikon. Drewniany koralik-biedronka i silikonowy listek przynios\u0105 ulg\u0119 z\u0105bkuj\u0105cemu maluchowi. Zabawka jest lekka i zach\u0119ca malucha do chwytania. Gryzak zosta\u0142 zaprojektowany przez multidyscyplinarny zesp\u00f3\u0142 &#8211; wraz z neuropsychologiem, pediatr\u0105 i logoped\u0105.Wiek: 0+Materia\u0142y: drewno, silikonWymiary: 13,7 cm x 10 cm x 3 cmWymiary opakowania: 11,5 cm x [&hellip;]<\/p>\n","protected":false},"featured_media":9688,"comment_status":"closed","ping_status":"open","template":"","meta":[],"product_cat":[434,63],"product_tag":[648,828,681,810,693],"class_list":["post-9687","product","type-product","status-publish","has-post-thumbnail","hentry","product_cat-djeco","product_cat-grzechotki-i-gryzaki","product_tag-dobrej-nocy-i-sza","product_tag-filmy-wigilijne-dla-dzieci","product_tag-flagi-europy-quiz","product_tag-nauka-zegara-do-druku","product_tag-zagadki-dla-doroslych"],"_links":{"self":[{"href":"http:\/\/klubmamgdynia.pl\/index.php\/wp-json\/wp\/v2\/product\/9687","targetHints":{"allow":["GET"]}}],"collection":[{"href":"http:\/\/klubmamgdynia.pl\/index.php\/wp-json\/wp\/v2\/product"}],"about":[{"href":"http:\/\/klubmamgdynia.pl\/index.php\/wp-json\/wp\/v2\/types\/product"}],"replies":[{"embeddable":true,"href":"http:\/\/klubmamgdynia.pl\/index.php\/wp-json\/wp\/v2\/comments?post=9687"}],"wp:featuredmedia":[{"embeddable":true,"href":"http:\/\/klubmamgdynia.pl\/index.php\/wp-json\/wp\/v2\/media\/9688"}],"wp:attachment":[{"href":"http:\/\/klubmamgdynia.pl\/index.php\/wp-json\/wp\/v2\/media?parent=9687"}],"wp:term":[{"taxonomy":"product_cat","embeddable":true,"href":"http:\/\/klubmamgdynia.pl\/index.php\/wp-json\/wp\/v2\/product_cat?post=9687"},{"taxonomy":"product_tag","embeddable":true,"href":"http:\/\/klubmamgdynia.pl\/index.php\/wp-json\/wp\/v2\/product_tag?post=9687"}],"curies":[{"name":"wp","href":"https:\/\/api.w.org\/{rel}","templated":true}]}}