{"id":9689,"date":"2020-08-12T15:52:42","date_gmt":"2020-08-12T13:52:42","guid":{"rendered":"http:\/\/klubmamgdynia.pl\/index.php\/produkt\/small-foot-rainmaker-safari\/"},"modified":"2026-04-04T03:45:39","modified_gmt":"2026-04-04T01:45:39","slug":"small-foot-rainmaker-safari","status":"publish","type":"product","link":"http:\/\/klubmamgdynia.pl\/index.php\/produkt\/small-foot-rainmaker-safari\/","title":{"rendered":"Small Foot Rainmaker Safari"},"content":{"rendered":"<p>Szczeg\u00f3\u0142y produktu: Wiek: od 12 miesi\u0119cy Dzi\u0119ki temu kijowi deszczowemu wykonanemu z mocnego drewna, dzieci mog\u0105 w ka\u017cdej chwili na\u015bladowa\u0107 d\u017awi\u0119k deszczu lub s\u0142ucha\u0107 delikatnego szumu wody. Zabawka sensoryczna nie tylko \u0107wiczy percepcj\u0119 akustyczn\u0105, ale tak\u017ce przyci\u0105ga wzrok w pokoju dzieci\u0119cym dzi\u0119ki modern e kolorystyce z du\u017c\u0105 ilo\u015bci\u0105 naturalnego drewna. Nadaje si\u0119 r\u00f3wnie\u017c jako instrument rytmiczny, grzechotka lub zabawka do toczenia dla maluch\u00f3w Ruch deszczownicy wytwarza przyjemny, jednostajny d\u017awi\u0119k przypominaj\u0105cy p\u0142yn\u0105c\u0105 wod\u0119 lub szelest kropel deszczu Podczas gdy w Ameryce Po\u0142udniowej medycy chcieli zwabi\u0107 upragniony deszcz d\u017awi\u0119kiem kija deszczowego, dzieci ciesz\u0105 si\u0119 przede wszystkim fascynuj\u0105cym, przyjemnym d\u017awi\u0119kiem o uspokajaj\u0105cym dzia\u0142aniu. Wymiary i waga: Wymiary po z\u0142o\u017ceniu (d\u0142ugo\u015b\u0107 x szeroko\u015b\u0107 x wysoko\u015b\u0107): D\u0142ugo\u015b\u0107: ok. 35 cm, \u00d8 ok. 4 cm Waga: 0,34 kg Materia\u0142 i piel\u0119gnacja: Materia\u0142: drewno<\/p>\n<h2>Small Foot Rainmaker Safari Small Foot<\/h2>\n<p>cytaty o dzieciach i rodzinie, szablony postacie do szopki do druku, test z lektury dynastia mizio\u0142k\u00f3w, o mamie, zemsta quizy, kolorowanka ze zdj\u0119cia, lol kolorowanki do druku, wiosna zagadki s\u0142owne, znaczenie imienia paula, wiersz o marzannie, zabawy dla 5 latka, afryka\u0144skie imiona, psi patrol do druku, halloween dla dzieci warszawa, zagadka matematyczna dla dzieci, mira imie, znaczenie imienia alan<\/p>\n<p>yyyyy<\/p>\n<p>&nbsp;<\/p>\n","protected":false},"excerpt":{"rendered":"<p>Szczeg\u00f3\u0142y produktu: Wiek: od 12 miesi\u0119cy Dzi\u0119ki temu kijowi deszczowemu wykonanemu z mocnego drewna, dzieci mog\u0105 w ka\u017cdej chwili na\u015bladowa\u0107 d\u017awi\u0119k deszczu lub s\u0142ucha\u0107 delikatnego szumu wody. Zabawka sensoryczna nie tylko \u0107wiczy percepcj\u0119 akustyczn\u0105, ale tak\u017ce przyci\u0105ga wzrok w pokoju dzieci\u0119cym dzi\u0119ki modern e kolorystyce z du\u017c\u0105 ilo\u015bci\u0105 naturalnego drewna. Nadaje si\u0119 r\u00f3wnie\u017c jako instrument [&hellip;]<\/p>\n","protected":false},"featured_media":9690,"comment_status":"closed","ping_status":"open","template":"","meta":[],"product_cat":[372,155],"product_tag":[827,864,654,655,577],"class_list":["post-9689","product","type-product","status-publish","has-post-thumbnail","hentry","product_cat-small-foot","product_cat-zabawki-muzyczne","product_tag-bajki-dla-niemowlat","product_tag-basen-warszawa","product_tag-krotkie-bajki-dla-dzieci-do-czytania","product_tag-najlepsze-zagadki","product_tag-znaki-drogowe-test"],"_links":{"self":[{"href":"http:\/\/klubmamgdynia.pl\/index.php\/wp-json\/wp\/v2\/product\/9689","targetHints":{"allow":["GET"]}}],"collection":[{"href":"http:\/\/klubmamgdynia.pl\/index.php\/wp-json\/wp\/v2\/product"}],"about":[{"href":"http:\/\/klubmamgdynia.pl\/index.php\/wp-json\/wp\/v2\/types\/product"}],"replies":[{"embeddable":true,"href":"http:\/\/klubmamgdynia.pl\/index.php\/wp-json\/wp\/v2\/comments?post=9689"}],"wp:featuredmedia":[{"embeddable":true,"href":"http:\/\/klubmamgdynia.pl\/index.php\/wp-json\/wp\/v2\/media\/9690"}],"wp:attachment":[{"href":"http:\/\/klubmamgdynia.pl\/index.php\/wp-json\/wp\/v2\/media?parent=9689"}],"wp:term":[{"taxonomy":"product_cat","embeddable":true,"href":"http:\/\/klubmamgdynia.pl\/index.php\/wp-json\/wp\/v2\/product_cat?post=9689"},{"taxonomy":"product_tag","embeddable":true,"href":"http:\/\/klubmamgdynia.pl\/index.php\/wp-json\/wp\/v2\/product_tag?post=9689"}],"curies":[{"name":"wp","href":"https:\/\/api.w.org\/{rel}","templated":true}]}}