{"id":9693,"date":"2015-05-13T17:02:24","date_gmt":"2015-05-13T15:02:24","guid":{"rendered":"http:\/\/klubmamgdynia.pl\/index.php\/produkt\/moover-posciel-do-wozka-czerwona\/"},"modified":"2026-04-30T20:44:52","modified_gmt":"2026-04-30T18:44:52","slug":"moover-posciel-do-wozka-czerwona","status":"publish","type":"product","link":"http:\/\/klubmamgdynia.pl\/index.php\/produkt\/moover-posciel-do-wozka-czerwona\/","title":{"rendered":"Moover Po\u015bciel Do W\u00f3zka Czerwona"},"content":{"rendered":"<p>Czerwony komplet po\u015bcieli wykonany zosta\u0142 z dobrej jako\u015bci tkanin &#8211; bawe\u0142ny i poliesteru z modnym wzorkiem w bia\u0142e serduszka odpowiadaj\u0105cym designie w\u00f3zka marki Moover.Zestaw sk\u0142ada si\u0119 z prze\u015bcierad\u0142a, ko\u0142derki, poduszki oraz kocyka. Po\u015bciel sprawdzi si\u0119 w pokoju ka\u017cdej ma\u0142ej dziewczynki, nadaj\u0105c mu dodatkowego uroku. A co najwa\u017cniejsze, zapewni, \u017ce lalka posiada najmodniejsze dodatki w mie\u015bcie! Komplet spodoba si\u0119 na pewno m\u0142odym mamom, kt\u00f3re dbaj\u0105 o dobry sen dziecka w mi\u0119ciutkiej po\u015bcieli. Po\u015bciel dla lalki przeznaczona jest do zabawy dla dzieci od 1 roku \u017cycia. Du\u0144ska firma Moover specjalizuje si\u0119 w produkcji drewnianych zabawek. Zaprojektowane na podstawie zachowa\u0144 dzieci, opracowane by rozwija\u0142y i uczy\u0142y. Producent posiada r\u00f3\u017cnego rodzaju meble dla lalek, samochody dla ch\u0142opc\u00f3w czy uk\u0142adanki oraz zawieszki dla maluch\u00f3w. Przemy\u015blane w ka\u017cdym szczeg\u00f3le, oryginalnie zaprojektowane oraz solidnie wykonane pos\u0142u\u017c\u0105 niejednemu pokoleniu. Moover spe\u0142ni Twoje oczekiwania.Wiek: 1+Wymiary: 30 x 17 x 7 cm (d\u0142 x szer x wys)Materia\u0142: 100% bawe\u0142na i 100% poliester<\/p>\n<h2>Moover Po\u015bciel Do W\u00f3zka Czerwona Moover<\/h2>\n<p>alan imie, zagatki matematyczne, najlepsze zagadki, kolorowanki wed\u0142ug kodu do druku, zagadki dla dzieci 7-8 lat, zygzak mcqueen kolorowanka, psi patrol zadania do druku, prezent dla pi\u0119tnastolatka<\/p>\n<p>yyyyy<\/p>\n<p>&nbsp;<\/p>\n","protected":false},"excerpt":{"rendered":"<p>Czerwony komplet po\u015bcieli wykonany zosta\u0142 z dobrej jako\u015bci tkanin &#8211; bawe\u0142ny i poliesteru z modnym wzorkiem w bia\u0142e serduszka odpowiadaj\u0105cym designie w\u00f3zka marki Moover.Zestaw sk\u0142ada si\u0119 z prze\u015bcierad\u0142a, ko\u0142derki, poduszki oraz kocyka. Po\u015bciel sprawdzi si\u0119 w pokoju ka\u017cdej ma\u0142ej dziewczynki, nadaj\u0105c mu dodatkowego uroku. A co najwa\u017cniejsze, zapewni, \u017ce lalka posiada najmodniejsze dodatki w mie\u015bcie! [&hellip;]<\/p>\n","protected":false},"featured_media":9694,"comment_status":"closed","ping_status":"open","template":"","meta":[],"product_cat":[172,1296],"product_tag":[825,784,721,694,577],"class_list":["post-9693","product","type-product","status-publish","has-post-thumbnail","hentry","product_cat-akcesoria-dla-lalek","product_cat-moover","product_tag-bajka-na-dobranoc-do-czytania","product_tag-hymn-gorniczy","product_tag-zagadki-matematyczne","product_tag-zagadki-swiateczne-dla-dzieci","product_tag-znaki-drogowe-test"],"_links":{"self":[{"href":"http:\/\/klubmamgdynia.pl\/index.php\/wp-json\/wp\/v2\/product\/9693","targetHints":{"allow":["GET"]}}],"collection":[{"href":"http:\/\/klubmamgdynia.pl\/index.php\/wp-json\/wp\/v2\/product"}],"about":[{"href":"http:\/\/klubmamgdynia.pl\/index.php\/wp-json\/wp\/v2\/types\/product"}],"replies":[{"embeddable":true,"href":"http:\/\/klubmamgdynia.pl\/index.php\/wp-json\/wp\/v2\/comments?post=9693"}],"wp:featuredmedia":[{"embeddable":true,"href":"http:\/\/klubmamgdynia.pl\/index.php\/wp-json\/wp\/v2\/media\/9694"}],"wp:attachment":[{"href":"http:\/\/klubmamgdynia.pl\/index.php\/wp-json\/wp\/v2\/media?parent=9693"}],"wp:term":[{"taxonomy":"product_cat","embeddable":true,"href":"http:\/\/klubmamgdynia.pl\/index.php\/wp-json\/wp\/v2\/product_cat?post=9693"},{"taxonomy":"product_tag","embeddable":true,"href":"http:\/\/klubmamgdynia.pl\/index.php\/wp-json\/wp\/v2\/product_tag?post=9693"}],"curies":[{"name":"wp","href":"https:\/\/api.w.org\/{rel}","templated":true}]}}