{"id":9697,"date":"2018-03-28T04:09:14","date_gmt":"2018-03-28T02:09:14","guid":{"rendered":"http:\/\/klubmamgdynia.pl\/index.php\/produkt\/djeco-szablony-do-odrysowania-ksiezniczka\/"},"modified":"2026-04-30T02:01:34","modified_gmt":"2026-04-30T00:01:34","slug":"djeco-szablony-do-odrysowania-ksiezniczka","status":"publish","type":"product","link":"http:\/\/klubmamgdynia.pl\/index.php\/produkt\/djeco-szablony-do-odrysowania-ksiezniczka\/","title":{"rendered":"Djeco Szablony Do Odrysowania Ksi\u0119\u017cniczka"},"content":{"rendered":"<p>zestaw 5 plastikowych szablon\u00f3w do odrysowywania ksi\u0119\u017cniczki obrazki mo\u017cna p\u00f3\u017aniej pokolorowa\u0107 walory edukacyjne: przygotowanie do prawid\u0142owego trzymania d\u0142ugopisu, \u0142adnego pisania, rozw\u00f3j ma\u0142ej motoryki d\u0142oni Nazwa: Djeco, szablony do odrysowania Ksi\u0119\u017cniczkaProducent: DjecoMarka: DjecoPrzedzia\u0142 wiekowy: 3-4 lata, 5-7 latWiek: 4-8P\u0142e\u0107: dziewczynkaWaga w opak [g]: 140Indeks: 17319447Nr katalogowy: 68179403508ZA<\/p>\n<h2>Djeco Szablony Do Odrysowania Ksi\u0119\u017cniczka Djeco<\/h2>\n<p>wiosna zagadki, nowe quizy do rozwi\u0105zania, ju\u017c blisko kol\u0119da tekst, alan znaczenie imienia, szlaczki<\/p>\n<p>yyyyy<\/p>\n<p>&nbsp;<\/p>\n","protected":false},"excerpt":{"rendered":"<p>zestaw 5 plastikowych szablon\u00f3w do odrysowywania ksi\u0119\u017cniczki obrazki mo\u017cna p\u00f3\u017aniej pokolorowa\u0107 walory edukacyjne: przygotowanie do prawid\u0142owego trzymania d\u0142ugopisu, \u0142adnego pisania, rozw\u00f3j ma\u0142ej motoryki d\u0142oni Nazwa: Djeco, szablony do odrysowania Ksi\u0119\u017cniczkaProducent: DjecoMarka: DjecoPrzedzia\u0142 wiekowy: 3-4 lata, 5-7 latWiek: 4-8P\u0142e\u0107: dziewczynkaWaga w opak [g]: 140Indeks: 17319447Nr katalogowy: 68179403508ZA Djeco Szablony Do Odrysowania Ksi\u0119\u017cniczka Djeco wiosna zagadki, nowe [&hellip;]<\/p>\n","protected":false},"featured_media":9698,"comment_status":"closed","ping_status":"open","template":"","meta":[],"product_cat":[434,21],"product_tag":[781,754,808,810,773],"class_list":["post-9697","product","type-product","status-publish","has-post-thumbnail","hentry","product_cat-djeco","product_cat-zabawki-plastyczne","product_tag-cytaty-o-wychowaniu-dzieci","product_tag-dyplomy-do-wydrukowania-a4","product_tag-imie-mia","product_tag-nauka-zegara-do-druku","product_tag-test-z-lektury-opowiesci-z-narnii-lew-czarownica-i-stara-szafa"],"_links":{"self":[{"href":"http:\/\/klubmamgdynia.pl\/index.php\/wp-json\/wp\/v2\/product\/9697","targetHints":{"allow":["GET"]}}],"collection":[{"href":"http:\/\/klubmamgdynia.pl\/index.php\/wp-json\/wp\/v2\/product"}],"about":[{"href":"http:\/\/klubmamgdynia.pl\/index.php\/wp-json\/wp\/v2\/types\/product"}],"replies":[{"embeddable":true,"href":"http:\/\/klubmamgdynia.pl\/index.php\/wp-json\/wp\/v2\/comments?post=9697"}],"wp:featuredmedia":[{"embeddable":true,"href":"http:\/\/klubmamgdynia.pl\/index.php\/wp-json\/wp\/v2\/media\/9698"}],"wp:attachment":[{"href":"http:\/\/klubmamgdynia.pl\/index.php\/wp-json\/wp\/v2\/media?parent=9697"}],"wp:term":[{"taxonomy":"product_cat","embeddable":true,"href":"http:\/\/klubmamgdynia.pl\/index.php\/wp-json\/wp\/v2\/product_cat?post=9697"},{"taxonomy":"product_tag","embeddable":true,"href":"http:\/\/klubmamgdynia.pl\/index.php\/wp-json\/wp\/v2\/product_tag?post=9697"}],"curies":[{"name":"wp","href":"https:\/\/api.w.org\/{rel}","templated":true}]}}