{"id":9701,"date":"2025-06-21T13:49:46","date_gmt":"2025-06-21T11:49:46","guid":{"rendered":"http:\/\/klubmamgdynia.pl\/?post_type=product&#038;p=9701"},"modified":"2026-04-28T09:50:13","modified_gmt":"2026-04-28T07:50:13","slug":"quercetti-tor-kulkowy-migoga-dzungla","status":"publish","type":"product","link":"http:\/\/klubmamgdynia.pl\/index.php\/produkt\/quercetti-tor-kulkowy-migoga-dzungla\/","title":{"rendered":"Quercetti Tor Kulkowy Migoga D\u017cungla"},"content":{"rendered":"<p>Tor kulkowy Migoga D\u017cungla Stw\u00f3rz w\u0142asne ekscytuj\u0105ce po\u0142\u0105czenia z tym \u015bwietnym zestawem konstrukcyjnym! Migoga Jungle zawieranowy okr\u0105g\u0142y element kt\u00f3ry stabilizuje powierzchni\u0119 toru. Dodatkowa wyrzutnia kulek pozwala na wyrzucenie naraz nawet do 8 kulek! Podczas zabawy mo\u017cna odtworzy\u0107 model pokazany na pude\u0142ku lub eksperymentowa\u0107 z w\u0142asnymi konstrukcjami \u0142\u0105cz\u0105c r\u00f3\u017cne klocki. Zabawka stymuluje rozw\u00f3j kreatywno\u015bci i my\u015blenia przestrzennego, kt\u00f3re jest niezb\u0119dne by budowa\u0107 trwa\u0142e konstrukcje pod odpowiednim k\u0105tem nchylenia&#8230;.<\/p>\n<h2>Quercetti Tor Kulkowy Migoga D\u017cungla Quercetti<\/h2>\n<p>rozrywka dla dzieci, najlepsze pranki na prima aprilis, prezent dla roczniaka, bajki do czytania psi patrol, imie iwo, pokemony kolorowanka<\/p>\n<p>yyyyy<\/p>\n<p>&nbsp;<\/p>\n","protected":false},"excerpt":{"rendered":"<p>Tor kulkowy Migoga D\u017cungla Stw\u00f3rz w\u0142asne ekscytuj\u0105ce po\u0142\u0105czenia z tym \u015bwietnym zestawem konstrukcyjnym! Migoga Jungle zawieranowy okr\u0105g\u0142y element kt\u00f3ry stabilizuje powierzchni\u0119 toru. Dodatkowa wyrzutnia kulek pozwala na wyrzucenie naraz nawet do 8 kulek! Podczas zabawy mo\u017cna odtworzy\u0107 model pokazany na pude\u0142ku lub eksperymentowa\u0107 z w\u0142asnymi konstrukcjami \u0142\u0105cz\u0105c r\u00f3\u017cne klocki. Zabawka stymuluje rozw\u00f3j kreatywno\u015bci i my\u015blenia [&hellip;]<\/p>\n","protected":false},"featured_media":9702,"comment_status":"closed","ping_status":"open","template":"","meta":[],"product_cat":[537,1155],"product_tag":[861,689,672,623],"class_list":["post-9701","product","type-product","status-publish","has-post-thumbnail","hentry","product_cat-pozostale-zabawki-edukacyjne","product_cat-quercetti","product_tag-jak-narysowac-psa","product_tag-linda","product_tag-trudne-zagadki-z-odpowiedziami","product_tag-zagadki-logiczne-smieszne"],"_links":{"self":[{"href":"http:\/\/klubmamgdynia.pl\/index.php\/wp-json\/wp\/v2\/product\/9701","targetHints":{"allow":["GET"]}}],"collection":[{"href":"http:\/\/klubmamgdynia.pl\/index.php\/wp-json\/wp\/v2\/product"}],"about":[{"href":"http:\/\/klubmamgdynia.pl\/index.php\/wp-json\/wp\/v2\/types\/product"}],"replies":[{"embeddable":true,"href":"http:\/\/klubmamgdynia.pl\/index.php\/wp-json\/wp\/v2\/comments?post=9701"}],"wp:featuredmedia":[{"embeddable":true,"href":"http:\/\/klubmamgdynia.pl\/index.php\/wp-json\/wp\/v2\/media\/9702"}],"wp:attachment":[{"href":"http:\/\/klubmamgdynia.pl\/index.php\/wp-json\/wp\/v2\/media?parent=9701"}],"wp:term":[{"taxonomy":"product_cat","embeddable":true,"href":"http:\/\/klubmamgdynia.pl\/index.php\/wp-json\/wp\/v2\/product_cat?post=9701"},{"taxonomy":"product_tag","embeddable":true,"href":"http:\/\/klubmamgdynia.pl\/index.php\/wp-json\/wp\/v2\/product_tag?post=9701"}],"curies":[{"name":"wp","href":"https:\/\/api.w.org\/{rel}","templated":true}]}}