{"id":9703,"date":"2018-10-29T19:08:35","date_gmt":"2018-10-29T18:08:35","guid":{"rendered":"http:\/\/klubmamgdynia.pl\/index.php\/produkt\/dresdner-essenz-gwiezdna-kapiel-skorpion-sol-do-kapieli-60g\/"},"modified":"2026-05-17T22:24:36","modified_gmt":"2026-05-17T20:24:36","slug":"dresdner-essenz-gwiezdna-kapiel-skorpion-sol-do-kapieli-60g","status":"publish","type":"product","link":"http:\/\/klubmamgdynia.pl\/index.php\/produkt\/dresdner-essenz-gwiezdna-kapiel-skorpion-sol-do-kapieli-60g\/","title":{"rendered":"Dresdner Essenz Gwiezdna K\u0105piel Skorpion S\u00f3l Do K\u0105pieli 60G"},"content":{"rendered":"<p>GWIEZDNE K\u0104PIELE s\u0105 korzystne dla Ciebie i Twojej sk\u00f3ry. Od\u015bwie\u017caj\u0105cy, delikatny zapach i kolor wody pasuj\u0105 do wody \u017cywio\u0142owej, a intensywny kompleks piel\u0119gnacyjny zapobiega wysychaniu sk\u00f3ry.SKORPION24.10-22.11Idziesz w\u0142asn\u0105 drog\u0105 i nie boisz si\u0119 wyzwa\u0144.Aby dopasowa\u0107 si\u0119 do swojego \u017cywio\u0142u wody, k\u0105piesz si\u0119 w niebieskiej wodzie ciesz\u0105c si\u0119 owocowo-s\u0142odkim zapachem, kt\u00f3ry orze\u017awia umys\u0142.K\u0105pielowe gwiazdy sprzyjaj\u0105 Tobie i Twojej sk\u00f3rze. Rozkosznie owocowy zapach i wodna barwa pasuj\u0105 do Twojego \u017cywio\u0142u wody, a intensywny kompleks piel\u0119gnacyjny chroni sk\u00f3r\u0119 przed przesuszeniem.Motto skorpiona:ROZUMIEM!Skorpion ma fascynuj\u0105c\u0105 osobowo\u015b\u0107. Zatem nic dziwnego, \u017ce jest doskona\u0142ym obserwatorem i zauwa\u017ca wi\u0119cej ni\u017c inni. Do pracy podchodzi z pasj\u0105 i ka\u017cdego dnia uczy si\u0119 czego\u015b nowego. Przy tak g\u0142\u0119bokim charakterze czasami trudno mu po prostu wy\u0142\u0105czy\u0107 my\u015bli. Weekend z wellness lub k\u0105piel w\u015br\u00f3d s\u0142odkich, owocowych zapach\u00f3w pozwoli skorpionowi na pe\u0142en relaks.nie zawiera: PEG-\u00f3w, SLES-\u00f3w i olej\u00f3w mineralnychProdukt nie zawiera mikroplastiku zgodnie ze spisem sk\u0142adnik\u00f3w, produkt wega\u0144skiSk\u0142adnikiMaris Sal, Sodium Methyl Oleoyl Taurate, Hydrated Silica, Parfum, Helianthus Annuus Hybrid Oil, Hydrolyzed Wheat Protein, Allantoin, Sodium Chloride, Sodium Sulfate, Benzyl Alcohol, Citronellol, Hexyl Cinnamal, Limonene, CI 42090, CI 16255<\/p>\n<h2>Dresdner Essenz Gwiezdna K\u0105piel Skorpion S\u00f3l Do K\u0105pieli 60G Dresdner Essenz<\/h2>\n<p>zagadki o dinozaurach, quizy znaki drogowe, andrea, zagadki o bo\u017cym narodzeniu, filmy disneya, alfabet kolorowanka, po \u0142\u0105ce biega lato tekst, ozdoby na choink\u0119 dla dzieci z papieru, kr\u00f3tkie czytanki dla dzieci do wydruku, nowe quizy do rozwi\u0105zania, god\u0142o polski do druku, kartka walentynkowa zrobiona przez dzieci, w uk\u0142adzie s\u0142onecznym, \u015bwinka peppa kolorowanka do druku<\/p>\n<p>yyyyy<\/p>\n<p>&nbsp;<\/p>\n","protected":false},"excerpt":{"rendered":"<p>GWIEZDNE K\u0104PIELE s\u0105 korzystne dla Ciebie i Twojej sk\u00f3ry. Od\u015bwie\u017caj\u0105cy, delikatny zapach i kolor wody pasuj\u0105 do wody \u017cywio\u0142owej, a intensywny kompleks piel\u0119gnacyjny zapobiega wysychaniu sk\u00f3ry.SKORPION24.10-22.11Idziesz w\u0142asn\u0105 drog\u0105 i nie boisz si\u0119 wyzwa\u0144.Aby dopasowa\u0107 si\u0119 do swojego \u017cywio\u0142u wody, k\u0105piesz si\u0119 w niebieskiej wodzie ciesz\u0105c si\u0119 owocowo-s\u0142odkim zapachem, kt\u00f3ry orze\u017awia umys\u0142.K\u0105pielowe gwiazdy sprzyjaj\u0105 Tobie i [&hellip;]<\/p>\n","protected":false},"featured_media":9704,"comment_status":"closed","ping_status":"open","template":"","meta":[],"product_cat":[1843,1844],"product_tag":[583,589,843],"class_list":["post-9703","product","type-product","status-publish","has-post-thumbnail","hentry","product_cat-dresdner-essenz","product_cat-sole-do-kapieli","product_tag-kolysanki-dla-dzieci-tekst","product_tag-prezent-dla-rocznego-dziecka","product_tag-smieszne-zagadki-dla-dzieci"],"_links":{"self":[{"href":"http:\/\/klubmamgdynia.pl\/index.php\/wp-json\/wp\/v2\/product\/9703","targetHints":{"allow":["GET"]}}],"collection":[{"href":"http:\/\/klubmamgdynia.pl\/index.php\/wp-json\/wp\/v2\/product"}],"about":[{"href":"http:\/\/klubmamgdynia.pl\/index.php\/wp-json\/wp\/v2\/types\/product"}],"replies":[{"embeddable":true,"href":"http:\/\/klubmamgdynia.pl\/index.php\/wp-json\/wp\/v2\/comments?post=9703"}],"wp:featuredmedia":[{"embeddable":true,"href":"http:\/\/klubmamgdynia.pl\/index.php\/wp-json\/wp\/v2\/media\/9704"}],"wp:attachment":[{"href":"http:\/\/klubmamgdynia.pl\/index.php\/wp-json\/wp\/v2\/media?parent=9703"}],"wp:term":[{"taxonomy":"product_cat","embeddable":true,"href":"http:\/\/klubmamgdynia.pl\/index.php\/wp-json\/wp\/v2\/product_cat?post=9703"},{"taxonomy":"product_tag","embeddable":true,"href":"http:\/\/klubmamgdynia.pl\/index.php\/wp-json\/wp\/v2\/product_tag?post=9703"}],"curies":[{"name":"wp","href":"https:\/\/api.w.org\/{rel}","templated":true}]}}