{"id":9705,"date":"2014-10-23T07:01:39","date_gmt":"2014-10-23T05:01:39","guid":{"rendered":"http:\/\/klubmamgdynia.pl\/index.php\/produkt\/tomy-aquadoodle-mata-do-malowania-woda-pieczatka-e72448\/"},"modified":"2026-05-17T23:01:01","modified_gmt":"2026-05-17T21:01:01","slug":"tomy-aquadoodle-mata-do-malowania-woda-pieczatka-e72448","status":"publish","type":"product","link":"http:\/\/klubmamgdynia.pl\/index.php\/produkt\/tomy-aquadoodle-mata-do-malowania-woda-pieczatka-e72448\/","title":{"rendered":"Tomy AquaDoodle Mata do malowania wod\u0105 + piecz\u0105tka E72448"},"content":{"rendered":"<p>Rysuj bez ko\u0144ca dzi\u0119ki niesamowitemu kszta\u0142towi Aquadoodle. Nape\u0142nij pisak Aquadoodle wod\u0105 i przeci\u0105gnij go kolorowej macie, \u017ceby zobaczy\u0107, jak Twoje magiczne rysunki wygl\u0105daj\u0105. Twoje rysunki znikn\u0105, gdy woda wyschnie, wi\u0119c mo\u017cesz rysowa\u0107 bez ko\u0144ca. Mata do kszta\u0142towania i tworzenia Aquadoodle zawiera proste instrukcje rysowania wok\u00f3\u0142 kraw\u0119dzi, aby inspirowa\u0107 kreatywno\u015b\u0107 i uczy\u0107 ma\u0142e dzieci kszta\u0142t\u00f3w i podstawowych umiej\u0119tno\u015bci rysunkowych.Pocz\u0105tkuj\u0105cy arty\u015bci mog\u0105 nauczy\u0107 si\u0119 rysowa\u0107, kopiuj\u0105c karty graficzne lub u\u017cywaj\u0105c szablon\u00f3w do tworzenia obraz\u00f3w.Na macie dzieci mog\u0105 tworzy\u0107 rysunki, kt\u00f3re powstaj\u0105 dzi\u0119ki specjalnemu wodnemu flamastrowi. Wystarczy wykorzysta\u0107 do tego troch\u0119 wody. Mata Aquadoodle zapewnia kreatywn\u0105 oraz czyst\u0105 zabaw\u0119 &#8211; magiczne rysunki po chwili znikaj\u0105.Mata wodna Aquadoodle do rysunk\u00f3w dla wszystkich kreatywnych dzieci, kt\u00f3re rozpoczynaj\u0105 przygod\u0119 z rysowaniem!Mata wodna to doskona\u0142e rozwi\u0105zanie dla pocz\u0105tkuj\u0105cych artyst\u00f3w, zapewni czyst\u0105 zabaw\u0119 bez chlapania i brudzenia niezmywalnymi pisakami lub farb\u0105!Mata posiada du\u017c\u0105 powierzchni\u0119 do rysowania.W zestawie znajduj\u0119 si\u0119:MataMagiczny pisakG\u0142\u00f3wne cechy produktu:Producent TomyDla dzieci od 12 miesi\u0105ca \u017cyciaMata wodna Aquadoodle do rysunk\u00f3w dla wszystkich kreatywnych dzieciDoskona\u0142e rozwi\u0105zanie dla pocz\u0105tkuj\u0105cych artyst\u00f3wZapewnia kreatywn\u0105 oraz czyst\u0105 zabaw\u0119Wystarczy wykorzysta\u0107 do tego troch\u0119 wodyPosiada du\u017c\u0105 powierzchni\u0119 do rysowaniaWymiary maty: 48 x 36 cmWymiary opakowania: 20 x 28 x 5 cmWysoka jako\u015b\u0107 wykonania<\/p>\n<h2>Tomy AquaDoodle Mata do malowania wod\u0105 + piecz\u0105tka E72448 Tomy<\/h2>\n<p>li\u015bcie jesienne szablon, oliwier, po \u0142\u0105ce biega lato tekst, zaproszenia urodzinowe do wydruku chomikuj, lego ninjago kolorowanki, zagadki s\u0142owne, kanapeczki na urodziny dziecka, mapa europy do druku, kolorowanki kotki do druku, prezent na roczek dla chlopca, zagadki o owocach, quizy ma\u0142y ksi\u0105\u017c\u0119, wzruszaj\u0105ce s\u0142owa dla przyjaciela, jak narysowa\u0107 \u017cab\u0119, opowiadanie o miko\u0142aju dla przedszkolak\u00f3w, ko\u0142ysanki tekst, karolcia test z lektury, \u0142amig\u0142\u00f3wki dla 4 latka do druku<\/p>\n<p>yyyyy<\/p>\n<p>&nbsp;<\/p>\n","protected":false},"excerpt":{"rendered":"<p>Rysuj bez ko\u0144ca dzi\u0119ki niesamowitemu kszta\u0142towi Aquadoodle. Nape\u0142nij pisak Aquadoodle wod\u0105 i przeci\u0105gnij go kolorowej macie, \u017ceby zobaczy\u0107, jak Twoje magiczne rysunki wygl\u0105daj\u0105. Twoje rysunki znikn\u0105, gdy woda wyschnie, wi\u0119c mo\u017cesz rysowa\u0107 bez ko\u0144ca. Mata do kszta\u0142towania i tworzenia Aquadoodle zawiera proste instrukcje rysowania wok\u00f3\u0142 kraw\u0119dzi, aby inspirowa\u0107 kreatywno\u015b\u0107 i uczy\u0107 ma\u0142e dzieci kszta\u0142t\u00f3w i [&hellip;]<\/p>\n","protected":false},"featured_media":9706,"comment_status":"closed","ping_status":"open","template":"","meta":[],"product_cat":[1327,21],"product_tag":[664,584,652,588],"class_list":["post-9705","product","type-product","status-publish","has-post-thumbnail","hentry","product_cat-tomy","product_cat-zabawki-plastyczne","product_tag-atrakcje-dla-dzieci-trojmiasto","product_tag-liwia","product_tag-otto","product_tag-wzruszajace-slowa-dla-przyjaciela"],"_links":{"self":[{"href":"http:\/\/klubmamgdynia.pl\/index.php\/wp-json\/wp\/v2\/product\/9705","targetHints":{"allow":["GET"]}}],"collection":[{"href":"http:\/\/klubmamgdynia.pl\/index.php\/wp-json\/wp\/v2\/product"}],"about":[{"href":"http:\/\/klubmamgdynia.pl\/index.php\/wp-json\/wp\/v2\/types\/product"}],"replies":[{"embeddable":true,"href":"http:\/\/klubmamgdynia.pl\/index.php\/wp-json\/wp\/v2\/comments?post=9705"}],"wp:featuredmedia":[{"embeddable":true,"href":"http:\/\/klubmamgdynia.pl\/index.php\/wp-json\/wp\/v2\/media\/9706"}],"wp:attachment":[{"href":"http:\/\/klubmamgdynia.pl\/index.php\/wp-json\/wp\/v2\/media?parent=9705"}],"wp:term":[{"taxonomy":"product_cat","embeddable":true,"href":"http:\/\/klubmamgdynia.pl\/index.php\/wp-json\/wp\/v2\/product_cat?post=9705"},{"taxonomy":"product_tag","embeddable":true,"href":"http:\/\/klubmamgdynia.pl\/index.php\/wp-json\/wp\/v2\/product_tag?post=9705"}],"curies":[{"name":"wp","href":"https:\/\/api.w.org\/{rel}","templated":true}]}}