{"id":9707,"date":"2016-08-23T21:05:33","date_gmt":"2016-08-23T19:05:33","guid":{"rendered":"http:\/\/klubmamgdynia.pl\/index.php\/produkt\/epoch-aquabeads-pracownia-dla-poczatkujacych-31608\/"},"modified":"2026-05-17T20:53:53","modified_gmt":"2026-05-17T18:53:53","slug":"epoch-aquabeads-pracownia-dla-poczatkujacych-31608","status":"publish","type":"product","link":"http:\/\/klubmamgdynia.pl\/index.php\/produkt\/epoch-aquabeads-pracownia-dla-poczatkujacych-31608\/","title":{"rendered":"Epoch Aquabeads Pracownia Dla Pocz\u0105tkuj\u0105cych 31608"},"content":{"rendered":"<p>Aquabeads Pracownia dla pocz\u0105tkuj\u0105cych zestaw 31608<\/p>\n<p>Ka\u017cda ma\u0142a artystka chce tworzy\u0107 swoje ma\u0142e arcydzie\u0142a &#8211; pracownia dla pocz\u0105tkuj\u0105cych umo\u017cliwi przygotowanie niesamowitych dzie\u0142 sztuki za pomoc\u0105 r\u00f3\u017cnokolorowych koralik\u00f3w! Por\u0119czne pude\u0142ko mie\u015bci w sobie wszystkie niezb\u0119dne do tego przedmioty, co sprawia, \u017ce zestaw mo\u017cna zabra\u0107 ze sob\u0105 w ka\u017cde miejsce! Do dyspozycji jest a\u017c 800 koralik\u00f3w w 12 kolorach, dzi\u0119ki czemu artystka b\u0119dzie mia\u0142a okazj\u0119 do zabawy nawet z przyjaci\u00f3\u0142kami i zapewnione kreatywne zaj\u0119cie na wiele godzin!                            <\/p>\n<p>Kilka<br \/>\nkropli wody i gotowe!<\/p>\n<p>Tworzenie<br \/>\nkoralikowych dzie\u0142 sztuki jest niezwykle proste i bezpieczne &#8211; jedyne, czego<br \/>\npotrzebuje ma\u0142a artystka to wyobra\u017ania i kilka kropli wody! Po wybraniu<br \/>\nszablonu i u\u0142o\u017ceniu koralik\u00f3w na podk\u0142adce wystaczy spryska\u0107 wz\u00f3r, by otrzyma\u0107<br \/>\ngotowe arcydzie\u0142o. W przyp\u0142ywie weny tw\u00f3rczej dziewczynka mo\u017ce komponowa\u0107<br \/>\nw\u0142asne obrazki b\u0105d\u017a korzysta\u0107 z szablon\u00f3w wielokrotnego u\u017cytku.                            <\/p>\n<p>            Kompatybilne z innymi zestawami Aquabeads<\/p>\n<p>Pracownia<br \/>\ndla pocz\u0105tkuj\u0105cych to nie tylko uk\u0142adanie w\u0142asnych kompozycji! Dziecko mo\u017ce<br \/>\ntworzy\u0107 wymarzone postacie i wykorzystywa\u0107 je do odgrywania scenek, dekorowa\u0107<br \/>\nsw\u00f3j pok\u00f3j b\u0105d\u017a przygotowywa\u0107 niepowtarzalne prezenty dla bliskich. Oryginalny<br \/>\nbreloczek, ozdoba szkolnego plecaka, czy pi\u00f3rnika &#8211; wszystko to b\u0119dzie mo\u017cliwe<br \/>\ndo przygotowania. Kiedy artystka zechce zwi\u0119kszy\u0107 swoj\u0105 kolekcj\u0119 i rozbudowa\u0107<br \/>\npracownie mo\u017ce si\u0119gn\u0105\u0107 po &#8222;Kuferk artystki&#8221;, kt\u00f3ry pomie\u015bci w sobie<br \/>\nr\u00f3wnie\u017c zestaw dla pocz\u0105tkuj\u0105cych. To idealne rozwi\u0105zanie, by zach\u0119ci\u0107 pociech\u0119<br \/>\ndo kreatywnych zabaw!                            <\/p>\n<p>            Zawarto\u015b\u0107 zestawu<\/p>\n<p>Zestaw<br \/>\nzawiera 800 koralik\u00f3w w 12 kolorach, spryskiwacz do sklejania koralik\u00f3w,<br \/>\npor\u0119czny aplikator do uk\u0142adania koralik\u00f3w, 4 arkusze z szablonami oraz<br \/>\ninstrukcje. Wszystko to jest umieszczone w niezwykle por\u0119cznym pude\u0142ku w<br \/>\nkszta\u0142cie gwiazdy.<\/p>\n<h2>Epoch Aquabeads Pracownia Dla Pocz\u0105tkuj\u0105cych 31608 Epoch<\/h2>\n<p>basen warszawa, kolorowanki super zings, starodawne \u017cyczenia bo\u017conarodzeniowe, gry i zabawy dla dzieci<\/p>\n<p>yyyyy<\/p>\n<p>&nbsp;<\/p>\n","protected":false},"excerpt":{"rendered":"<p>Aquabeads Pracownia dla pocz\u0105tkuj\u0105cych zestaw 31608 Ka\u017cda ma\u0142a artystka chce tworzy\u0107 swoje ma\u0142e arcydzie\u0142a &#8211; pracownia dla pocz\u0105tkuj\u0105cych umo\u017cliwi przygotowanie niesamowitych dzie\u0142 sztuki za pomoc\u0105 r\u00f3\u017cnokolorowych koralik\u00f3w! Por\u0119czne pude\u0142ko mie\u015bci w sobie wszystkie niezb\u0119dne do tego przedmioty, co sprawia, \u017ce zestaw mo\u017cna zabra\u0107 ze sob\u0105 w ka\u017cde miejsce! Do dyspozycji jest a\u017c 800 koralik\u00f3w w [&hellip;]<\/p>\n","protected":false},"featured_media":9708,"comment_status":"closed","ping_status":"open","template":"","meta":[],"product_cat":[263,21],"product_tag":[603,864,583,657],"class_list":["post-9707","product","type-product","status-publish","has-post-thumbnail","hentry","product_cat-epoch","product_cat-zabawki-plastyczne","product_tag-bajki-do-czytania","product_tag-basen-warszawa","product_tag-kolysanki-dla-dzieci-tekst","product_tag-lol-kolorowanka"],"_links":{"self":[{"href":"http:\/\/klubmamgdynia.pl\/index.php\/wp-json\/wp\/v2\/product\/9707","targetHints":{"allow":["GET"]}}],"collection":[{"href":"http:\/\/klubmamgdynia.pl\/index.php\/wp-json\/wp\/v2\/product"}],"about":[{"href":"http:\/\/klubmamgdynia.pl\/index.php\/wp-json\/wp\/v2\/types\/product"}],"replies":[{"embeddable":true,"href":"http:\/\/klubmamgdynia.pl\/index.php\/wp-json\/wp\/v2\/comments?post=9707"}],"wp:featuredmedia":[{"embeddable":true,"href":"http:\/\/klubmamgdynia.pl\/index.php\/wp-json\/wp\/v2\/media\/9708"}],"wp:attachment":[{"href":"http:\/\/klubmamgdynia.pl\/index.php\/wp-json\/wp\/v2\/media?parent=9707"}],"wp:term":[{"taxonomy":"product_cat","embeddable":true,"href":"http:\/\/klubmamgdynia.pl\/index.php\/wp-json\/wp\/v2\/product_cat?post=9707"},{"taxonomy":"product_tag","embeddable":true,"href":"http:\/\/klubmamgdynia.pl\/index.php\/wp-json\/wp\/v2\/product_tag?post=9707"}],"curies":[{"name":"wp","href":"https:\/\/api.w.org\/{rel}","templated":true}]}}