{"id":9709,"date":"2024-02-16T09:49:44","date_gmt":"2024-02-16T08:49:44","guid":{"rendered":"http:\/\/klubmamgdynia.pl\/?post_type=product&#038;p=9709"},"modified":"2026-04-20T11:31:06","modified_gmt":"2026-04-20T09:31:06","slug":"bright-starts-zabawka-muzyczna-i-swiecaca-light-giggle-drum-6-36-m-521792","status":"publish","type":"product","link":"http:\/\/klubmamgdynia.pl\/index.php\/produkt\/bright-starts-zabawka-muzyczna-i-swiecaca-light-giggle-drum-6-36-m-521792\/","title":{"rendered":"Bright starts Zabawka muzyczna i \u015bwiec\u0105ca Light &amp; Giggle Drum 6-36 m (521792)"},"content":{"rendered":"<p>BRIGHT STARTS Zabawka muzyczna i\u00a0\u015bwiec\u0105caLight &amp; Giggle Drum\u2122 6\u201336\u00a0mOpis:Ta \u015bwietna zabawka-b\u0119benek zaskoczy Twoje dziecko muzycznym pokazem, kt\u00f3ryrozpocznie si\u0119, gdy dziecko zapuka w b\u0119benek zabawki. W innym trybie, zabawkab\u0119dzie odpowiada\u0142a kolorowym mruganiem \u015bwiate\u0142ek za ka\u017cdym uderzeniem wb\u0119benek. Bardzo ergonomiczna r\u0119koje\u015b\u0107.Rozmiar i\u00a0specyfikacja:rozmiary produktu: 24,1\u00a0\u00d7\u00a011,4\u00a0\u00d7\u00a02\u00ad5,4cmodpowiednie dla dzieci od 6\u00a0miesi\u0105ca do 3\u00a0latwymaga baterii 3\u00d7 AA, kt\u00f3re s\u0105 cz\u0119\u015bci\u0105 zestawu<\/p>\n<h2>Bright starts Zabawka muzyczna i \u015bwiec\u0105ca Light &amp; Giggle Drum 6-36 m (521792) Bright Starts<\/h2>\n<p>traktor do druku, pomys\u0142y na prezent dla nastolatk\u00f3w, test z lektury pies kt\u00f3ry je\u017adzi\u0142 kolej\u0105, prezent dla 7 latka, pozytywne cytaty mama cytaty, co kupi\u0107 na roczek, platformy edukacyjne dla dzieci, pa\u0144stwa europy i ich stolice quiz, rezolutna dziewczynka z wiersza tuwima, zagadki dla dzieci 10-12 lat, milena, \u0142amig\u0142\u00f3wki matematyczne<\/p>\n<p>yyyyy<\/p>\n<p>&nbsp;<\/p>\n","protected":false},"excerpt":{"rendered":"<p>BRIGHT STARTS Zabawka muzyczna i\u00a0\u015bwiec\u0105caLight &amp; Giggle Drum\u2122 6\u201336\u00a0mOpis:Ta \u015bwietna zabawka-b\u0119benek zaskoczy Twoje dziecko muzycznym pokazem, kt\u00f3ryrozpocznie si\u0119, gdy dziecko zapuka w b\u0119benek zabawki. W innym trybie, zabawkab\u0119dzie odpowiada\u0142a kolorowym mruganiem \u015bwiate\u0142ek za ka\u017cdym uderzeniem wb\u0119benek. Bardzo ergonomiczna r\u0119koje\u015b\u0107.Rozmiar i\u00a0specyfikacja:rozmiary produktu: 24,1\u00a0\u00d7\u00a011,4\u00a0\u00d7\u00a02\u00ad5,4cmodpowiednie dla dzieci od 6\u00a0miesi\u0105ca do 3\u00a0latwymaga baterii 3\u00d7 AA, kt\u00f3re s\u0105 cz\u0119\u015bci\u0105 zestawu [&hellip;]<\/p>\n","protected":false},"featured_media":9710,"comment_status":"closed","ping_status":"open","template":"","meta":[],"product_cat":[1600,155],"product_tag":[836,803,604],"class_list":["post-9709","product","type-product","status-publish","has-post-thumbnail","hentry","product_cat-bright-starts","product_cat-zabawki-muzyczne","product_tag-co-kupic-dziecku-na-roczek","product_tag-szlaczki-do-druku","product_tag-zagadki-trudne"],"_links":{"self":[{"href":"http:\/\/klubmamgdynia.pl\/index.php\/wp-json\/wp\/v2\/product\/9709","targetHints":{"allow":["GET"]}}],"collection":[{"href":"http:\/\/klubmamgdynia.pl\/index.php\/wp-json\/wp\/v2\/product"}],"about":[{"href":"http:\/\/klubmamgdynia.pl\/index.php\/wp-json\/wp\/v2\/types\/product"}],"replies":[{"embeddable":true,"href":"http:\/\/klubmamgdynia.pl\/index.php\/wp-json\/wp\/v2\/comments?post=9709"}],"wp:featuredmedia":[{"embeddable":true,"href":"http:\/\/klubmamgdynia.pl\/index.php\/wp-json\/wp\/v2\/media\/9710"}],"wp:attachment":[{"href":"http:\/\/klubmamgdynia.pl\/index.php\/wp-json\/wp\/v2\/media?parent=9709"}],"wp:term":[{"taxonomy":"product_cat","embeddable":true,"href":"http:\/\/klubmamgdynia.pl\/index.php\/wp-json\/wp\/v2\/product_cat?post=9709"},{"taxonomy":"product_tag","embeddable":true,"href":"http:\/\/klubmamgdynia.pl\/index.php\/wp-json\/wp\/v2\/product_tag?post=9709"}],"curies":[{"name":"wp","href":"https:\/\/api.w.org\/{rel}","templated":true}]}}