{"id":9711,"date":"2016-09-07T21:45:19","date_gmt":"2016-09-07T19:45:19","guid":{"rendered":"http:\/\/klubmamgdynia.pl\/index.php\/produkt\/kids-concept-brazowa-lampa-wiszaca\/"},"modified":"2026-04-06T16:35:14","modified_gmt":"2026-04-06T14:35:14","slug":"kids-concept-brazowa-lampa-wiszaca","status":"publish","type":"product","link":"http:\/\/klubmamgdynia.pl\/index.php\/produkt\/kids-concept-brazowa-lampa-wiszaca\/","title":{"rendered":"Kids Concept Br\u0105zowa Lampa Wisz\u0105ca"},"content":{"rendered":"<p>Sztruksowy aba\u017cur do lampy sufitowej. Lampa sufitowa emituje przyjemne \u015bwiat\u0142o, a w ca\u0142ym pokoju dzieci\u0119cym i jest uroczym elementem wystroju wn\u0119trza. Stalowy aba\u017cur pokryty 100% bawe\u0142n\u0105. Kabel nie jest do\u0142\u0105czony (dost\u0119pny oddzielnie).Moc \u017car\u00f3wki: Wymaga \u017car\u00f3wki E27 max. 40 W. Nie zawiera \u017car\u00f3wki.Materia\u0142: 90% bawe\u0142na, 10% poliester, drewno kauczukoweWymiary lampy:wysoko\u015b\u0107 20 cm\u015brednica klosza 30 cmWymiary opakowania:wysoko\u015b\u0107 20 cmszeroko\u015b\u0107 30 c..<\/p>\n<h2>Kids Concept Br\u0105zowa Lampa Wisz\u0105ca Kids Concept<\/h2>\n<p>zagadki logiczne dla doros\u0142ych, zaj\u0119cia wielkanocne dla dzieci, rozrywka dla dzieci, platformy edukacyjne dla dzieci, dziecko cytaty z\u0142ote my\u015bli, spiderman kolorowanka, gry edukacyjne dla dzieci online za darmo, prezent dla 7 latki, wycinanki dla dzieci do druku, cytaty o przyja\u017ani, jak zrobi\u0107 wulkan, zagadki przyrodnicze, ozdoby \u015bwi\u0105teczne z rolek po papierze toaletowym, zgadywanki, zagadki logiczne \u015bmieszne, jednorozec z dyni, kr\u00f3tkie zagadki dla dzieci, zagadki dla dzieci 7 lat<\/p>\n<p>yyyyy<\/p>\n<p>&nbsp;<\/p>\n","protected":false},"excerpt":{"rendered":"<p>Sztruksowy aba\u017cur do lampy sufitowej. Lampa sufitowa emituje przyjemne \u015bwiat\u0142o, a w ca\u0142ym pokoju dzieci\u0119cym i jest uroczym elementem wystroju wn\u0119trza. Stalowy aba\u017cur pokryty 100% bawe\u0142n\u0105. Kabel nie jest do\u0142\u0105czony (dost\u0119pny oddzielnie).Moc \u017car\u00f3wki: Wymaga \u017car\u00f3wki E27 max. 40 W. Nie zawiera \u017car\u00f3wki.Materia\u0142: 90% bawe\u0142na, 10% poliester, drewno kauczukoweWymiary lampy:wysoko\u015b\u0107 20 cm\u015brednica klosza 30 cmWymiary opakowania:wysoko\u015b\u0107 [&hellip;]<\/p>\n","protected":false},"featured_media":9712,"comment_status":"closed","ping_status":"open","template":"","meta":[],"product_cat":[281,138],"product_tag":[596,764,770,733],"class_list":["post-9711","product","type-product","status-publish","has-post-thumbnail","hentry","product_cat-kids-concept","product_cat-lampki-dzieciece","product_tag-pomysly-na-prima-aprilis","product_tag-prezenty-na-roczek-dla-dziewczynki","product_tag-samolot-z-papieru","product_tag-zarty-na-prima-aprilis"],"_links":{"self":[{"href":"http:\/\/klubmamgdynia.pl\/index.php\/wp-json\/wp\/v2\/product\/9711","targetHints":{"allow":["GET"]}}],"collection":[{"href":"http:\/\/klubmamgdynia.pl\/index.php\/wp-json\/wp\/v2\/product"}],"about":[{"href":"http:\/\/klubmamgdynia.pl\/index.php\/wp-json\/wp\/v2\/types\/product"}],"replies":[{"embeddable":true,"href":"http:\/\/klubmamgdynia.pl\/index.php\/wp-json\/wp\/v2\/comments?post=9711"}],"wp:featuredmedia":[{"embeddable":true,"href":"http:\/\/klubmamgdynia.pl\/index.php\/wp-json\/wp\/v2\/media\/9712"}],"wp:attachment":[{"href":"http:\/\/klubmamgdynia.pl\/index.php\/wp-json\/wp\/v2\/media?parent=9711"}],"wp:term":[{"taxonomy":"product_cat","embeddable":true,"href":"http:\/\/klubmamgdynia.pl\/index.php\/wp-json\/wp\/v2\/product_cat?post=9711"},{"taxonomy":"product_tag","embeddable":true,"href":"http:\/\/klubmamgdynia.pl\/index.php\/wp-json\/wp\/v2\/product_tag?post=9711"}],"curies":[{"name":"wp","href":"https:\/\/api.w.org\/{rel}","templated":true}]}}