{"id":9713,"date":"2024-10-13T05:12:37","date_gmt":"2024-10-13T03:12:37","guid":{"rendered":"http:\/\/klubmamgdynia.pl\/?post_type=product&#038;p=9713"},"modified":"2026-04-26T18:07:38","modified_gmt":"2026-04-26T16:07:38","slug":"doris-koszyk-marketowy-wozek-na-zakupy-80-el-717290-zabawka","status":"publish","type":"product","link":"http:\/\/klubmamgdynia.pl\/index.php\/produkt\/doris-koszyk-marketowy-wozek-na-zakupy-80-el-717290-zabawka\/","title":{"rendered":"Doris Koszyk Marketowy W\u00f3zek Na Zakupy 80 El. 717290 &#8211; Zabawka"},"content":{"rendered":"<p>W\u00d3zEK MARKETOWY z zAKUPAMI 80 el. Fantastyczny w\u00f3zeczek marketowy z koszyczkiem do przewo\u017cenia r\u00f3\u017cnych rozmaito\u015bci, idealnie nadaje si\u0119 do zabawy w sklep zar\u00f3wno dla dziewczynki jak i ch\u0142opczyka. Wykonany z bardzo dobrej jako\u015bci tworzywa, przez co zabawa b\u0119dzie bezpieczna dla Twojej Pociechy Produkty do\u0142\u0105czone do zabawki (imitacje &#8211; \u0142\u0105cznie 80 element\u00f3w): &#8211; jedzenia: jajka, warzywa, owoce &#8211; pude\u0142ka z ciastkami, czekoladami, sokami, kawa, piza &#8211; kartoniki z napojami, mleko Wymiary: wysoko\u015b\u0107 z r\u0105czk\u0105 ok. 7 cm szeroko\u015b\u0107 ok. 24 cm d\u0142ugo\u015b\u0107 ok. 42 cm Wymiary opakowania 51 cm x 45 cm x 8,5 cm. zabawka bardzo \u0142atwa do monta\u017cu, polecamy!<\/p>\n<h2>Doris Koszyk Marketowy W\u00f3zek Na Zakupy 80 El. 717290 &#8211; Zabawka Doris<\/h2>\n<p>smok wawelski bajka, piosenki dla dzieci o jesieni, felix net i nika oraz gang niewidzialnych ludzi pytania i odpowiedzi, koty kolorowanki do druku, zaproszenie do druku<\/p>\n<p>yyyyy<\/p>\n<p>&nbsp;<\/p>\n","protected":false},"excerpt":{"rendered":"<p>W\u00d3zEK MARKETOWY z zAKUPAMI 80 el. Fantastyczny w\u00f3zeczek marketowy z koszyczkiem do przewo\u017cenia r\u00f3\u017cnych rozmaito\u015bci, idealnie nadaje si\u0119 do zabawy w sklep zar\u00f3wno dla dziewczynki jak i ch\u0142opczyka. Wykonany z bardzo dobrej jako\u015bci tworzywa, przez co zabawa b\u0119dzie bezpieczna dla Twojej Pociechy Produkty do\u0142\u0105czone do zabawki (imitacje &#8211; \u0142\u0105cznie 80 element\u00f3w): &#8211; jedzenia: jajka, warzywa, [&hellip;]<\/p>\n","protected":false},"featured_media":9714,"comment_status":"closed","ping_status":"open","template":"","meta":[],"product_cat":[338,53],"product_tag":[834,848,753,849,694],"class_list":["post-9713","product","type-product","status-publish","has-post-thumbnail","hentry","product_cat-doris","product_cat-kaciki-zabaw","product_tag-bajka-do-czytania-na-dobranoc","product_tag-cytat-o-rodzinie","product_tag-kamila","product_tag-zagadki-matematyczne-dla-dzieci","product_tag-zagadki-swiateczne-dla-dzieci"],"_links":{"self":[{"href":"http:\/\/klubmamgdynia.pl\/index.php\/wp-json\/wp\/v2\/product\/9713","targetHints":{"allow":["GET"]}}],"collection":[{"href":"http:\/\/klubmamgdynia.pl\/index.php\/wp-json\/wp\/v2\/product"}],"about":[{"href":"http:\/\/klubmamgdynia.pl\/index.php\/wp-json\/wp\/v2\/types\/product"}],"replies":[{"embeddable":true,"href":"http:\/\/klubmamgdynia.pl\/index.php\/wp-json\/wp\/v2\/comments?post=9713"}],"wp:featuredmedia":[{"embeddable":true,"href":"http:\/\/klubmamgdynia.pl\/index.php\/wp-json\/wp\/v2\/media\/9714"}],"wp:attachment":[{"href":"http:\/\/klubmamgdynia.pl\/index.php\/wp-json\/wp\/v2\/media?parent=9713"}],"wp:term":[{"taxonomy":"product_cat","embeddable":true,"href":"http:\/\/klubmamgdynia.pl\/index.php\/wp-json\/wp\/v2\/product_cat?post=9713"},{"taxonomy":"product_tag","embeddable":true,"href":"http:\/\/klubmamgdynia.pl\/index.php\/wp-json\/wp\/v2\/product_tag?post=9713"}],"curies":[{"name":"wp","href":"https:\/\/api.w.org\/{rel}","templated":true}]}}