{"id":9715,"date":"2022-01-11T15:12:46","date_gmt":"2022-01-11T14:12:46","guid":{"rendered":"http:\/\/klubmamgdynia.pl\/index.php\/produkt\/doris-creative-mosaic-panel-261el-klocki-ukladanka-z-wiertarka-zabawka\/"},"modified":"2026-05-17T22:05:43","modified_gmt":"2026-05-17T20:05:43","slug":"doris-creative-mosaic-panel-261el-klocki-ukladanka-z-wiertarka-zabawka","status":"publish","type":"product","link":"http:\/\/klubmamgdynia.pl\/index.php\/produkt\/doris-creative-mosaic-panel-261el-klocki-ukladanka-z-wiertarka-zabawka\/","title":{"rendered":"Doris Creative Mosaic Panel 261El. Klocki Uk\u0142adanka Z Wiertark\u0105 &#8211; Zabawka"},"content":{"rendered":"<p>Creativ Magic Panel 261 el. zaskoczy Ci\u0119 swoj\u0105 wszechstronno\u015bci\u0105 i jako\u015bci\u0105. Wszystkie cz\u0119\u015bci wykonane s\u0105 z trwa\u0142ego, wysokiej jako\u015bci i bezpiecznego tworzywa sztucznego. Tw\u00f3rczy mozaikowy projektant mozaiki pomaga rozwija\u0107 ruchliwo\u015b\u0107 d\u0142oni, wyobra\u017ani\u0119 i postrzeganie kolor\u00f3w u dziecka. Zestaw zawiera p\u0142yty, r\u00f3\u017cne cz\u0119\u015bci, \u015bruby, \u015brubokr\u0119t. -Za pomoc\u0105 \u015brub i wierte\u0142 mo\u017cesz tworzy\u0107 kolorowe wzory. -\u015arubokr\u0119t dzia\u0142a w trybie dokr\u0119cania i odkr\u0119cania \u015brub . \u015arubokr\u0119t wymaga 2 baterii AA 1,5 V (brak w zestawie) -Rozwija logik\u0119, doskona\u0142e umiej\u0119tno\u015bci motoryczne, wytrwa\u0142o\u015b\u0107, wyobra\u017ani\u0119 dziecka. Sk\u0142ad zestawu: -\u015arubki (do trzymania konstrukcji przestrzennych) -Gwo\u017adzie (do tworzenia obrazk\u00f3w na panelu) -Elementy uk\u0142adanki (k\u00f3\u0142ka, tr\u00f3jk\u0105ty, kwadraty) -Ko\u0142a z\u0119bate (do przykr\u0119cania) -2 x zwierz\u0105tka &#8211; cz\u0119\u015bci do z\u0142o\u017cenia (lew i krokodyl) -Wkr\u0119tarka -\u015arubokr\u0119t -Klucz -Instrukcja z przyk\u0142adowymi wzorami do u\u0142o\u017cenia -Wygodne pude\u0142ko z pokrywk\u0105, kt\u00f3rego jedna strona stanowi podstaw\u0119 do monta\u017cu mozaiki. Wymiary: Kuferek: 29x24x6 cm Wiek: 3+<\/p>\n<h2>Doris Creative Mosaic Panel 261El. Klocki Uk\u0142adanka Z Wiertark\u0105 &#8211; Zabawka Doris<\/h2>\n<p>m\u0105dre cytaty dla dzieci, kolorowanka do druku super zings, loga samochod\u00f3w, kolorowanka ninjago, rzadkie imiona \u017ce\u0144skie polskie, samochwa\u0142a, bajka dla niemowlaka, atrakcje wroc\u0142aw i okolice, znaki drogowe do druku, nadia imi\u0119, bajki dla dzieci za darmo, parasol szablon do wydruku, cytat z ma\u0142ego ksi\u0119cia o przyja\u017ani, \u015bwi\u0105teczne filmy familijne, by\u0142a sobie \u017cabka ma\u0142a tekst, na roczek dla dziewczynki, rysunki do druku, test dynastia mizio\u0142k\u00f3w, malowanie kamieni<\/p>\n<p>yyyyy<\/p>\n<p>&nbsp;<\/p>\n","protected":false},"excerpt":{"rendered":"<p>Creativ Magic Panel 261 el. zaskoczy Ci\u0119 swoj\u0105 wszechstronno\u015bci\u0105 i jako\u015bci\u0105. Wszystkie cz\u0119\u015bci wykonane s\u0105 z trwa\u0142ego, wysokiej jako\u015bci i bezpiecznego tworzywa sztucznego. Tw\u00f3rczy mozaikowy projektant mozaiki pomaga rozwija\u0107 ruchliwo\u015b\u0107 d\u0142oni, wyobra\u017ani\u0119 i postrzeganie kolor\u00f3w u dziecka. Zestaw zawiera p\u0142yty, r\u00f3\u017cne cz\u0119\u015bci, \u015bruby, \u015brubokr\u0119t. -Za pomoc\u0105 \u015brub i wierte\u0142 mo\u017cesz tworzy\u0107 kolorowe wzory. -\u015arubokr\u0119t dzia\u0142a [&hellip;]<\/p>\n","protected":false},"featured_media":9716,"comment_status":"closed","ping_status":"open","template":"","meta":[],"product_cat":[338,53],"product_tag":[702,686,598,609,693],"class_list":["post-9715","product","type-product","status-publish","has-post-thumbnail","hentry","product_cat-doris","product_cat-kaciki-zabaw","product_tag-co-kupic-na-roczek-dla-dziewczynki","product_tag-co-na-roczek-dla-chlopca","product_tag-co-na-roczek-dla-dziewczynki","product_tag-quiz-flagi-europy","product_tag-zagadki-dla-doroslych"],"_links":{"self":[{"href":"http:\/\/klubmamgdynia.pl\/index.php\/wp-json\/wp\/v2\/product\/9715","targetHints":{"allow":["GET"]}}],"collection":[{"href":"http:\/\/klubmamgdynia.pl\/index.php\/wp-json\/wp\/v2\/product"}],"about":[{"href":"http:\/\/klubmamgdynia.pl\/index.php\/wp-json\/wp\/v2\/types\/product"}],"replies":[{"embeddable":true,"href":"http:\/\/klubmamgdynia.pl\/index.php\/wp-json\/wp\/v2\/comments?post=9715"}],"wp:featuredmedia":[{"embeddable":true,"href":"http:\/\/klubmamgdynia.pl\/index.php\/wp-json\/wp\/v2\/media\/9716"}],"wp:attachment":[{"href":"http:\/\/klubmamgdynia.pl\/index.php\/wp-json\/wp\/v2\/media?parent=9715"}],"wp:term":[{"taxonomy":"product_cat","embeddable":true,"href":"http:\/\/klubmamgdynia.pl\/index.php\/wp-json\/wp\/v2\/product_cat?post=9715"},{"taxonomy":"product_tag","embeddable":true,"href":"http:\/\/klubmamgdynia.pl\/index.php\/wp-json\/wp\/v2\/product_tag?post=9715"}],"curies":[{"name":"wp","href":"https:\/\/api.w.org\/{rel}","templated":true}]}}