{"id":9717,"date":"2022-06-24T20:50:35","date_gmt":"2022-06-24T18:50:35","guid":{"rendered":"http:\/\/klubmamgdynia.pl\/index.php\/produkt\/jokomisiada-auto-na-akumulator-ford-policja-megafon-pa0225\/"},"modified":"2026-04-06T06:45:18","modified_gmt":"2026-04-06T04:45:18","slug":"jokomisiada-auto-na-akumulator-ford-policja-megafon-pa0225","status":"publish","type":"product","link":"http:\/\/klubmamgdynia.pl\/index.php\/produkt\/jokomisiada-auto-na-akumulator-ford-policja-megafon-pa0225\/","title":{"rendered":"Jokomisiada Auto Na Akumulator Ford Policja + Megafon PA0225"},"content":{"rendered":"<p>Autko dla dziecka, Zdalnie sterowany samoch\u00f3d na pilota dla dziecka, Ford Ranger Raptor, Jeep, koguty policyjne, Pickup, radiow\u00f3z, samoch\u00f3d policyjny<\/p>\n<h2>Jokomisiada Auto Na Akumulator Ford Policja + Megafon PA0225 Jokomisiada<\/h2>\n<p>sentencje o dzieciach, iwo, mini zoo mazowieckie, maska kota do druku, kolorowanki lego friends, prezenty urodzinowe dla nastolatk\u00f3w, kolorowanki star wars, europa stolice quiz<\/p>\n<p>yyyyy<\/p>\n<p>&nbsp;<\/p>\n","protected":false},"excerpt":{"rendered":"<p>Autko dla dziecka, Zdalnie sterowany samoch\u00f3d na pilota dla dziecka, Ford Ranger Raptor, Jeep, koguty policyjne, Pickup, radiow\u00f3z, samoch\u00f3d policyjny Jokomisiada Auto Na Akumulator Ford Policja + Megafon PA0225 Jokomisiada sentencje o dzieciach, iwo, mini zoo mazowieckie, maska kota do druku, kolorowanki lego friends, prezenty urodzinowe dla nastolatk\u00f3w, kolorowanki star wars, europa stolice quiz yyyyy [&hellip;]<\/p>\n","protected":false},"featured_media":9718,"comment_status":"closed","ping_status":"open","template":"","meta":[],"product_cat":[131,24],"product_tag":[705,824,653,782],"class_list":["post-9717","product","type-product","status-publish","has-post-thumbnail","hentry","product_cat-jokomisiada","product_cat-samochody-dla-dzieci","product_tag-prezent-na-roczek-dla-chlopca","product_tag-warszawa-atrakcje-dla-dzieci","product_tag-warszawa-dla-dzieci","product_tag-zagadki-dla-dzieci-z-odpowiedziami"],"_links":{"self":[{"href":"http:\/\/klubmamgdynia.pl\/index.php\/wp-json\/wp\/v2\/product\/9717","targetHints":{"allow":["GET"]}}],"collection":[{"href":"http:\/\/klubmamgdynia.pl\/index.php\/wp-json\/wp\/v2\/product"}],"about":[{"href":"http:\/\/klubmamgdynia.pl\/index.php\/wp-json\/wp\/v2\/types\/product"}],"replies":[{"embeddable":true,"href":"http:\/\/klubmamgdynia.pl\/index.php\/wp-json\/wp\/v2\/comments?post=9717"}],"wp:featuredmedia":[{"embeddable":true,"href":"http:\/\/klubmamgdynia.pl\/index.php\/wp-json\/wp\/v2\/media\/9718"}],"wp:attachment":[{"href":"http:\/\/klubmamgdynia.pl\/index.php\/wp-json\/wp\/v2\/media?parent=9717"}],"wp:term":[{"taxonomy":"product_cat","embeddable":true,"href":"http:\/\/klubmamgdynia.pl\/index.php\/wp-json\/wp\/v2\/product_cat?post=9717"},{"taxonomy":"product_tag","embeddable":true,"href":"http:\/\/klubmamgdynia.pl\/index.php\/wp-json\/wp\/v2\/product_tag?post=9717"}],"curies":[{"name":"wp","href":"https:\/\/api.w.org\/{rel}","templated":true}]}}