{"id":972,"date":"2011-07-05T08:51:33","date_gmt":"2011-07-05T06:51:33","guid":{"rendered":"http:\/\/klubmamgdynia.pl\/index.php\/produkt\/chicco-chicco-odstraszacz-komarow-do-kontaktu\/"},"modified":"2026-04-06T01:07:22","modified_gmt":"2026-04-05T23:07:22","slug":"chicco-chicco-odstraszacz-komarow-do-kontaktu","status":"publish","type":"product","link":"http:\/\/klubmamgdynia.pl\/index.php\/produkt\/chicco-chicco-odstraszacz-komarow-do-kontaktu\/","title":{"rendered":"Chicco Chicco. Odstraszacz Komar\u00f3w Do Kontaktu."},"content":{"rendered":"<p>Skuteczne dzia\u0142anie:Odstraszacz komar\u00f3w Chicco to produkt uznanego producenta produkt\u00f3w dla dzieci. Chicco ultrad\u017awi\u0119kowy odstraszacz komar\u00f3w jest urz\u0105dzeniem cichym i ekologicznym pozostaj\u0105cym bez zapachu, bez u\u017cycia \u015brodk\u00f3w chemicznych, bez negatywnego wp\u0142ywu na ludzi. Odstraszacz komar\u00f3w Chicco charakteryzuje si\u0119 niskim zu\u017cyciem energii. Zwalczanie komar\u00f3w nigdy nie by\u0142o tak proste. Odstraszacz komar\u00f3w mo\u017ce by\u0107 u\u017cywany zar\u00f3wno wewn\u0105trz pomieszcze\u0144 jak i na zewn\u0105trz. Nie wydziela toksycznych substancji, jest bezpieczny dla dzieci i \u015brodowiska. Odstraszacz na komary zosta\u0142 wyprodukowany zgodnie z normami UE.\u00a9 odstraszanie.pl Wszelkie Prawa Zastrze\u017cone. All Rights Reserved.<\/p>\n<h2>Chicco Chicco. Odstraszacz Komar\u00f3w Do Kontaktu. Chicco<\/h2>\n<p>quizy o flagach, kontynenty dla dzieci do druku, zabawy na dzie\u0144 dziecka w szkole, bajki do czytania na dobranoc, zagadki o wiosnie, literki dla dzieci, bajka o biedronce, wz\u00f3r dyplomu do pobrania, choinka z bibu\u0142y, karty pracy dla dzieci z ukrainy do druku<\/p>\n<p>yyyyy<\/p>\n<p>&nbsp;<\/p>\n","protected":false},"excerpt":{"rendered":"<p>Skuteczne dzia\u0142anie:Odstraszacz komar\u00f3w Chicco to produkt uznanego producenta produkt\u00f3w dla dzieci. Chicco ultrad\u017awi\u0119kowy odstraszacz komar\u00f3w jest urz\u0105dzeniem cichym i ekologicznym pozostaj\u0105cym bez zapachu, bez u\u017cycia \u015brodk\u00f3w chemicznych, bez negatywnego wp\u0142ywu na ludzi. Odstraszacz komar\u00f3w Chicco charakteryzuje si\u0119 niskim zu\u017cyciem energii. Zwalczanie komar\u00f3w nigdy nie by\u0142o tak proste. Odstraszacz komar\u00f3w mo\u017ce by\u0107 u\u017cywany zar\u00f3wno wewn\u0105trz pomieszcze\u0144 [&hellip;]<\/p>\n","protected":false},"featured_media":973,"comment_status":"closed","ping_status":"open","template":"","meta":[],"product_cat":[312,313],"product_tag":[825,784,851,606,647,701],"class_list":["post-972","product","type-product","status-publish","has-post-thumbnail","hentry","product_cat-chicco","product_cat-zwalczanie-i-odstraszanie-szkodnikow","product_tag-bajka-na-dobranoc-do-czytania","product_tag-hymn-gorniczy","product_tag-jak-narysowac-kota","product_tag-stala-pod-sniegiem","product_tag-warszawa-z-dzieckiem","product_tag-zgadywanki-dla-dzieci"],"_links":{"self":[{"href":"http:\/\/klubmamgdynia.pl\/index.php\/wp-json\/wp\/v2\/product\/972","targetHints":{"allow":["GET"]}}],"collection":[{"href":"http:\/\/klubmamgdynia.pl\/index.php\/wp-json\/wp\/v2\/product"}],"about":[{"href":"http:\/\/klubmamgdynia.pl\/index.php\/wp-json\/wp\/v2\/types\/product"}],"replies":[{"embeddable":true,"href":"http:\/\/klubmamgdynia.pl\/index.php\/wp-json\/wp\/v2\/comments?post=972"}],"wp:featuredmedia":[{"embeddable":true,"href":"http:\/\/klubmamgdynia.pl\/index.php\/wp-json\/wp\/v2\/media\/973"}],"wp:attachment":[{"href":"http:\/\/klubmamgdynia.pl\/index.php\/wp-json\/wp\/v2\/media?parent=972"}],"wp:term":[{"taxonomy":"product_cat","embeddable":true,"href":"http:\/\/klubmamgdynia.pl\/index.php\/wp-json\/wp\/v2\/product_cat?post=972"},{"taxonomy":"product_tag","embeddable":true,"href":"http:\/\/klubmamgdynia.pl\/index.php\/wp-json\/wp\/v2\/product_tag?post=972"}],"curies":[{"name":"wp","href":"https:\/\/api.w.org\/{rel}","templated":true}]}}