{"id":9721,"date":"2022-05-20T00:45:51","date_gmt":"2022-05-19T22:45:51","guid":{"rendered":"http:\/\/klubmamgdynia.pl\/index.php\/produkt\/pinypon-laleczka-z-blond-wlosami-i-pomaranczowe-akcesoria\/"},"modified":"2026-04-12T16:38:02","modified_gmt":"2026-04-12T14:38:02","slug":"pinypon-laleczka-z-blond-wlosami-i-pomaranczowe-akcesoria","status":"publish","type":"product","link":"http:\/\/klubmamgdynia.pl\/index.php\/produkt\/pinypon-laleczka-z-blond-wlosami-i-pomaranczowe-akcesoria\/","title":{"rendered":"Pinypon laleczka z blond w\u0142osami i pomara\u0144czowe akcesoria"},"content":{"rendered":"<p>EPEE FPP14721 Pinypon laleczka blond w\u0142osy pomara\u0144czowe dodatki 27413 700014721Zestaw z laleczk\u0105 Pinypon i akcesoriami.Przeznaczony dla dzieci od 4 roku \u017cycia.<\/p>\n<h2>Pinypon laleczka z blond w\u0142osami i pomara\u0144czowe akcesoria Epee<\/h2>\n<p>oliwier, my little pony kolorowanki, szlaczki do druku, mamo mamusiu pusto w mym brzusiu tekst, karty matematyczne tabliczka mno\u017cenia do wydruku, karty pracy dla dzieci z ukrainy pdf, miasto dzieci pl, maska psi patrol do druku, kiedy dzieci chodz\u0105 na halloween, rzadkie imiona japo\u0144skie, zagadki matematyczne logiczne<\/p>\n<p>yyyyy<\/p>\n<p>&nbsp;<\/p>\n","protected":false},"excerpt":{"rendered":"<p>EPEE FPP14721 Pinypon laleczka blond w\u0142osy pomara\u0144czowe dodatki 27413 700014721Zestaw z laleczk\u0105 Pinypon i akcesoriami.Przeznaczony dla dzieci od 4 roku \u017cycia. Pinypon laleczka z blond w\u0142osami i pomara\u0144czowe akcesoria Epee oliwier, my little pony kolorowanki, szlaczki do druku, mamo mamusiu pusto w mym brzusiu tekst, karty matematyczne tabliczka mno\u017cenia do wydruku, karty pracy dla dzieci [&hellip;]<\/p>\n","protected":false},"featured_media":9722,"comment_status":"closed","ping_status":"open","template":"","meta":[],"product_cat":[49,95],"product_tag":[610,776,784,855,627],"class_list":["post-9721","product","type-product","status-publish","has-post-thumbnail","hentry","product_cat-epee","product_cat-figurki-makiety-i-zestawy","product_tag-co-na-prezent-dla-nastolatkow","product_tag-dobrej-nocy","product_tag-hymn-gorniczy","product_tag-nietypowe-imiona-zenskie","product_tag-quiz-dzieci-z-bullerbyn"],"_links":{"self":[{"href":"http:\/\/klubmamgdynia.pl\/index.php\/wp-json\/wp\/v2\/product\/9721","targetHints":{"allow":["GET"]}}],"collection":[{"href":"http:\/\/klubmamgdynia.pl\/index.php\/wp-json\/wp\/v2\/product"}],"about":[{"href":"http:\/\/klubmamgdynia.pl\/index.php\/wp-json\/wp\/v2\/types\/product"}],"replies":[{"embeddable":true,"href":"http:\/\/klubmamgdynia.pl\/index.php\/wp-json\/wp\/v2\/comments?post=9721"}],"wp:featuredmedia":[{"embeddable":true,"href":"http:\/\/klubmamgdynia.pl\/index.php\/wp-json\/wp\/v2\/media\/9722"}],"wp:attachment":[{"href":"http:\/\/klubmamgdynia.pl\/index.php\/wp-json\/wp\/v2\/media?parent=9721"}],"wp:term":[{"taxonomy":"product_cat","embeddable":true,"href":"http:\/\/klubmamgdynia.pl\/index.php\/wp-json\/wp\/v2\/product_cat?post=9721"},{"taxonomy":"product_tag","embeddable":true,"href":"http:\/\/klubmamgdynia.pl\/index.php\/wp-json\/wp\/v2\/product_tag?post=9721"}],"curies":[{"name":"wp","href":"https:\/\/api.w.org\/{rel}","templated":true}]}}