{"id":9723,"date":"2022-07-26T23:15:21","date_gmt":"2022-07-26T21:15:21","guid":{"rendered":"http:\/\/klubmamgdynia.pl\/index.php\/produkt\/schleich-figurka-figurka-zajaczek-wielkanocny-edycja-specjalna-z-zielonymi-uszkami\/"},"modified":"2026-04-04T01:35:26","modified_gmt":"2026-04-03T23:35:26","slug":"schleich-figurka-figurka-zajaczek-wielkanocny-edycja-specjalna-z-zielonymi-uszkami","status":"publish","type":"product","link":"http:\/\/klubmamgdynia.pl\/index.php\/produkt\/schleich-figurka-figurka-zajaczek-wielkanocny-edycja-specjalna-z-zielonymi-uszkami\/","title":{"rendered":"Schleich Figurka Figurka Zaj\u0105czek Wielkanocny Edycja Specjalna Z Zielonymi Uszkami"},"content":{"rendered":"<p>Schleich prezentuje w swojej ofercie wyj\u0105tkow\u0105 kolekcj\u0119. Na d\u017awi\u0119k s\u0142\u00f3w \u201eedycja limitowana\u201d szybciej bij\u0105 serca wszystkich kolekcjoner\u00f3w. Produkty dost\u0119pne s\u0105 tylko w ograniczonych ilo\u015bciach.Zaj\u0105czek Edycja Specjalna Zielony 72186 to figurka nawi\u0105zuj\u0105ca do tegorocznej kampanii wielkanocnej, sprzedawana tylko w ograniczonym okresie w 2022 r.<\/p>\n<h2>Schleich Figurka Figurka Zaj\u0105czek Wielkanocny Edycja Specjalna Z Zielonymi Uszkami Schleich<\/h2>\n<p>zagadki do rozwi\u0105zania, kolorowanki wakacje, tulipany kolorowanki, quiz zemsta, gabriel, oryginalny prezent dla nastolatk\u00f3w, samolot z papieru, szlaczki do druku, opisy o dzieciach, motto dla nauczyciela, zagadki logiczne na inteligencj\u0119, tajemniczy ogr\u00f3d test z lektury, test z narnii<\/p>\n<p>yyyyy<\/p>\n<p>&nbsp;<\/p>\n","protected":false},"excerpt":{"rendered":"<p>Schleich prezentuje w swojej ofercie wyj\u0105tkow\u0105 kolekcj\u0119. Na d\u017awi\u0119k s\u0142\u00f3w \u201eedycja limitowana\u201d szybciej bij\u0105 serca wszystkich kolekcjoner\u00f3w. Produkty dost\u0119pne s\u0105 tylko w ograniczonych ilo\u015bciach.Zaj\u0105czek Edycja Specjalna Zielony 72186 to figurka nawi\u0105zuj\u0105ca do tegorocznej kampanii wielkanocnej, sprzedawana tylko w ograniczonym okresie w 2022 r. Schleich Figurka Figurka Zaj\u0105czek Wielkanocny Edycja Specjalna Z Zielonymi Uszkami Schleich zagadki [&hellip;]<\/p>\n","protected":false},"featured_media":9724,"comment_status":"closed","ping_status":"open","template":"","meta":[],"product_cat":[97,952],"product_tag":[610,648,727,766,584,751],"class_list":["post-9723","product","type-product","status-publish","has-post-thumbnail","hentry","product_cat-figurki-kolekcjonerskie","product_cat-schleich","product_tag-co-na-prezent-dla-nastolatkow","product_tag-dobrej-nocy-i-sza","product_tag-godlo-polski-do-druku","product_tag-kira","product_tag-liwia","product_tag-psi-patrol-kolorowanka"],"_links":{"self":[{"href":"http:\/\/klubmamgdynia.pl\/index.php\/wp-json\/wp\/v2\/product\/9723","targetHints":{"allow":["GET"]}}],"collection":[{"href":"http:\/\/klubmamgdynia.pl\/index.php\/wp-json\/wp\/v2\/product"}],"about":[{"href":"http:\/\/klubmamgdynia.pl\/index.php\/wp-json\/wp\/v2\/types\/product"}],"replies":[{"embeddable":true,"href":"http:\/\/klubmamgdynia.pl\/index.php\/wp-json\/wp\/v2\/comments?post=9723"}],"wp:featuredmedia":[{"embeddable":true,"href":"http:\/\/klubmamgdynia.pl\/index.php\/wp-json\/wp\/v2\/media\/9724"}],"wp:attachment":[{"href":"http:\/\/klubmamgdynia.pl\/index.php\/wp-json\/wp\/v2\/media?parent=9723"}],"wp:term":[{"taxonomy":"product_cat","embeddable":true,"href":"http:\/\/klubmamgdynia.pl\/index.php\/wp-json\/wp\/v2\/product_cat?post=9723"},{"taxonomy":"product_tag","embeddable":true,"href":"http:\/\/klubmamgdynia.pl\/index.php\/wp-json\/wp\/v2\/product_tag?post=9723"}],"curies":[{"name":"wp","href":"https:\/\/api.w.org\/{rel}","templated":true}]}}