{"id":9725,"date":"2021-07-29T22:58:56","date_gmt":"2021-07-29T20:58:56","guid":{"rendered":"http:\/\/klubmamgdynia.pl\/index.php\/produkt\/motherhood-pieluszka-muslinowa-zebra-szara\/"},"modified":"2026-04-28T13:29:46","modified_gmt":"2026-04-28T11:29:46","slug":"motherhood-pieluszka-muslinowa-zebra-szara","status":"publish","type":"product","link":"http:\/\/klubmamgdynia.pl\/index.php\/produkt\/motherhood-pieluszka-muslinowa-zebra-szara\/","title":{"rendered":"Motherhood Pieluszka Mu\u015blinowa Zebra Szara"},"content":{"rendered":"<p>Pieluszki mu\u015blinowe to wyj\u0105tkowo delikatne i mi\u0119kkie pieluszki, idealne dla wra\u017cliwej sk\u00f3ry maluszka. Doskonale sprawdz\u0105 si\u0119 zw\u0142aszcza w pierwszych miesi\u0105cach \u017cycia dziecka. To niezast\u0105piony element wyprawki szpitalnej.Cechy produktu:wykonane z bawe\u0142ny mu\u015blinowej o wyj\u0105tkowo delikatnej strukturzeodpowiednie do przewijania dzieckamog\u0105 s\u0142u\u017cy\u0107 tak\u017ce jako lekkie okrycie maluszkawysokiej jako\u015bci materia\u0142 sprawia, \u017ce pieluszki wygl\u0105daj\u0105 jak nowe nawet po wielokrotnym praniuposiadaj\u0105 certyfikat Oeko-Tex Standard<\/p>\n<h2>Motherhood Pieluszka Mu\u015blinowa Zebra Szara Motherhood<\/h2>\n<p>test spos\u00f3b na alcybiadesa, dynie pozna\u0144, miastodzieci, jeremi imi\u0119, dobranoc pch\u0142y na noc, niespotykane imiona \u017ce\u0144skie, kolorowanka piesek do druku, rezolutna dziewczynka z wiersza tuwima, kolorowanka kotek do druku<\/p>\n<p>yyyyy<\/p>\n<p>&nbsp;<\/p>\n","protected":false},"excerpt":{"rendered":"<p>Pieluszki mu\u015blinowe to wyj\u0105tkowo delikatne i mi\u0119kkie pieluszki, idealne dla wra\u017cliwej sk\u00f3ry maluszka. Doskonale sprawdz\u0105 si\u0119 zw\u0142aszcza w pierwszych miesi\u0105cach \u017cycia dziecka. To niezast\u0105piony element wyprawki szpitalnej.Cechy produktu:wykonane z bawe\u0142ny mu\u015blinowej o wyj\u0105tkowo delikatnej strukturzeodpowiednie do przewijania dzieckamog\u0105 s\u0142u\u017cy\u0107 tak\u017ce jako lekkie okrycie maluszkawysokiej jako\u015bci materia\u0142 sprawia, \u017ce pieluszki wygl\u0105daj\u0105 jak nowe nawet po wielokrotnym [&hellip;]<\/p>\n","protected":false},"featured_media":9726,"comment_status":"closed","ping_status":"open","template":"","meta":[],"product_cat":[190,17],"product_tag":[827,691,706,655,701],"class_list":["post-9725","product","type-product","status-publish","has-post-thumbnail","hentry","product_cat-motherhood","product_cat-pieluchy","product_tag-bajki-dla-niemowlat","product_tag-gabriel","product_tag-imie-kuba","product_tag-najlepsze-zagadki","product_tag-zgadywanki-dla-dzieci"],"_links":{"self":[{"href":"http:\/\/klubmamgdynia.pl\/index.php\/wp-json\/wp\/v2\/product\/9725","targetHints":{"allow":["GET"]}}],"collection":[{"href":"http:\/\/klubmamgdynia.pl\/index.php\/wp-json\/wp\/v2\/product"}],"about":[{"href":"http:\/\/klubmamgdynia.pl\/index.php\/wp-json\/wp\/v2\/types\/product"}],"replies":[{"embeddable":true,"href":"http:\/\/klubmamgdynia.pl\/index.php\/wp-json\/wp\/v2\/comments?post=9725"}],"wp:featuredmedia":[{"embeddable":true,"href":"http:\/\/klubmamgdynia.pl\/index.php\/wp-json\/wp\/v2\/media\/9726"}],"wp:attachment":[{"href":"http:\/\/klubmamgdynia.pl\/index.php\/wp-json\/wp\/v2\/media?parent=9725"}],"wp:term":[{"taxonomy":"product_cat","embeddable":true,"href":"http:\/\/klubmamgdynia.pl\/index.php\/wp-json\/wp\/v2\/product_cat?post=9725"},{"taxonomy":"product_tag","embeddable":true,"href":"http:\/\/klubmamgdynia.pl\/index.php\/wp-json\/wp\/v2\/product_tag?post=9725"}],"curies":[{"name":"wp","href":"https:\/\/api.w.org\/{rel}","templated":true}]}}