{"id":9727,"date":"2021-06-11T23:21:06","date_gmt":"2021-06-11T21:21:06","guid":{"rendered":"http:\/\/klubmamgdynia.pl\/index.php\/produkt\/zabawka-do-kapieli-robot-prysznic-kubeczki-pompka\/"},"modified":"2026-04-05T23:42:50","modified_gmt":"2026-04-05T21:42:50","slug":"zabawka-do-kapieli-robot-prysznic-kubeczki-pompka","status":"publish","type":"product","link":"http:\/\/klubmamgdynia.pl\/index.php\/produkt\/zabawka-do-kapieli-robot-prysznic-kubeczki-pompka\/","title":{"rendered":"Zabawka Do K\u0105pieli Robot Prysznic Kubeczki Pompka"},"content":{"rendered":"<p>ZABAWKA DO K\u0104PIELI ROBOT PRYSZNICZabawka ma zainstalowane gumowe przyssawki, kt\u00f3re u\u0142atwiaj\u0105 jej zamontowanie w wannie.Dolna cz\u0119\u015b\u0107 zabawki musi by\u0107 zanurzona w wodzie.Naciskamy oczka zabawki, w ten spos\u00f3b woda jest pompowana do g\u00f3ry, a strumie\u0144 prysznicowy zostaje uruchomiony.Maluch mo\u017ce nalewa\u0107 wod\u0119 i przelewa\u0107 j\u0105 do pozosta\u0142ych kubeczk\u00f3w.2 kubeczki maj\u0105 sitka, trzeci wype\u0142nienie oraz wiatraczek kt\u00f3rym obraca sp\u0142ywaj\u0105ca woda.Zawarto\u015b\u0107 zestawu- prysznic nurek- 3 kubeczkiWymiary- prysznic: ok. 54 cm- kubeczki: ok. 5,5 cm x 6 cm<\/p>\n<h2>Zabawka Do K\u0105pieli Robot Prysznic Kubeczki Pompka <\/h2>\n<p>cytaty o nauczycielach, gad\u017cety dla nastolatk\u00f3w 2021, dary jesieni kolorowanki jesie\u0144, nela imi\u0119, traktor z przyczep\u0105 kolorowanka, kolorowanki lato, materac do basenu, zagadki na inteligencj\u0119, korczak cytaty, ferie warszawa 2022, m\u00f3j przyjaciel mi\u015b scenariusz zaj\u0119\u0107 w przedszkolu, kolorowanki pikachu, irma, opowie\u015bci z narni test, ubieranki do druku, choinko pi\u0119kna jak las tekst, po \u0142\u0105ce biega lato tekst, liwia, aron, znaczenie imienia marcel<\/p>\n<p>yyyyy<\/p>\n<p>&nbsp;<\/p>\n","protected":false},"excerpt":{"rendered":"<p>ZABAWKA DO K\u0104PIELI ROBOT PRYSZNICZabawka ma zainstalowane gumowe przyssawki, kt\u00f3re u\u0142atwiaj\u0105 jej zamontowanie w wannie.Dolna cz\u0119\u015b\u0107 zabawki musi by\u0107 zanurzona w wodzie.Naciskamy oczka zabawki, w ten spos\u00f3b woda jest pompowana do g\u00f3ry, a strumie\u0144 prysznicowy zostaje uruchomiony.Maluch mo\u017ce nalewa\u0107 wod\u0119 i przelewa\u0107 j\u0105 do pozosta\u0142ych kubeczk\u00f3w.2 kubeczki maj\u0105 sitka, trzeci wype\u0142nienie oraz wiatraczek kt\u00f3rym obraca [&hellip;]<\/p>\n","protected":false},"featured_media":9728,"comment_status":"closed","ping_status":"open","template":"","meta":[],"product_cat":[1498],"product_tag":[605,590,820],"class_list":["post-9727","product","type-product","status-publish","has-post-thumbnail","hentry","product_cat-zabawki-do-kapieli","product_tag-milena","product_tag-plac-zabaw-warszawa","product_tag-ziemia-wyspa-zielona-tekst"],"_links":{"self":[{"href":"http:\/\/klubmamgdynia.pl\/index.php\/wp-json\/wp\/v2\/product\/9727","targetHints":{"allow":["GET"]}}],"collection":[{"href":"http:\/\/klubmamgdynia.pl\/index.php\/wp-json\/wp\/v2\/product"}],"about":[{"href":"http:\/\/klubmamgdynia.pl\/index.php\/wp-json\/wp\/v2\/types\/product"}],"replies":[{"embeddable":true,"href":"http:\/\/klubmamgdynia.pl\/index.php\/wp-json\/wp\/v2\/comments?post=9727"}],"wp:featuredmedia":[{"embeddable":true,"href":"http:\/\/klubmamgdynia.pl\/index.php\/wp-json\/wp\/v2\/media\/9728"}],"wp:attachment":[{"href":"http:\/\/klubmamgdynia.pl\/index.php\/wp-json\/wp\/v2\/media?parent=9727"}],"wp:term":[{"taxonomy":"product_cat","embeddable":true,"href":"http:\/\/klubmamgdynia.pl\/index.php\/wp-json\/wp\/v2\/product_cat?post=9727"},{"taxonomy":"product_tag","embeddable":true,"href":"http:\/\/klubmamgdynia.pl\/index.php\/wp-json\/wp\/v2\/product_tag?post=9727"}],"curies":[{"name":"wp","href":"https:\/\/api.w.org\/{rel}","templated":true}]}}