{"id":9733,"date":"2014-08-22T12:49:11","date_gmt":"2014-08-22T10:49:11","guid":{"rendered":"http:\/\/klubmamgdynia.pl\/index.php\/produkt\/pampers-harmonie-chusteczki-nawilzane-3x42szt\/"},"modified":"2026-05-17T22:24:33","modified_gmt":"2026-05-17T20:24:33","slug":"pampers-harmonie-chusteczki-nawilzane-3x42szt","status":"publish","type":"product","link":"http:\/\/klubmamgdynia.pl\/index.php\/produkt\/pampers-harmonie-chusteczki-nawilzane-3x42szt\/","title":{"rendered":"Pampers Harmonie Chusteczki Nawil\u017cane 3X42Szt."},"content":{"rendered":"<p>Sk\u00f3ra Twojego dziecka jest bardzo delikatna i dlatego wymaga \u0142agodnego oczyszczania, zw\u0142aszcza najbardziej wra\u017cliwych cz\u0119\u015bci cia\u0142a, takich jak pupa. Chusteczki nawil\u017cane Pampers Harmonie Coco zawieraj\u0105 organiczny olej kokosowy, kt\u00f3ry nawil\u017ca i chroni delikatn\u0105 sk\u00f3r\u0119 dziecka. Nie zawieraj\u0105 tworzyw sztucznych i zosta\u0142y wykonane w 100% z w\u0142\u00f3kien ro\u015blinnych. Enzymy znajduj\u0105ce si\u0119 w moczu i kale zmieniaj\u0105 pH sk\u00f3ry, zwi\u0119kszaj\u0105c ryzyko wyst\u0105pienia podra\u017cnie\u0144 i wysypki. Wyj\u0105tkowa formu\u0142a chusteczek nawil\u017canych Pampers Harmonie Coco zosta\u0142a przebadana dermatologicznie i chroni naturalne pH sk\u00f3ry lepiej ni\u017c bawe\u0142niane p\u0142atki kosmetyczne i woda, zmniejszaj\u0105c ryzyko podra\u017cnie\u0144 sk\u00f3ry. Poniewa\u017c chusteczki Pampers Harmonie Coco zosta\u0142y zaprojektowane z my\u015bl\u0105 o delikatnej sk\u00f3rze noworodk\u00f3w, nie zawieraj\u0105 alkoholu ani barwnik\u00f3w.<\/p>\n<h2>Pampers Harmonie Chusteczki Nawil\u017cane 3X42Szt. Pampers<\/h2>\n<p>dzieci cytaty, anastazja imi\u0119, my little pony kolorowanki celestia, sentencja dla dziecka<\/p>\n<p>yyyyy<\/p>\n<p>&nbsp;<\/p>\n","protected":false},"excerpt":{"rendered":"<p>Sk\u00f3ra Twojego dziecka jest bardzo delikatna i dlatego wymaga \u0142agodnego oczyszczania, zw\u0142aszcza najbardziej wra\u017cliwych cz\u0119\u015bci cia\u0142a, takich jak pupa. Chusteczki nawil\u017cane Pampers Harmonie Coco zawieraj\u0105 organiczny olej kokosowy, kt\u00f3ry nawil\u017ca i chroni delikatn\u0105 sk\u00f3r\u0119 dziecka. Nie zawieraj\u0105 tworzyw sztucznych i zosta\u0142y wykonane w 100% z w\u0142\u00f3kien ro\u015blinnych. Enzymy znajduj\u0105ce si\u0119 w moczu i kale zmieniaj\u0105 [&hellip;]<\/p>\n","protected":false},"featured_media":9734,"comment_status":"closed","ping_status":"open","template":"","meta":[],"product_cat":[474,185],"product_tag":[707,785,774,743],"class_list":["post-9733","product","type-product","status-publish","has-post-thumbnail","hentry","product_cat-kosmetyki-dla-dzieci-i-niemowlat","product_cat-pampers","product_tag-karty-pracy-dla-dzieci-z-ukrainy","product_tag-prezent-dla-nastolatkow","product_tag-prezent-na-roczek-nie-zabawka","product_tag-quiz-dla-dzieci"],"_links":{"self":[{"href":"http:\/\/klubmamgdynia.pl\/index.php\/wp-json\/wp\/v2\/product\/9733","targetHints":{"allow":["GET"]}}],"collection":[{"href":"http:\/\/klubmamgdynia.pl\/index.php\/wp-json\/wp\/v2\/product"}],"about":[{"href":"http:\/\/klubmamgdynia.pl\/index.php\/wp-json\/wp\/v2\/types\/product"}],"replies":[{"embeddable":true,"href":"http:\/\/klubmamgdynia.pl\/index.php\/wp-json\/wp\/v2\/comments?post=9733"}],"wp:featuredmedia":[{"embeddable":true,"href":"http:\/\/klubmamgdynia.pl\/index.php\/wp-json\/wp\/v2\/media\/9734"}],"wp:attachment":[{"href":"http:\/\/klubmamgdynia.pl\/index.php\/wp-json\/wp\/v2\/media?parent=9733"}],"wp:term":[{"taxonomy":"product_cat","embeddable":true,"href":"http:\/\/klubmamgdynia.pl\/index.php\/wp-json\/wp\/v2\/product_cat?post=9733"},{"taxonomy":"product_tag","embeddable":true,"href":"http:\/\/klubmamgdynia.pl\/index.php\/wp-json\/wp\/v2\/product_tag?post=9733"}],"curies":[{"name":"wp","href":"https:\/\/api.w.org\/{rel}","templated":true}]}}