{"id":9735,"date":"2014-08-04T22:15:32","date_gmt":"2014-08-04T20:15:32","guid":{"rendered":"http:\/\/klubmamgdynia.pl\/index.php\/produkt\/brio-world-stacja-kolejowa-z-nagrywarka\/"},"modified":"2026-04-30T23:26:09","modified_gmt":"2026-04-30T21:26:09","slug":"brio-world-stacja-kolejowa-z-nagrywarka","status":"publish","type":"product","link":"http:\/\/klubmamgdynia.pl\/index.php\/produkt\/brio-world-stacja-kolejowa-z-nagrywarka\/","title":{"rendered":"Brio World Stacja Kolejowa z Nagrywark\u0105"},"content":{"rendered":"<p>BRIO World Stacja Kolejowa z Nagrywark\u0105Numer kat. 33578Stacja kolejowa z nagrywark\u0105 BRIO World to interaktywna zabawka. Nagraj sw\u00f3j w\u0142asny g\u0142os i zapowiadaj przyjazdy i odjazdy poci\u0105g\u00f3w. Dzi\u0119ki tobie pasa\u017cerowie b\u0119d\u0105 gotowi, gdy nadjedzie ich poci\u0105g. Mo\u017cesz tak\u017ce odtwarza\u0107 gotowe d\u017awi\u0119ki silnika, w\u0142\u0105czy\u0107 \u015bwiat\u0142a.Zestaw stacja kolejowa z nagrywark\u0105 zosta\u0142 wyprodukowany z drewna posiadaj\u0105cego certyfikat FSC. To wysokiej jako\u015bci produkt bezpieczny dla dzieci.Ilo\u015b\u0107 element\u00f3w: 3 .Wymiary opakowania:- szeroko\u015b\u0107: 238 mm- wysoko\u015b\u0107: 183 mm- g\u0142\u0119boko\u015b\u0107: 183 mmWymiary zabawki bez opakowania- szeroko\u015b\u0107: 234 mm- g\u0142\u0119boko\u015b\u0107: 175 mm- wysoko\u015b\u0107: 140 mm<\/p>\n<h2>Brio World Stacja Kolejowa z Nagrywark\u0105 Brio<\/h2>\n<p>wystawy dla dzieci warszawa, audiobook dla dzieci za darmo, miko\u0142ajek &#8211; test z odpowiedziami, smok wawelski kolorowanka, podchwytliwe zagadki na inteligencj\u0119, kolorowanki star wars, god\u0142o polski do druku, prezent dla dziecka na roczek, cytat z kubusia puchatka o mi\u0142o\u015bci, pytania o \u015bwi\u0119ta dla dzieci, cytaty o dzieci\u0144stwie, test ch\u0142opcy z placu broni klasa 5, prezent dla dziewczynki na roczek, co kupic na roczek, asiunia &#8211; test z lektury pdf<\/p>\n<p>yyyyy<\/p>\n<p>&nbsp;<\/p>\n","protected":false},"excerpt":{"rendered":"<p>BRIO World Stacja Kolejowa z Nagrywark\u0105Numer kat. 33578Stacja kolejowa z nagrywark\u0105 BRIO World to interaktywna zabawka. Nagraj sw\u00f3j w\u0142asny g\u0142os i zapowiadaj przyjazdy i odjazdy poci\u0105g\u00f3w. Dzi\u0119ki tobie pasa\u017cerowie b\u0119d\u0105 gotowi, gdy nadjedzie ich poci\u0105g. Mo\u017cesz tak\u017ce odtwarza\u0107 gotowe d\u017awi\u0119ki silnika, w\u0142\u0105czy\u0107 \u015bwiat\u0142a.Zestaw stacja kolejowa z nagrywark\u0105 zosta\u0142 wyprodukowany z drewna posiadaj\u0105cego certyfikat FSC. To [&hellip;]<\/p>\n","protected":false},"featured_media":9736,"comment_status":"closed","ping_status":"open","template":"","meta":[],"product_cat":[78,56],"product_tag":[614,732,803,659,694],"class_list":["post-9735","product","type-product","status-publish","has-post-thumbnail","hentry","product_cat-brio","product_cat-kolejki","product_tag-pia","product_tag-prezent-dla-rocznego-chlopca","product_tag-szlaczki-do-druku","product_tag-tupu-tup-po-sniegu-tekst","product_tag-zagadki-swiateczne-dla-dzieci"],"_links":{"self":[{"href":"http:\/\/klubmamgdynia.pl\/index.php\/wp-json\/wp\/v2\/product\/9735","targetHints":{"allow":["GET"]}}],"collection":[{"href":"http:\/\/klubmamgdynia.pl\/index.php\/wp-json\/wp\/v2\/product"}],"about":[{"href":"http:\/\/klubmamgdynia.pl\/index.php\/wp-json\/wp\/v2\/types\/product"}],"replies":[{"embeddable":true,"href":"http:\/\/klubmamgdynia.pl\/index.php\/wp-json\/wp\/v2\/comments?post=9735"}],"wp:featuredmedia":[{"embeddable":true,"href":"http:\/\/klubmamgdynia.pl\/index.php\/wp-json\/wp\/v2\/media\/9736"}],"wp:attachment":[{"href":"http:\/\/klubmamgdynia.pl\/index.php\/wp-json\/wp\/v2\/media?parent=9735"}],"wp:term":[{"taxonomy":"product_cat","embeddable":true,"href":"http:\/\/klubmamgdynia.pl\/index.php\/wp-json\/wp\/v2\/product_cat?post=9735"},{"taxonomy":"product_tag","embeddable":true,"href":"http:\/\/klubmamgdynia.pl\/index.php\/wp-json\/wp\/v2\/product_tag?post=9735"}],"curies":[{"name":"wp","href":"https:\/\/api.w.org\/{rel}","templated":true}]}}