{"id":9737,"date":"2024-01-20T11:09:49","date_gmt":"2024-01-20T10:09:49","guid":{"rendered":"http:\/\/klubmamgdynia.pl\/?post_type=product&#038;p=9737"},"modified":"2026-05-17T21:29:04","modified_gmt":"2026-05-17T19:29:04","slug":"clementoni-laboratorium-mechaniki-smok","status":"publish","type":"product","link":"http:\/\/klubmamgdynia.pl\/index.php\/produkt\/clementoni-laboratorium-mechaniki-smok\/","title":{"rendered":"Clementoni Laboratorium Mechaniki Smok"},"content":{"rendered":"<p>Zbuduj przera\u017caj\u0105cego smoka, kt\u00f3ry wydaje si\u0119 unosi\u0107 w powietrzu dzi\u0119ki zasadzie TENSEGRITY, gdzie nast\u0119puje wzajemna stabilizacja element\u00f3w rozci\u0105ganych i \u015bciskanych.Si\u0142y rozci\u0105gaj\u0105ce i \u015bciskaj\u0105ce s\u0105 po\u0142\u0105czone w celu zapewnienia stabilno\u015bci i wytrzyma\u0142o\u015bci obiektu.Rezultatem jest niesamowita iluzja optyczna, kt\u00f3ra przeciwstawia si\u0119 grawitacji, przekszta\u0142caj\u0105c zwyk\u0142e obiekty w p\u0142ywaj\u0105ce struktury.Zestaw konstrukcyjnyEfekt WOW: wydaje si\u0119 unosi\u0107!Darmowa aplikacja z interaktywnymi instrukcjami 3DEAN: 8005125507061G\u0142\u0119boko\u015b\u0107: 62.000000ISBN: 8005125507061Rodzaj: Zabawkiseria: Laboratorium mechaniki &#8211; smok 50706Szeroko\u015b\u0107: 393Wydawnictwo: ClementoniWysoko\u015b\u0107: 278<\/p>\n<h2>Clementoni Laboratorium Mechaniki Smok Clementoni<\/h2>\n<p>test szatan z si\u00f3dmej klasy, ewelina, bajki na dobranoc psi patrol, filmy wigilijne dla dzieci, asiunia &#8211; test z lektury pdf, pomys\u0142 na prezent dla nastolatki, mini kanapki dla dzieci, rzadkie imiona \u017ce\u0144skie polskie, kajko i kokosz szko\u0142a latania &#8211; test do wydruku<\/p>\n<p>yyyyy<\/p>\n<p>&nbsp;<\/p>\n","protected":false},"excerpt":{"rendered":"<p>Zbuduj przera\u017caj\u0105cego smoka, kt\u00f3ry wydaje si\u0119 unosi\u0107 w powietrzu dzi\u0119ki zasadzie TENSEGRITY, gdzie nast\u0119puje wzajemna stabilizacja element\u00f3w rozci\u0105ganych i \u015bciskanych.Si\u0142y rozci\u0105gaj\u0105ce i \u015bciskaj\u0105ce s\u0105 po\u0142\u0105czone w celu zapewnienia stabilno\u015bci i wytrzyma\u0142o\u015bci obiektu.Rezultatem jest niesamowita iluzja optyczna, kt\u00f3ra przeciwstawia si\u0119 grawitacji, przekszta\u0142caj\u0105c zwyk\u0142e obiekty w p\u0142ywaj\u0105ce struktury.Zestaw konstrukcyjnyEfekt WOW: wydaje si\u0119 unosi\u0107!Darmowa aplikacja z interaktywnymi instrukcjami [&hellip;]<\/p>\n","protected":false},"featured_media":9738,"comment_status":"closed","ping_status":"open","template":"","meta":[],"product_cat":[163,113],"product_tag":[611,671,686,661,709],"class_list":["post-9737","product","type-product","status-publish","has-post-thumbnail","hentry","product_cat-clementoni","product_cat-klocki","product_tag-bajki-do-czytania-psi-patrol","product_tag-cicha-noc-po-angielsku-tekst","product_tag-co-na-roczek-dla-chlopca","product_tag-swinka-peppa-kolorowanka","product_tag-zagadki-dla-dzieci-6-7-lat"],"_links":{"self":[{"href":"http:\/\/klubmamgdynia.pl\/index.php\/wp-json\/wp\/v2\/product\/9737","targetHints":{"allow":["GET"]}}],"collection":[{"href":"http:\/\/klubmamgdynia.pl\/index.php\/wp-json\/wp\/v2\/product"}],"about":[{"href":"http:\/\/klubmamgdynia.pl\/index.php\/wp-json\/wp\/v2\/types\/product"}],"replies":[{"embeddable":true,"href":"http:\/\/klubmamgdynia.pl\/index.php\/wp-json\/wp\/v2\/comments?post=9737"}],"wp:featuredmedia":[{"embeddable":true,"href":"http:\/\/klubmamgdynia.pl\/index.php\/wp-json\/wp\/v2\/media\/9738"}],"wp:attachment":[{"href":"http:\/\/klubmamgdynia.pl\/index.php\/wp-json\/wp\/v2\/media?parent=9737"}],"wp:term":[{"taxonomy":"product_cat","embeddable":true,"href":"http:\/\/klubmamgdynia.pl\/index.php\/wp-json\/wp\/v2\/product_cat?post=9737"},{"taxonomy":"product_tag","embeddable":true,"href":"http:\/\/klubmamgdynia.pl\/index.php\/wp-json\/wp\/v2\/product_tag?post=9737"}],"curies":[{"name":"wp","href":"https:\/\/api.w.org\/{rel}","templated":true}]}}