{"id":9739,"date":"2019-12-02T19:59:17","date_gmt":"2019-12-02T18:59:17","guid":{"rendered":"http:\/\/klubmamgdynia.pl\/index.php\/produkt\/b-toys-kula-z-pilkami-sensorycznymi-ballyhoo-kora-bx1479\/"},"modified":"2026-04-06T01:28:14","modified_gmt":"2026-04-05T23:28:14","slug":"b-toys-kula-z-pilkami-sensorycznymi-ballyhoo-kora-bx1479","status":"publish","type":"product","link":"http:\/\/klubmamgdynia.pl\/index.php\/produkt\/b-toys-kula-z-pilkami-sensorycznymi-ballyhoo-kora-bx1479\/","title":{"rendered":"B. Toys Kula Z Pi\u0142kami Sensorycznymi Ballyhoo Kora (Bx1479)"},"content":{"rendered":"<p>Pi\u0119\u0107 pi\u0142ek-maluch\u00f3w i mama kula z odpowiednimi otworami to wspania\u0142a zabawka sensoryczna dla najm\u0142odszych dzieci.<\/p>\n<h2>B. Toys Kula Z Pi\u0142kami Sensorycznymi Ballyhoo Kora (Bx1479) B.Toys<\/h2>\n<p>oliwier, olaf znaczenie imienia, piosenki dla dzieci tekst, pieski pies kolorowanka, b\u0105k ptak, \u0142amig\u0142\u00f3wki logiczne, maski karnawa\u0142owe do druku, wiosenne zagadki, trudne zagadki, kanapki na urodziny dziecka, papuga kolorowanka, pomys\u0142y na pakowanie prezent\u00f3w, halszka, pieski, tr\u00f3jmiasto atrakcje dla dzieci, jednoro\u017cec kolorowanka do druku, bajki dla noworodka, prezent dla dziecka 1 rok, psi patrol do czytania, kolorowanka ninjago, natan imi\u0119<\/p>\n<p>yyyyy<\/p>\n<p>&nbsp;<\/p>\n","protected":false},"excerpt":{"rendered":"<p>Pi\u0119\u0107 pi\u0142ek-maluch\u00f3w i mama kula z odpowiednimi otworami to wspania\u0142a zabawka sensoryczna dla najm\u0142odszych dzieci. B. Toys Kula Z Pi\u0142kami Sensorycznymi Ballyhoo Kora (Bx1479) B.Toys oliwier, olaf znaczenie imienia, piosenki dla dzieci tekst, pieski pies kolorowanka, b\u0105k ptak, \u0142amig\u0142\u00f3wki logiczne, maski karnawa\u0142owe do druku, wiosenne zagadki, trudne zagadki, kanapki na urodziny dziecka, papuga kolorowanka, pomys\u0142y [&hellip;]<\/p>\n","protected":false},"featured_media":9740,"comment_status":"closed","ping_status":"open","template":"","meta":[],"product_cat":[143,293],"product_tag":[863,865,808,703,599,633],"class_list":["post-9739","product","type-product","status-publish","has-post-thumbnail","hentry","product_cat-b-toys","product_cat-pilki-dla-dzieci","product_tag-bajki-dla-dziewczynek","product_tag-cytaty-o-dzieciach","product_tag-imie-mia","product_tag-prezent-dla-nastolatki","product_tag-prezent-dla-nastolatkow-2021","product_tag-zagadki-z-odpowiedziami"],"_links":{"self":[{"href":"http:\/\/klubmamgdynia.pl\/index.php\/wp-json\/wp\/v2\/product\/9739","targetHints":{"allow":["GET"]}}],"collection":[{"href":"http:\/\/klubmamgdynia.pl\/index.php\/wp-json\/wp\/v2\/product"}],"about":[{"href":"http:\/\/klubmamgdynia.pl\/index.php\/wp-json\/wp\/v2\/types\/product"}],"replies":[{"embeddable":true,"href":"http:\/\/klubmamgdynia.pl\/index.php\/wp-json\/wp\/v2\/comments?post=9739"}],"wp:featuredmedia":[{"embeddable":true,"href":"http:\/\/klubmamgdynia.pl\/index.php\/wp-json\/wp\/v2\/media\/9740"}],"wp:attachment":[{"href":"http:\/\/klubmamgdynia.pl\/index.php\/wp-json\/wp\/v2\/media?parent=9739"}],"wp:term":[{"taxonomy":"product_cat","embeddable":true,"href":"http:\/\/klubmamgdynia.pl\/index.php\/wp-json\/wp\/v2\/product_cat?post=9739"},{"taxonomy":"product_tag","embeddable":true,"href":"http:\/\/klubmamgdynia.pl\/index.php\/wp-json\/wp\/v2\/product_tag?post=9739"}],"curies":[{"name":"wp","href":"https:\/\/api.w.org\/{rel}","templated":true}]}}