{"id":974,"date":"2019-11-04T20:41:37","date_gmt":"2019-11-04T19:41:37","guid":{"rendered":"http:\/\/klubmamgdynia.pl\/index.php\/produkt\/mga-dream-bella-zmiana-koloru-mala-wrozka-bella-578765\/"},"modified":"2026-04-25T01:02:38","modified_gmt":"2026-04-24T23:02:38","slug":"mga-dream-bella-zmiana-koloru-mala-wrozka-bella-578765","status":"publish","type":"product","link":"http:\/\/klubmamgdynia.pl\/index.php\/produkt\/mga-dream-bella-zmiana-koloru-mala-wrozka-bella-578765\/","title":{"rendered":"MGA DREAM BELLA ZMIANA KOLORU MA\u0141A WR\u00d3\u017bKA BELLA 578765"},"content":{"rendered":"<p>MGA DREAM BELLA ZMIANA KOLORU MA\u0141A WR\u00d3\u017bKA BELLA 578765<\/p>\n<h2>MGA DREAM BELLA ZMIANA KOLORU MA\u0141A WR\u00d3\u017bKA BELLA 578765 MGA<\/h2>\n<p>maska karnawa\u0142owa pdf, quiz psi patrol, kolorowanka dla dzieci, z\u0142ote my\u015bli cytaty o szkole i nauce, test z opowie\u015bci z narnii lew czarownica i stara szafa, maski do druku kolorowe, quiz o wio\u015bnie<\/p>\n<p>yyyyy<\/p>\n<p>&nbsp;<\/p>\n","protected":false},"excerpt":{"rendered":"<p>MGA DREAM BELLA ZMIANA KOLORU MA\u0141A WR\u00d3\u017bKA BELLA 578765 MGA DREAM BELLA ZMIANA KOLORU MA\u0141A WR\u00d3\u017bKA BELLA 578765 MGA maska karnawa\u0142owa pdf, quiz psi patrol, kolorowanka dla dzieci, z\u0142ote my\u015bli cytaty o szkole i nauce, test z opowie\u015bci z narnii lew czarownica i stara szafa, maski do druku kolorowe, quiz o wio\u015bnie yyyyy &nbsp;<\/p>\n","protected":false},"featured_media":975,"comment_status":"closed","ping_status":"open","template":"","meta":[],"product_cat":[65,301],"product_tag":[766,710,709],"class_list":["post-974","product","type-product","status-publish","has-post-thumbnail","hentry","product_cat-lalki","product_cat-mga","product_tag-kira","product_tag-zagadki-dla-dzieci-10-12-lat","product_tag-zagadki-dla-dzieci-6-7-lat"],"_links":{"self":[{"href":"http:\/\/klubmamgdynia.pl\/index.php\/wp-json\/wp\/v2\/product\/974","targetHints":{"allow":["GET"]}}],"collection":[{"href":"http:\/\/klubmamgdynia.pl\/index.php\/wp-json\/wp\/v2\/product"}],"about":[{"href":"http:\/\/klubmamgdynia.pl\/index.php\/wp-json\/wp\/v2\/types\/product"}],"replies":[{"embeddable":true,"href":"http:\/\/klubmamgdynia.pl\/index.php\/wp-json\/wp\/v2\/comments?post=974"}],"wp:featuredmedia":[{"embeddable":true,"href":"http:\/\/klubmamgdynia.pl\/index.php\/wp-json\/wp\/v2\/media\/975"}],"wp:attachment":[{"href":"http:\/\/klubmamgdynia.pl\/index.php\/wp-json\/wp\/v2\/media?parent=974"}],"wp:term":[{"taxonomy":"product_cat","embeddable":true,"href":"http:\/\/klubmamgdynia.pl\/index.php\/wp-json\/wp\/v2\/product_cat?post=974"},{"taxonomy":"product_tag","embeddable":true,"href":"http:\/\/klubmamgdynia.pl\/index.php\/wp-json\/wp\/v2\/product_tag?post=974"}],"curies":[{"name":"wp","href":"https:\/\/api.w.org\/{rel}","templated":true}]}}