{"id":9741,"date":"2017-11-11T10:13:38","date_gmt":"2017-11-11T09:13:38","guid":{"rendered":"http:\/\/klubmamgdynia.pl\/index.php\/produkt\/new-york-company-puzzle-1000el-harry-potter-lustro-erised\/"},"modified":"2026-05-17T22:28:55","modified_gmt":"2026-05-17T20:28:55","slug":"new-york-company-puzzle-1000el-harry-potter-lustro-erised","status":"publish","type":"product","link":"http:\/\/klubmamgdynia.pl\/index.php\/produkt\/new-york-company-puzzle-1000el-harry-potter-lustro-erised\/","title":{"rendered":"New York Company Puzzle 1000El. Harry Potter Lustro Erised"},"content":{"rendered":"<p>Puzzle z ameryka\u0144skiej firmy New York Puzzle Company s\u0105 eko przyjazne, farba do ich produkcji jest na bazie soi, sk\u0142adaj\u0105 si\u0119 z 1000 element\u00f3w po u\u0142o\u017ceniu tworz\u0105 obraz o wymiarach 68 x 49 cm. NAZWA PUZZLE 1000 HARRY POTTER, LUSTRO ERISED PRODUCENT NEW YORK COMPANY WIEK 9+ ILO\u015a\u0106 ELEMENT\u00d3W 1000 EAN 0819844015572 Znajd\u017a podobne wed\u0142ug klucza: NEW_YORK_COMPANY PUZZLE PUZZLE_1000 (479559)<\/p>\n<h2>New York Company Puzzle 1000El. Harry Potter Lustro Erised <\/h2>\n<p>nauka zegara do druku pdf, mi\u0142o\u015b\u0107 do dziecka cytaty, zagadki matematyczne z odpowiedziami, quiz psi patrol, prezent dla 1 latka, karty matematyczne tabliczka mno\u017cenia do wydruku, dziecko cytaty, podchwytliwe zagadki<\/p>\n<p>yyyyy<\/p>\n<p>&nbsp;<\/p>\n","protected":false},"excerpt":{"rendered":"<p>Puzzle z ameryka\u0144skiej firmy New York Puzzle Company s\u0105 eko przyjazne, farba do ich produkcji jest na bazie soi, sk\u0142adaj\u0105 si\u0119 z 1000 element\u00f3w po u\u0142o\u017ceniu tworz\u0105 obraz o wymiarach 68 x 49 cm. NAZWA PUZZLE 1000 HARRY POTTER, LUSTRO ERISED PRODUCENT NEW YORK COMPANY WIEK 9+ ILO\u015a\u0106 ELEMENT\u00d3W 1000 EAN 0819844015572 Znajd\u017a podobne wed\u0142ug [&hellip;]<\/p>\n","protected":false},"featured_media":9742,"comment_status":"closed","ping_status":"open","template":"","meta":[],"product_cat":[90],"product_tag":[696,667,853,821,608],"class_list":["post-9741","product","type-product","status-publish","has-post-thumbnail","hentry","product_cat-puzzle","product_tag-film-rodzinny-o-swietach","product_tag-kolorowanka-lol","product_tag-kolorowanki-do-druku-dla-doroslych","product_tag-marianna","product_tag-zagadki-i-odpowiedzi"],"_links":{"self":[{"href":"http:\/\/klubmamgdynia.pl\/index.php\/wp-json\/wp\/v2\/product\/9741","targetHints":{"allow":["GET"]}}],"collection":[{"href":"http:\/\/klubmamgdynia.pl\/index.php\/wp-json\/wp\/v2\/product"}],"about":[{"href":"http:\/\/klubmamgdynia.pl\/index.php\/wp-json\/wp\/v2\/types\/product"}],"replies":[{"embeddable":true,"href":"http:\/\/klubmamgdynia.pl\/index.php\/wp-json\/wp\/v2\/comments?post=9741"}],"wp:featuredmedia":[{"embeddable":true,"href":"http:\/\/klubmamgdynia.pl\/index.php\/wp-json\/wp\/v2\/media\/9742"}],"wp:attachment":[{"href":"http:\/\/klubmamgdynia.pl\/index.php\/wp-json\/wp\/v2\/media?parent=9741"}],"wp:term":[{"taxonomy":"product_cat","embeddable":true,"href":"http:\/\/klubmamgdynia.pl\/index.php\/wp-json\/wp\/v2\/product_cat?post=9741"},{"taxonomy":"product_tag","embeddable":true,"href":"http:\/\/klubmamgdynia.pl\/index.php\/wp-json\/wp\/v2\/product_tag?post=9741"}],"curies":[{"name":"wp","href":"https:\/\/api.w.org\/{rel}","templated":true}]}}