{"id":9747,"date":"2024-06-14T18:50:34","date_gmt":"2024-06-14T16:50:34","guid":{"rendered":"http:\/\/klubmamgdynia.pl\/?post_type=product&#038;p=9747"},"modified":"2026-04-29T02:22:14","modified_gmt":"2026-04-29T00:22:14","slug":"mega-creative-cymbalki-8-tonowe","status":"publish","type":"product","link":"http:\/\/klubmamgdynia.pl\/index.php\/produkt\/mega-creative-cymbalki-8-tonowe\/","title":{"rendered":"Mega Creative Cymba\u0142ki 8 Tonowe"},"content":{"rendered":"<p>Zalety produktu: dziecko mo\u017ce zaznajomi\u0107 si\u0119 z r\u00f3\u017cnymi d\u017awi\u0119kami, rozwijanie zdolno\u015bci ruchowo-my\u015blowych.Cymba\u0142ki to niezb\u0119dny sprz\u0119t do nauki Muzyki w szkole i w domu.MEGA CREATIVE przygotowa\u0142o 8-tonowe Cymba\u0142ki, dzi\u0119ki kt\u00f3rym dziecko ju\u017c od najm\u0142odszych lat b\u0119dzie mog\u0142o zaznajomi\u0107 si\u0119 z d\u017awi\u0119kami.By\u0107 mo\u017ce te Cymba\u0142ki b\u0119d\u0105 pierwszym instrumentem w r\u0119kach przysz\u0142ej gwiazdy Estrady!Zawarto\u015b\u0107 zestawu: cymba\u0142ki, komplet pa\u0142eczek.Produkt przeznaczony dla dzieci w wieku: 3+.Produkt pakowany na blistrze z eurozawieszk\u0105.EAN: 5908275145455<\/p>\n<h2>Mega Creative Cymba\u0142ki 8 Tonowe Mega Creative<\/h2>\n<p>rysowanie po \u015bladzie, kolorowanka prezent, cytat o dzieciach, dorian<\/p>\n<p>yyyyy<\/p>\n<p>&nbsp;<\/p>\n","protected":false},"excerpt":{"rendered":"<p>Zalety produktu: dziecko mo\u017ce zaznajomi\u0107 si\u0119 z r\u00f3\u017cnymi d\u017awi\u0119kami, rozwijanie zdolno\u015bci ruchowo-my\u015blowych.Cymba\u0142ki to niezb\u0119dny sprz\u0119t do nauki Muzyki w szkole i w domu.MEGA CREATIVE przygotowa\u0142o 8-tonowe Cymba\u0142ki, dzi\u0119ki kt\u00f3rym dziecko ju\u017c od najm\u0142odszych lat b\u0119dzie mog\u0142o zaznajomi\u0107 si\u0119 z d\u017awi\u0119kami.By\u0107 mo\u017ce te Cymba\u0142ki b\u0119d\u0105 pierwszym instrumentem w r\u0119kach przysz\u0142ej gwiazdy Estrady!Zawarto\u015b\u0107 zestawu: cymba\u0142ki, komplet pa\u0142eczek.Produkt [&hellip;]<\/p>\n","protected":false},"featured_media":9748,"comment_status":"closed","ping_status":"open","template":"","meta":[],"product_cat":[64,155],"product_tag":[727,758,733],"class_list":["post-9747","product","type-product","status-publish","has-post-thumbnail","hentry","product_cat-mega-creative","product_cat-zabawki-muzyczne","product_tag-godlo-polski-do-druku","product_tag-julian","product_tag-zarty-na-prima-aprilis"],"_links":{"self":[{"href":"http:\/\/klubmamgdynia.pl\/index.php\/wp-json\/wp\/v2\/product\/9747","targetHints":{"allow":["GET"]}}],"collection":[{"href":"http:\/\/klubmamgdynia.pl\/index.php\/wp-json\/wp\/v2\/product"}],"about":[{"href":"http:\/\/klubmamgdynia.pl\/index.php\/wp-json\/wp\/v2\/types\/product"}],"replies":[{"embeddable":true,"href":"http:\/\/klubmamgdynia.pl\/index.php\/wp-json\/wp\/v2\/comments?post=9747"}],"wp:featuredmedia":[{"embeddable":true,"href":"http:\/\/klubmamgdynia.pl\/index.php\/wp-json\/wp\/v2\/media\/9748"}],"wp:attachment":[{"href":"http:\/\/klubmamgdynia.pl\/index.php\/wp-json\/wp\/v2\/media?parent=9747"}],"wp:term":[{"taxonomy":"product_cat","embeddable":true,"href":"http:\/\/klubmamgdynia.pl\/index.php\/wp-json\/wp\/v2\/product_cat?post=9747"},{"taxonomy":"product_tag","embeddable":true,"href":"http:\/\/klubmamgdynia.pl\/index.php\/wp-json\/wp\/v2\/product_tag?post=9747"}],"curies":[{"name":"wp","href":"https:\/\/api.w.org\/{rel}","templated":true}]}}